{"id":983,"date":"2024-09-07T10:01:41","date_gmt":"2024-09-07T08:01:41","guid":{"rendered":"https:\/\/dzikus.com.pl\/?post_type=product&#038;p=983"},"modified":"2024-09-07T10:01:41","modified_gmt":"2024-09-07T08:01:41","slug":"komplet-bars-softshell-moro-od-1c-do-15c","status":"publish","type":"product","link":"https:\/\/dzikus.com.pl\/?product=komplet-bars-softshell-moro-od-1c-do-15c","title":{"rendered":"Komplet BARS SoftShell MORO od -1\u00b0C do 15\u00b0C"},"content":{"rendered":"<h2 class=\"title\" style=\"text-align: center;\">Komplet BARS SoftShell MORO \/ MULTICAM kurtka + spodnie od -1\u00b0C do 15\u00b0C<\/h2>\n<p>&nbsp;<\/p>\n<p>Komplet uszyty jest z materia\u0142u SOFTSHELL czyli wiatroszczelnego i nieprzemakalnego materia\u0142u.<\/p>\n<p>Materia\u0142 SOFTSHELL\u00a0 nie ulega szybkiemu zniszczeniu i jest odporny na ro\u017cnego typu uszkodzenia , wytrzymuje tak\u017ce mrozy.<\/p>\n<p>Komplet sprawdzi si\u0119 dla my\u015bliwych i nie tylko.<\/p>\n<p>&nbsp;<\/p>\n<p style=\"text-align: center;\"><strong>Kurtka posiada:<\/strong><\/p>\n<ol>\n<li class=\"def\"><span class=\"def\">kaptur za \u015bci\u0105gaczem ocieplony polarem,<\/span><\/li>\n<li class=\"def\"><span class=\"def\">\u015bci\u0105gacze na dole i na r\u0119kawach.<\/span><\/li>\n<li class=\"def\"><span class=\"def\">dwustronny suwak,<\/span><\/li>\n<li class=\"def\"><span class=\"def\">chroni przed umiarkowanym deszczem i wiatrem,<\/span><\/li>\n<li class=\"def\"><span class=\"def\">rzepy do mankiet\u00f3w na r\u0119kawach,<\/span><\/li>\n<li class=\"def\"><span class=\"def\">wentylacja pod pachami regulowana suwakiem,<\/span><\/li>\n<li class=\"def\"><span class=\"def\">5 kieszeni,<\/span><\/li>\n<\/ol>\n<p>&nbsp;<\/p>\n<p style=\"text-align: center;\"><strong>Spodnie posiadaj\u0105:<\/strong><\/p>\n<ol>\n<li class=\"def\"><span class=\"def\">gum\u0119 w pasie,<\/span><\/li>\n<li class=\"def\"><span class=\"def\">zaczep do monta\u017cu r\u00f3\u017cnych akcesori\u00f3w takich jak; klucze, latarka, kompas.<\/span><\/li>\n<li class=\"def\"><span class=\"def\">odpinane i regulowane szelki,<\/span><\/li>\n<li class=\"def\"><span class=\"def\">8 kieszeni:<\/span><\/li>\n<\/ol>\n<p>&nbsp;<\/p>\n<p style=\"text-align: center;\"><strong>CHARAKTERYSTYKA:<\/strong><\/p>\n<ol>\n<li class=\"def\"><span class=\"def\">odporny na uszkodzenia,<\/span><\/li>\n<li class=\"def\"><span class=\"def\">dwustronny suwak,<\/span><\/li>\n<li class=\"def\"><span class=\"def\">odporny na wiatr i wod\u0119,<\/span><\/li>\n<li class=\"def\"><span class=\"def\">ocieplony mikro polarem,<\/span><\/li>\n<li class=\"def\"><span class=\"def\">kaptur ocieplony polarem,<\/span><\/li>\n<li class=\"def\"><span class=\"def\">rzepy do mankiet\u00f3w na r\u0119kawach,<\/span><\/li>\n<li class=\"def\"><span class=\"def\">13 kieszeni,<\/span><\/li>\n<li class=\"def\"><span class=\"def\">wygodne spodnie posiadaj\u0105ce gumk\u0119,<\/span><\/li>\n<li class=\"def\"><span class=\"def\">system wentylacji;\u00a0<\/span><span class=\"def\">4 otwory<\/span><span class=\"def\">\u00a0regulowane zamkiem (pod pachami i z ty\u0142u),<\/span><\/li>\n<li class=\"def\"><span class=\"def\">nieprzemakalny materia\u0142 przyjemny w dotyku,<\/span><\/li>\n<li class=\"def\"><span class=\"def\">wielosezonowy od -3C do +15C.<\/span><\/li>\n<\/ol>\n<p style=\"text-align: center;\"><strong>Rozmiary:<\/strong><\/p>\n<p>&nbsp;<\/p>\n<p style=\"text-align: center;\"><span class=\"def\">48-50(L)\u00a0 pasuje na wzrost 170-176 cm wag\u0119 60-70 kg<\/span><br class=\"def\" \/><span class=\"def\">52-54(XL)\u00a0 pasuje na wzrost 170-179 cm wag\u0119 70 &#8211; 87 kg<\/span><br class=\"def\" \/><span class=\"def\">56-58(XXL) pasuje na wzrost 170-182 cm wag\u0119\u00a0 87 &#8211; 95\u00a0 kg<\/span><br class=\"def\" \/><span class=\"def\">60-62(3XL) pasuje na wzrost 175-185 cm wag\u0119 95 &#8211; 105 kg<\/span><\/p>\n","protected":false},"excerpt":{"rendered":"<p>Komplet BARS SoftShell MORO \/ MULTICAM kurtka + spodnie od [&hellip;]<\/p>\n","protected":false},"featured_media":984,"template":"","meta":{"_acf_changed":false},"product_cat":[16,92,42,38],"product_tag":[],"class_list":{"0":"post-983","1":"product","2":"type-product","3":"status-publish","4":"has-post-thumbnail","6":"product_cat-odziez","7":"product_cat-kurtki","8":"product_cat-komplet-mysliwski-zimowy","9":"product_cat-spodnie","11":"first","12":"instock","13":"taxable","14":"shipping-taxable","15":"purchasable","16":"product-type-simple"},"acf":[],"jetpack_sharing_enabled":true,"_links":{"self":[{"href":"https:\/\/dzikus.com.pl\/index.php?rest_route=\/wp\/v2\/product\/983","targetHints":{"allow":["GET"]}}],"collection":[{"href":"https:\/\/dzikus.com.pl\/index.php?rest_route=\/wp\/v2\/product"}],"about":[{"href":"https:\/\/dzikus.com.pl\/index.php?rest_route=\/wp\/v2\/types\/product"}],"wp:featuredmedia":[{"embeddable":true,"href":"https:\/\/dzikus.com.pl\/index.php?rest_route=\/wp\/v2\/media\/984"}],"wp:attachment":[{"href":"https:\/\/dzikus.com.pl\/index.php?rest_route=%2Fwp%2Fv2%2Fmedia&parent=983"}],"wp:term":[{"taxonomy":"product_cat","embeddable":true,"href":"https:\/\/dzikus.com.pl\/index.php?rest_route=%2Fwp%2Fv2%2Fproduct_cat&post=983"},{"taxonomy":"product_tag","embeddable":true,"href":"https:\/\/dzikus.com.pl\/index.php?rest_route=%2Fwp%2Fv2%2Fproduct_tag&post=983"}],"curies":[{"name":"wp","href":"https:\/\/api.w.org\/{rel}","templated":true}]}}