{"id":960,"date":"2024-09-05T12:51:08","date_gmt":"2024-09-05T10:51:08","guid":{"rendered":"https:\/\/dzikus.com.pl\/?post_type=product&#038;p=960"},"modified":"2024-09-05T13:58:27","modified_gmt":"2024-09-05T11:58:27","slug":"spodnie-damskie-softshell-kamuflaz-pomaranczowe","status":"publish","type":"product","link":"https:\/\/dzikus.com.pl\/?product=spodnie-damskie-softshell-kamuflaz-pomaranczowe","title":{"rendered":"SPODNIE damskie softshell kamufla\u017c pomara\u0144czowe"},"content":{"rendered":"<h2 class=\"name\" style=\"text-align: center;\">SPODNIE damskie softshell kamufla\u017c pomara\u0144czowy<\/h2>\n<p>&nbsp;<\/p>\n<p>Spodnie zosta\u0142y wykonane z materia\u0142u TR\u00d3J-Laminatu czyli s\u0105 wodoodporne i wiatroszczelne.<\/p>\n<p>Spodnie s\u0105 skrojone tak ,aby podkre\u015bli\u0107 kobiec\u0105 sylwetk\u0119.<\/p>\n<p>Spodnie zapewniaj\u0105 ciep\u0142o i i chroni\u0105 przed przemakaniem.<\/p>\n<p>Poosiadaj\u0105 dwie kieszenie po bokach na zamek i jedna na nogawce wykonana z softshellu zamykana na zamek.<\/p>\n<p>Spodnie posiadaj\u0105 r\u00f3wnie\u017c szlufki\u00a0 dzi\u0119ki czemu mo\u017cna doda\u0107 pasek i regulowa\u0107 obw\u00f3d w pasie.<\/p>\n<p>&nbsp;<\/p>\n<p style=\"text-align: center;\"><strong>CHARAKTERYSTYKA:\u00a0<\/strong><\/p>\n<ol>\n<li>Kolor pomara\u0144czowy kamufla\u017c<\/li>\n<li>Trzy kieszenie zapinane na zamek<\/li>\n<li>Materia\u0142 SOFTSHELL wiatroszczelny i nieprzemakalny<\/li>\n<li>szlufki na pasek<\/li>\n<li>Pas regulowany gum\u0105, zapi\u0119ty na nap\u0119<\/li>\n<\/ol>\n<p>&nbsp;<\/p>\n<p style=\"text-align: center;\"><strong>TABELA WYMIAR\u00d3W:<\/strong><\/p>\n<table class=\"product-table-size\" style=\"height: 155px;\" width=\"656\" cellpadding=\"0\">\n<tbody>\n<tr>\n<th class=\"cell khaki\" scope=\"row\"><\/th>\n<th class=\"cell khaki\" scope=\"row\">S<\/th>\n<th class=\"cell khaki\" scope=\"row\">M<\/th>\n<th class=\"cell khaki\" scope=\"row\">L<\/th>\n<th class=\"cell khaki\" scope=\"row\">XL<\/th>\n<th class=\"cell khaki\" scope=\"row\">2XL<\/th>\n<th class=\"cell khaki\" scope=\"row\">3XL<\/th>\n<\/tr>\n<tr>\n<th class=\"cell\" scope=\"row\">Obw\u00f3d w pasie<\/th>\n<th class=\"cell\" scope=\"row\">76-84<\/th>\n<th class=\"cell\" scope=\"row\">86-100<\/th>\n<th class=\"cell\" scope=\"row\">92-104<\/th>\n<th class=\"cell\" scope=\"row\">98-110<\/th>\n<th class=\"cell\" scope=\"row\">102-112<\/th>\n<th class=\"cell\" scope=\"row\">110-120<\/th>\n<\/tr>\n<tr>\n<th class=\"cell\" scope=\"row\">Obw\u00f3d w biodrach<\/th>\n<th class=\"cell\" scope=\"row\">96<\/th>\n<th class=\"cell\" scope=\"row\">110<\/th>\n<th class=\"cell\" scope=\"row\">114<\/th>\n<th class=\"cell\" scope=\"row\">122<\/th>\n<th class=\"cell\" scope=\"row\">126<\/th>\n<th class=\"cell\" scope=\"row\">132<\/th>\n<\/tr>\n<tr>\n<th class=\"cell\" scope=\"row\">Stan prz\u00f3d\/ty\u0142<\/th>\n<th class=\"cell\" scope=\"row\">32\/36<\/th>\n<th class=\"cell\" scope=\"row\">34\/39<\/th>\n<th class=\"cell\" scope=\"row\">34\/40<\/th>\n<th class=\"cell\" scope=\"row\">34\/40<\/th>\n<th class=\"cell\" scope=\"row\">35\/40<\/th>\n<th class=\"cell\" scope=\"row\">35,5\/43,5<\/th>\n<\/tr>\n<tr>\n<th class=\"cell\" scope=\"row\">D\u0142ugo\u015b\u0107 zewn\u0119trzna<\/th>\n<th class=\"cell\" scope=\"row\">107<\/th>\n<th class=\"cell\" scope=\"row\">105<\/th>\n<th class=\"cell\" scope=\"row\">105<\/th>\n<th class=\"cell\" scope=\"row\">109<\/th>\n<th class=\"cell\" scope=\"row\">112<\/th>\n<th class=\"cell\" scope=\"row\">112<\/th>\n<\/tr>\n<\/tbody>\n<\/table>\n<p style=\"text-align: center;\">\u00a0Tolerancja do 1 cm<\/p>\n","protected":false},"excerpt":{"rendered":"<p>SPODNIE damskie softshell kamufla\u017c pomara\u0144czowy &nbsp; Spodnie zosta\u0142y wykonane z [&hellip;]<\/p>\n","protected":false},"featured_media":961,"template":"","meta":{"_acf_changed":false},"product_cat":[16,93,39],"product_tag":[],"class_list":{"0":"post-960","1":"product","2":"type-product","3":"status-publish","4":"has-post-thumbnail","6":"product_cat-odziez","7":"product_cat-odziez-damska","8":"product_cat-na-zbiorowke","10":"first","11":"instock","12":"taxable","13":"shipping-taxable","14":"purchasable","15":"product-type-simple"},"acf":[],"jetpack_sharing_enabled":true,"_links":{"self":[{"href":"https:\/\/dzikus.com.pl\/index.php?rest_route=\/wp\/v2\/product\/960","targetHints":{"allow":["GET"]}}],"collection":[{"href":"https:\/\/dzikus.com.pl\/index.php?rest_route=\/wp\/v2\/product"}],"about":[{"href":"https:\/\/dzikus.com.pl\/index.php?rest_route=\/wp\/v2\/types\/product"}],"wp:featuredmedia":[{"embeddable":true,"href":"https:\/\/dzikus.com.pl\/index.php?rest_route=\/wp\/v2\/media\/961"}],"wp:attachment":[{"href":"https:\/\/dzikus.com.pl\/index.php?rest_route=%2Fwp%2Fv2%2Fmedia&parent=960"}],"wp:term":[{"taxonomy":"product_cat","embeddable":true,"href":"https:\/\/dzikus.com.pl\/index.php?rest_route=%2Fwp%2Fv2%2Fproduct_cat&post=960"},{"taxonomy":"product_tag","embeddable":true,"href":"https:\/\/dzikus.com.pl\/index.php?rest_route=%2Fwp%2Fv2%2Fproduct_tag&post=960"}],"curies":[{"name":"wp","href":"https:\/\/api.w.org\/{rel}","templated":true}]}}