{"id":947,"date":"2024-09-04T21:23:30","date_gmt":"2024-09-04T19:23:30","guid":{"rendered":"https:\/\/dzikus.com.pl\/?post_type=product&#038;p=947"},"modified":"2024-09-04T21:23:31","modified_gmt":"2024-09-04T19:23:31","slug":"polar-ponente","status":"publish","type":"product","link":"https:\/\/dzikus.com.pl\/?product=polar-ponente","title":{"rendered":"Polar PONENTE"},"content":{"rendered":"<h2 style=\"text-align: center;\">Polar PONENTE<\/h2>\n<p>&nbsp;<\/p>\n<p>Polar jest stworzony dla &#8222;ZMARZLUCH\u00d3W&#8221; jest bardzo cieplutki .<\/p>\n<p>Ty\u0142 jest d\u0142u\u017cszy dzi\u0119ki czemu chroni krzy\u017c przed wych\u0142odzeniem.<\/p>\n<p>&nbsp;<\/p>\n<p style=\"text-align: center;\"><strong>CHARAKTERYSTYKA:\u00a0<\/strong><\/p>\n<ol>\n<li>Kolor ciemna oliwka<\/li>\n<li>wyko\u0144czenie antypillingowe &#8211; nie mechaci si\u0119<\/li>\n<li>lekko taliowany, d\u0142u\u017cszy kr\u00f3j<\/li>\n<li>mocny dwustronny zamek spiralny<\/li>\n<li>zamek zapi\u0119ty do ko\u0144ca tworzy st\u00f3jk\u0119\u00a0chroni\u0105c\u0105 szyj\u0119<\/li>\n<li>kaptur podw\u00f3jny- dwukolorowy<\/li>\n<\/ol>\n<p>&nbsp;<\/p>\n<p style=\"text-align: center;\"><strong>TABELA WYMIAR\u00d3W:<\/strong><\/p>\n<table class=\"product-table-size\" style=\"height: 173px;\" width=\"658\" cellpadding=\"0\">\n<tbody>\n<tr>\n<th class=\"cell khaki\" scope=\"row\"><\/th>\n<th class=\"cell khaki\" scope=\"row\"><strong>XS<\/strong><\/th>\n<th class=\"cell khaki\" scope=\"row\"><strong>S<\/strong><\/th>\n<th class=\"cell khaki\" scope=\"row\"><strong>M<\/strong><\/th>\n<th class=\"cell khaki\" scope=\"row\"><strong>L<\/strong><\/th>\n<th class=\"cell khaki\" scope=\"row\"><strong>XL<\/strong><\/th>\n<th class=\"cell khaki\" scope=\"row\"><strong>2XL<\/strong><\/th>\n<th class=\"cell khaki\" scope=\"row\"><strong>3XL<\/strong><\/th>\n<th class=\"cell khaki\" scope=\"row\"><strong>4XL<\/strong><\/th>\n<\/tr>\n<tr>\n<th class=\"cell\" scope=\"row\">D\u0142ugo\u015b\u0107 (A)<\/th>\n<th class=\"cell\" scope=\"row\">74<\/th>\n<th class=\"cell\" scope=\"row\">74<\/th>\n<th class=\"cell\" scope=\"row\">77<\/th>\n<th class=\"cell\" scope=\"row\">78<\/th>\n<th class=\"cell\" scope=\"row\">78<\/th>\n<th class=\"cell\" scope=\"row\">79<\/th>\n<th class=\"cell\" scope=\"row\">79<\/th>\n<th class=\"cell\" scope=\"row\">80<\/th>\n<\/tr>\n<tr>\n<th class=\"cell\" scope=\"row\">Obw\u00f3d\u00a0(biust) (B)<\/th>\n<th class=\"cell\" scope=\"row\">90<\/th>\n<th class=\"cell\" scope=\"row\">94<\/th>\n<th class=\"cell\" scope=\"row\">100<\/th>\n<th class=\"cell\" scope=\"row\">106<\/th>\n<th class=\"cell\" scope=\"row\">112<\/th>\n<th class=\"cell\" scope=\"row\">118<\/th>\n<th class=\"cell\" scope=\"row\">124<\/th>\n<th class=\"cell\" scope=\"row\">130<\/th>\n<\/tr>\n<tr>\n<th class=\"cell\" scope=\"row\">Biodra<\/th>\n<th class=\"cell\" scope=\"row\">90<\/th>\n<th class=\"cell\" scope=\"row\">94<\/th>\n<th class=\"cell\" scope=\"row\">100<\/th>\n<th class=\"cell\" scope=\"row\">106<\/th>\n<th class=\"cell\" scope=\"row\">112<\/th>\n<th class=\"cell\" scope=\"row\">118<\/th>\n<th class=\"cell\" scope=\"row\">124<\/th>\n<th class=\"cell\" scope=\"row\">132<\/th>\n<\/tr>\n<tr>\n<th class=\"cell\" scope=\"row\">R\u0119kaw (C)<\/th>\n<th class=\"cell\" scope=\"row\">61<\/th>\n<th class=\"cell\" scope=\"row\">62,5<\/th>\n<th class=\"cell\" scope=\"row\">63<\/th>\n<th class=\"cell\" scope=\"row\">64<\/th>\n<th class=\"cell\" scope=\"row\">64,5<\/th>\n<th class=\"cell\" scope=\"row\">65<\/th>\n<th class=\"cell\" scope=\"row\">65<\/th>\n<th class=\"cell\" scope=\"row\">65,5<\/th>\n<\/tr>\n<\/tbody>\n<\/table>\n<div>\n<div>\n<p style=\"text-align: center;\">Tolerancja do 1 cm<\/p>\n<p><img decoding=\"async\" class=\"aligncenter\" src=\"https:\/\/windrose.com.pl\/userdata\/public\/assets\/\/Przechwytywanie.PNG\" alt=\"\" width=\"315\" height=\"248\" \/><\/p>\n<\/div>\n<\/div>\n","protected":false},"excerpt":{"rendered":"<p>Polar PONENTE &nbsp; Polar jest stworzony dla &#8222;ZMARZLUCH\u00d3W&#8221; jest bardzo [&hellip;]<\/p>\n","protected":false},"featured_media":948,"template":"","meta":{"_acf_changed":false},"product_cat":[16,93],"product_tag":[],"class_list":{"0":"post-947","1":"product","2":"type-product","3":"status-publish","4":"has-post-thumbnail","6":"product_cat-odziez","7":"product_cat-odziez-damska","9":"first","10":"instock","11":"taxable","12":"shipping-taxable","13":"purchasable","14":"product-type-simple"},"acf":[],"jetpack_sharing_enabled":true,"_links":{"self":[{"href":"https:\/\/dzikus.com.pl\/index.php?rest_route=\/wp\/v2\/product\/947","targetHints":{"allow":["GET"]}}],"collection":[{"href":"https:\/\/dzikus.com.pl\/index.php?rest_route=\/wp\/v2\/product"}],"about":[{"href":"https:\/\/dzikus.com.pl\/index.php?rest_route=\/wp\/v2\/types\/product"}],"wp:featuredmedia":[{"embeddable":true,"href":"https:\/\/dzikus.com.pl\/index.php?rest_route=\/wp\/v2\/media\/948"}],"wp:attachment":[{"href":"https:\/\/dzikus.com.pl\/index.php?rest_route=%2Fwp%2Fv2%2Fmedia&parent=947"}],"wp:term":[{"taxonomy":"product_cat","embeddable":true,"href":"https:\/\/dzikus.com.pl\/index.php?rest_route=%2Fwp%2Fv2%2Fproduct_cat&post=947"},{"taxonomy":"product_tag","embeddable":true,"href":"https:\/\/dzikus.com.pl\/index.php?rest_route=%2Fwp%2Fv2%2Fproduct_tag&post=947"}],"curies":[{"name":"wp","href":"https:\/\/api.w.org\/{rel}","templated":true}]}}