{"id":939,"date":"2024-09-04T21:06:41","date_gmt":"2024-09-04T19:06:41","guid":{"rendered":"https:\/\/dzikus.com.pl\/?post_type=product&#038;p=939"},"modified":"2024-09-04T21:06:41","modified_gmt":"2024-09-04T19:06:41","slug":"polar-hybrydowy-szamal","status":"publish","type":"product","link":"https:\/\/dzikus.com.pl\/?product=polar-hybrydowy-szamal","title":{"rendered":"POLAR hybrydowy SZAMAL"},"content":{"rendered":"<h2 class=\"name\" style=\"text-align: center;\">POLAR hybrydowy SZAMAL<\/h2>\n<p>&nbsp;<\/p>\n<p>Kurtka stworzona jest dla os\u00f3b wymagaj\u0105cych, gdy\u017c zosta\u0142a wzmocniona na karczku oraz bokach softshellem.<\/p>\n<p>Ciep\u0142y i wytrzyma\u0142y materia\u0142 stworzony dla os\u00f3b aktywnych i ceni\u0105cych sobie komfort.<\/p>\n<p>Materia\u0142 jest cichy dzi\u0119ki czemu\u00a0 nie p\u0142oszy zwierzyny.<\/p>\n<p>&nbsp;<\/p>\n<p style=\"text-align: center;\"><strong>CHARAKTERYSTYKA:<\/strong><\/p>\n<ol>\n<li>Kolor zielony<\/li>\n<li><span lang=\"pl-pl\" xml:lang=\"pl-pl\">regulowany \u015bci\u0105gacz na dole<\/span><\/li>\n<li><span lang=\"pl-pl\" xml:lang=\"pl-pl\">karczek oraz boki wykonane z materia\u0142u softshell<\/span><\/li>\n<li><span lang=\"pl-pl\" xml:lang=\"pl-pl\">wysoko zachodz\u0105cy zamek tworz\u0105cy st\u00f3jk\u0119<\/span><\/li>\n<li><span lang=\"pl-pl\" xml:lang=\"pl-pl\">wyko\u0144czenie antypillingowe &#8211; nie mechaci si\u0119<\/span><\/li>\n<li><span lang=\"pl-pl\" xml:lang=\"pl-pl\">niezawodne zamki polskiej firmy<\/span><\/li>\n<\/ol>\n<p>&nbsp;<\/p>\n<p style=\"text-align: center;\"><strong>TABELA WYMIAR\u00d3W:<\/strong><\/p>\n<table class=\"product-table-size\" style=\"height: 145px;\" width=\"657\" cellpadding=\"0\">\n<tbody>\n<tr>\n<th class=\"cell khaki\" scope=\"row\"><\/th>\n<th class=\"cell khaki\" scope=\"row\"><strong>S<\/strong><\/th>\n<th class=\"cell khaki\" scope=\"row\"><strong>M<\/strong><\/th>\n<th class=\"cell khaki\" scope=\"row\"><strong>L<\/strong><\/th>\n<th class=\"cell khaki\" scope=\"row\"><strong>XL<\/strong><\/th>\n<th class=\"cell khaki\" scope=\"row\"><strong>XXL<\/strong><\/th>\n<th class=\"cell khaki\" scope=\"row\"><strong>3XL<\/strong><\/th>\n<th class=\"cell khaki\" scope=\"row\"><strong>4XL<\/strong><\/th>\n<\/tr>\n<tr>\n<th class=\"cell\" scope=\"row\">D\u0142ugo\u015b\u0107 z\u00a0przodu (A)<\/th>\n<th class=\"cell\" scope=\"row\">67,5<\/th>\n<th class=\"cell\" scope=\"row\">72<\/th>\n<th class=\"cell\" scope=\"row\">77<\/th>\n<th class=\"cell\" scope=\"row\">78<\/th>\n<th class=\"cell\" scope=\"row\">79<\/th>\n<th class=\"cell\" scope=\"row\">80<\/th>\n<th class=\"cell\" scope=\"row\">82<\/th>\n<\/tr>\n<tr>\n<th class=\"cell\" scope=\"row\">Obw\u00f3d od pachy do pachy (B)<\/th>\n<th class=\"cell\" scope=\"row\">106<\/th>\n<th class=\"cell\" scope=\"row\">114<\/th>\n<th class=\"cell\" scope=\"row\">122<\/th>\n<th class=\"cell\" scope=\"row\">128<\/th>\n<th class=\"cell\" scope=\"row\">134<\/th>\n<th class=\"cell\" scope=\"row\">140<\/th>\n<th class=\"cell\" scope=\"row\">146<\/th>\n<\/tr>\n<tr>\n<th class=\"cell\" scope=\"row\">R\u0119kaw (C)<\/th>\n<th class=\"cell\" scope=\"row\">65<\/th>\n<th class=\"cell\" scope=\"row\">66<\/th>\n<th class=\"cell\" scope=\"row\">66,5<\/th>\n<th class=\"cell\" scope=\"row\">67<\/th>\n<th class=\"cell\" scope=\"row\">68<\/th>\n<th class=\"cell\" scope=\"row\">68,5<\/th>\n<th class=\"cell\" scope=\"row\">68,5<\/th>\n<\/tr>\n<\/tbody>\n<\/table>\n<div>\n<div>\n<p style=\"text-align: center;\">Tolerancja do 1 cm<\/p>\n<p>\u00a0<img decoding=\"async\" class=\"aligncenter\" src=\"https:\/\/windrose.com.pl\/userdata\/public\/assets\/\/Przechwytywanie.PNG\" alt=\"\" width=\"250\" height=\"197\" \/><\/p>\n<\/div>\n<\/div>\n","protected":false},"excerpt":{"rendered":"<p>POLAR hybrydowy SZAMAL &nbsp; Kurtka stworzona jest dla os\u00f3b wymagaj\u0105cych, [&hellip;]<\/p>\n","protected":false},"featured_media":940,"template":"","meta":{"_acf_changed":false},"product_cat":[16,91],"product_tag":[],"class_list":{"0":"post-939","1":"product","2":"type-product","3":"status-publish","4":"has-post-thumbnail","6":"product_cat-odziez","7":"product_cat-polary","9":"first","10":"instock","11":"taxable","12":"shipping-taxable","13":"purchasable","14":"product-type-simple"},"acf":[],"jetpack_sharing_enabled":true,"_links":{"self":[{"href":"https:\/\/dzikus.com.pl\/index.php?rest_route=\/wp\/v2\/product\/939","targetHints":{"allow":["GET"]}}],"collection":[{"href":"https:\/\/dzikus.com.pl\/index.php?rest_route=\/wp\/v2\/product"}],"about":[{"href":"https:\/\/dzikus.com.pl\/index.php?rest_route=\/wp\/v2\/types\/product"}],"wp:featuredmedia":[{"embeddable":true,"href":"https:\/\/dzikus.com.pl\/index.php?rest_route=\/wp\/v2\/media\/940"}],"wp:attachment":[{"href":"https:\/\/dzikus.com.pl\/index.php?rest_route=%2Fwp%2Fv2%2Fmedia&parent=939"}],"wp:term":[{"taxonomy":"product_cat","embeddable":true,"href":"https:\/\/dzikus.com.pl\/index.php?rest_route=%2Fwp%2Fv2%2Fproduct_cat&post=939"},{"taxonomy":"product_tag","embeddable":true,"href":"https:\/\/dzikus.com.pl\/index.php?rest_route=%2Fwp%2Fv2%2Fproduct_tag&post=939"}],"curies":[{"name":"wp","href":"https:\/\/api.w.org\/{rel}","templated":true}]}}