{"id":934,"date":"2024-09-04T20:49:59","date_gmt":"2024-09-04T18:49:59","guid":{"rendered":"https:\/\/dzikus.com.pl\/?post_type=product&#038;p=934"},"modified":"2024-09-04T20:49:59","modified_gmt":"2024-09-04T18:49:59","slug":"polar-maestro-2-braz","status":"publish","type":"product","link":"https:\/\/dzikus.com.pl\/?product=polar-maestro-2-braz","title":{"rendered":"Polar MAESTRO 2 BR\u0104Z"},"content":{"rendered":"<h2 class=\"name\" style=\"text-align: center;\">Polar MAESTRO 2 BR\u0104Z<\/h2>\n<p>&nbsp;<\/p>\n<p>Polar jest bardzo ciep\u0142y i wytrzyma\u0142y. Doskonale chroni przed utrat\u0105 ciep\u0142a dlatego te\u017c \u015bwietnie sprawdzi si\u0119 na ambonach.<\/p>\n<p>Polar jest cichy co jest bardzo wa\u017cne bo nie p\u0142oszy zwierzyny.<\/p>\n<p>Polar zapewni my\u015bliwym ciep\u0142o jak i komfort\u00a0 podczas polowa\u0144 w niskich temperaturach.<\/p>\n<p>&nbsp;<\/p>\n<p style=\"text-align: center;\"><strong>CHARAKTERYSTYKA:<\/strong><\/p>\n<ol>\n<li>Kolor br\u0105zowy<\/li>\n<li>Jest lekki i bardzo ciep\u0142y<\/li>\n<li>ochrona szyi przed wiatrem dzi\u0119ki zamkowi tworz\u0105cemu st\u00f3jk\u0119<\/li>\n<li>r\u0119kawy zako\u0144czone mankietami<\/li>\n<li>wyko\u0144czenie antypillingowe &#8211; nie mechaci si\u0119<\/li>\n<li>d\u00f3\u0142 kurtki regulowany stoperami od wewn\u0105trz<\/li>\n<li>niezawodne zamki polskiej firmy w kolorze z\u0142otym<\/li>\n<\/ol>\n<p>&nbsp;<\/p>\n<p style=\"text-align: center;\"><strong>TABELA WYMIAR\u00d3W:<\/strong><\/p>\n<table class=\"product-table-size\" style=\"height: 146px;\" width=\"660\" cellpadding=\"0\">\n<tbody>\n<tr>\n<th class=\"cell khaki\" scope=\"row\"><\/th>\n<th class=\"cell khaki\" scope=\"row\"><strong>S<\/strong><\/th>\n<th class=\"cell khaki\" scope=\"row\"><strong>M<\/strong><\/th>\n<th class=\"cell khaki\" scope=\"row\"><strong>L<\/strong><\/th>\n<th class=\"cell khaki\" scope=\"row\"><strong>XL<\/strong><\/th>\n<th class=\"cell khaki\" scope=\"row\"><strong>XXL<\/strong><\/th>\n<\/tr>\n<tr>\n<th class=\"cell\" scope=\"row\">D\u0142ugo\u015b\u0107 z\u00a0przodu (A)<\/th>\n<th class=\"cell\" scope=\"row\">67,5<\/th>\n<th class=\"cell\" scope=\"row\">72<\/th>\n<th class=\"cell\" scope=\"row\">77<\/th>\n<th class=\"cell\" scope=\"row\">78<\/th>\n<th class=\"cell\" scope=\"row\">78<\/th>\n<\/tr>\n<tr>\n<th class=\"cell\" scope=\"row\">Obw\u00f3d od pachy do pachy (B)<\/th>\n<th class=\"cell\" scope=\"row\">106<\/th>\n<th class=\"cell\" scope=\"row\">114<\/th>\n<th class=\"cell\" scope=\"row\">122<\/th>\n<th class=\"cell\" scope=\"row\">130<\/th>\n<th class=\"cell\" scope=\"row\">142<\/th>\n<\/tr>\n<tr>\n<th class=\"cell\" scope=\"row\">R\u0119kaw (C)<\/th>\n<th class=\"cell\" scope=\"row\">65<\/th>\n<th class=\"cell\" scope=\"row\">66<\/th>\n<th class=\"cell\" scope=\"row\">66,5<\/th>\n<th class=\"cell\" scope=\"row\">67<\/th>\n<th class=\"cell\" scope=\"row\">67<\/th>\n<\/tr>\n<\/tbody>\n<\/table>\n<div>\n<div>\n<p style=\"text-align: center;\">Tolerancja do 1 cm<\/p>\n<p>\u00a0<img decoding=\"async\" class=\"aligncenter\" src=\"https:\/\/windrose.com.pl\/userdata\/public\/assets\/\/Przechwytywanie.PNG\" alt=\"\" width=\"250\" height=\"197\" \/><\/p>\n<\/div>\n<\/div>\n","protected":false},"excerpt":{"rendered":"<p>Polar MAESTRO 2 BR\u0104Z &nbsp; Polar jest bardzo ciep\u0142y i [&hellip;]<\/p>\n","protected":false},"featured_media":935,"template":"","meta":{"_acf_changed":false},"product_cat":[16,91],"product_tag":[],"class_list":{"0":"post-934","1":"product","2":"type-product","3":"status-publish","4":"has-post-thumbnail","6":"product_cat-odziez","7":"product_cat-polary","9":"first","10":"instock","11":"taxable","12":"shipping-taxable","13":"purchasable","14":"product-type-simple"},"acf":[],"jetpack_sharing_enabled":true,"_links":{"self":[{"href":"https:\/\/dzikus.com.pl\/index.php?rest_route=\/wp\/v2\/product\/934","targetHints":{"allow":["GET"]}}],"collection":[{"href":"https:\/\/dzikus.com.pl\/index.php?rest_route=\/wp\/v2\/product"}],"about":[{"href":"https:\/\/dzikus.com.pl\/index.php?rest_route=\/wp\/v2\/types\/product"}],"wp:featuredmedia":[{"embeddable":true,"href":"https:\/\/dzikus.com.pl\/index.php?rest_route=\/wp\/v2\/media\/935"}],"wp:attachment":[{"href":"https:\/\/dzikus.com.pl\/index.php?rest_route=%2Fwp%2Fv2%2Fmedia&parent=934"}],"wp:term":[{"taxonomy":"product_cat","embeddable":true,"href":"https:\/\/dzikus.com.pl\/index.php?rest_route=%2Fwp%2Fv2%2Fproduct_cat&post=934"},{"taxonomy":"product_tag","embeddable":true,"href":"https:\/\/dzikus.com.pl\/index.php?rest_route=%2Fwp%2Fv2%2Fproduct_tag&post=934"}],"curies":[{"name":"wp","href":"https:\/\/api.w.org\/{rel}","templated":true}]}}