{"id":903,"date":"2024-09-04T20:00:11","date_gmt":"2024-09-04T18:00:11","guid":{"rendered":"https:\/\/dzikus.com.pl\/?post_type=product&#038;p=903"},"modified":"2024-09-04T20:00:11","modified_gmt":"2024-09-04T18:00:11","slug":"kurtka-softshell-zonda-ii","status":"publish","type":"product","link":"https:\/\/dzikus.com.pl\/?product=kurtka-softshell-zonda-ii","title":{"rendered":"Kurtka Softshell ZONDA II"},"content":{"rendered":"<h2 style=\"text-align: center;\">Kurtka Softshell ZONDA II<\/h2>\n<p>&nbsp;<\/p>\n<p>Kurtka jest ciep\u0142a i chroni przed przemakaniem oraz wiatrem w trudnych warunkach atmosferycznych.<\/p>\n<p>Z zewn\u0105trz materia\u0142 \u015bliski a od wewn\u0105trz posiada polar.<\/p>\n<p>Kurtka posiada dwie sko\u015bne kieszenie u do\u0142u, trzecia kiesze\u0144 znajduje si\u0119 na lewej piersi.<\/p>\n<p>Kurtka posiada regulowany i odpinany kaptur.<\/p>\n<p>&nbsp;<\/p>\n<p style=\"text-align: center;\"><strong>CHARAKTERYSTYKA:<\/strong><\/p>\n<ol>\n<li><span lang=\"pl-pl\" xml:lang=\"pl-pl\">regulowane r\u0119kawy<\/span><\/li>\n<li><span lang=\"pl-pl\" xml:lang=\"pl-pl\">d\u00f3\u0142 regulowany stoperami<\/span><\/li>\n<li><span lang=\"pl-pl\" xml:lang=\"pl-pl\">materia\u0142 THERMO &#8211; lekki i przyjemny, a zarazem nieprzemakalny i wiatroszczelny<\/span><\/li>\n<li><span lang=\"pl-pl\" xml:lang=\"pl-pl\">trzy kieszenie na zamek<\/span><\/li>\n<li><span lang=\"pl-pl\" xml:lang=\"pl-pl\">wysoka st\u00f3jka chroni\u0105ca szyj\u0119<\/span><\/li>\n<\/ol>\n<p>&nbsp;<\/p>\n<p style=\"text-align: center;\"><strong>TABELA WYMIAR\u00d3W:<\/strong><\/p>\n<table class=\"product-table-size\" style=\"height: 183px;\" width=\"662\" cellpadding=\"0\">\n<tbody>\n<tr>\n<th class=\"cell khaki\" scope=\"row\"><\/th>\n<th class=\"cell khaki\" scope=\"row\"><strong>S<\/strong><\/th>\n<th class=\"cell khaki\" scope=\"row\"><strong>M<\/strong><\/th>\n<th class=\"cell khaki\" scope=\"row\"><strong>L<\/strong><\/th>\n<th class=\"cell khaki\" scope=\"row\"><strong>XL<\/strong><\/th>\n<th class=\"cell khaki\" scope=\"row\"><strong>XXL<\/strong><\/th>\n<th class=\"cell khaki\" scope=\"row\"><strong>3XL<\/strong><\/th>\n<th class=\"cell khaki\" scope=\"row\"><strong>4XL<\/strong><\/th>\n<\/tr>\n<tr>\n<th class=\"cell\" scope=\"row\">D\u0142ugo\u015b\u0107 z\u00a0przodu (A)<\/th>\n<th class=\"cell\" scope=\"row\">65,5<\/th>\n<th class=\"cell\" scope=\"row\">67<\/th>\n<th class=\"cell\" scope=\"row\">71<\/th>\n<th class=\"cell\" scope=\"row\">74<\/th>\n<th class=\"cell\" scope=\"row\">79<\/th>\n<th class=\"cell\" scope=\"row\">81,5<\/th>\n<th class=\"cell\" scope=\"row\">82<\/th>\n<\/tr>\n<tr>\n<th class=\"cell\" scope=\"row\">D\u0142ugo\u015b\u0107 z ty\u0142u<\/th>\n<th class=\"cell\" scope=\"row\">72,5<\/th>\n<th class=\"cell\" scope=\"row\">74,5<\/th>\n<th class=\"cell\" scope=\"row\">77,5<\/th>\n<th class=\"cell\" scope=\"row\">80<\/th>\n<th class=\"cell\" scope=\"row\">81,5<\/th>\n<th class=\"cell\" scope=\"row\">83,5<\/th>\n<th class=\"cell\" scope=\"row\">84<\/th>\n<\/tr>\n<tr>\n<th class=\"cell\" scope=\"row\">Obw\u00f3d od pachy do pachy (B)<\/th>\n<th class=\"cell\" scope=\"row\">106<\/th>\n<th class=\"cell\" scope=\"row\">112<\/th>\n<th class=\"cell\" scope=\"row\">120<\/th>\n<th class=\"cell\" scope=\"row\">128<\/th>\n<th class=\"cell\" scope=\"row\">136<\/th>\n<th class=\"cell\" scope=\"row\">144<\/th>\n<th class=\"cell\" scope=\"row\">152<\/th>\n<\/tr>\n<tr>\n<th class=\"cell\" scope=\"row\">Obw\u00f3d do\u0142em<\/th>\n<th class=\"cell\" scope=\"row\">104<\/th>\n<th class=\"cell\" scope=\"row\">108<\/th>\n<th class=\"cell\" scope=\"row\">114<\/th>\n<th class=\"cell\" scope=\"row\">122<\/th>\n<th class=\"cell\" scope=\"row\">134<\/th>\n<th class=\"cell\" scope=\"row\">142<\/th>\n<th class=\"cell\" scope=\"row\">150<\/th>\n<\/tr>\n<tr>\n<th class=\"cell\" scope=\"row\">R\u0119kaw (C)<\/th>\n<th class=\"cell\" scope=\"row\">65,5<\/th>\n<th class=\"cell\" scope=\"row\">66,5<\/th>\n<th class=\"cell\" scope=\"row\">68,5<\/th>\n<th class=\"cell\" scope=\"row\">69,5<\/th>\n<th class=\"cell\" scope=\"row\">70<\/th>\n<th class=\"cell\" scope=\"row\">70,5<\/th>\n<th class=\"cell\" scope=\"row\">71<\/th>\n<\/tr>\n<\/tbody>\n<\/table>\n<div>\n<div>\n<p style=\"text-align: center;\">Tolerancja do 1 cm<\/p>\n<p><img decoding=\"async\" class=\"aligncenter\" src=\"https:\/\/windrose.com.pl\/userdata\/public\/assets\/\/Przechwytywanie.PNG\" alt=\"\" width=\"250\" height=\"197\" \/><\/p>\n<\/div>\n<\/div>\n","protected":false},"excerpt":{"rendered":"<p>Kurtka Softshell ZONDA II &nbsp; Kurtka jest ciep\u0142a i chroni [&hellip;]<\/p>\n","protected":false},"featured_media":904,"template":"","meta":{"_acf_changed":false},"product_cat":[16,92],"product_tag":[],"class_list":{"0":"post-903","1":"product","2":"type-product","3":"status-publish","4":"has-post-thumbnail","6":"product_cat-odziez","7":"product_cat-kurtki","9":"first","10":"instock","11":"taxable","12":"shipping-taxable","13":"purchasable","14":"product-type-simple"},"acf":[],"jetpack_sharing_enabled":true,"_links":{"self":[{"href":"https:\/\/dzikus.com.pl\/index.php?rest_route=\/wp\/v2\/product\/903","targetHints":{"allow":["GET"]}}],"collection":[{"href":"https:\/\/dzikus.com.pl\/index.php?rest_route=\/wp\/v2\/product"}],"about":[{"href":"https:\/\/dzikus.com.pl\/index.php?rest_route=\/wp\/v2\/types\/product"}],"wp:featuredmedia":[{"embeddable":true,"href":"https:\/\/dzikus.com.pl\/index.php?rest_route=\/wp\/v2\/media\/904"}],"wp:attachment":[{"href":"https:\/\/dzikus.com.pl\/index.php?rest_route=%2Fwp%2Fv2%2Fmedia&parent=903"}],"wp:term":[{"taxonomy":"product_cat","embeddable":true,"href":"https:\/\/dzikus.com.pl\/index.php?rest_route=%2Fwp%2Fv2%2Fproduct_cat&post=903"},{"taxonomy":"product_tag","embeddable":true,"href":"https:\/\/dzikus.com.pl\/index.php?rest_route=%2Fwp%2Fv2%2Fproduct_tag&post=903"}],"curies":[{"name":"wp","href":"https:\/\/api.w.org\/{rel}","templated":true}]}}