{"id":893,"date":"2024-09-04T19:25:31","date_gmt":"2024-09-04T17:25:31","guid":{"rendered":"https:\/\/dzikus.com.pl\/?post_type=product&#038;p=893"},"modified":"2024-09-04T19:53:39","modified_gmt":"2024-09-04T17:53:39","slug":"koszula-moro-hunter","status":"publish","type":"product","link":"https:\/\/dzikus.com.pl\/?product=koszula-moro-hunter","title":{"rendered":"Koszula moro HUNTER"},"content":{"rendered":"<h2 class=\"name\" style=\"text-align: center;\">Koszula moro HUNTER<\/h2>\n<p>Koszula wykonana jest z mi\u0119sistego materia\u0142u. Sprawdzi si\u0119 u os\u00f3b aktywnych\u00a0 ceni\u0105cych sobie komfort\u00a0 i najwy\u017csz\u0105 jako\u015b\u0107.<\/p>\n<p>Prz\u00f3d wykonany z materia\u0142u moro. Ty\u0142, ko\u0142nierz, kieszenie oraz r\u0119kawy s\u0105 w kolorze czarnym.<\/p>\n<p>Z\u0142ote logo znajduje si\u0119 nad lew\u0105 kieszeni\u0105 oraz ty\u0142u karczku.<\/p>\n<p>&nbsp;<\/p>\n<p style=\"text-align: center;\"><strong>CHARAKTERYSTYKA:<\/strong><\/p>\n<ol>\n<li>Kolor moro plus czarny<\/li>\n<li>Mankiety na zatrzaski z regulacj\u0105 obwodu<\/li>\n<li>Zapi\u0119cie na wygodne zatrzaski<\/li>\n<li>\u015awietnej jako\u015bci materia\u0142<\/li>\n<li>dwie kieszenie na piersi zapinane na\u00a0springi (zatrzaski)<\/li>\n<\/ol>\n<p>&nbsp;<\/p>\n<p style=\"text-align: center;\"><strong>TABELA WYMIAR\u00d3W:<\/strong><\/p>\n<table class=\"product-table-size\" style=\"height: 128px;\" width=\"644\" cellpadding=\"0\">\n<tbody>\n<tr>\n<th class=\"cell khaki\" scope=\"row\"><\/th>\n<th class=\"cell khaki\" scope=\"row\"><strong>M<\/strong><\/th>\n<th class=\"cell khaki\" scope=\"row\"><strong>L<\/strong><\/th>\n<th class=\"cell khaki\" scope=\"row\"><strong>XL<\/strong><\/th>\n<th class=\"cell khaki\" scope=\"row\"><strong>XXL<\/strong><\/th>\n<\/tr>\n<tr>\n<th class=\"cell\" scope=\"row\">D\u0142ugo\u015b\u0107 z\u00a0przodu (A)<\/th>\n<th class=\"cell\" scope=\"row\">80<\/th>\n<th class=\"cell\" scope=\"row\">80<\/th>\n<th class=\"cell\" scope=\"row\">83<\/th>\n<th class=\"cell\" scope=\"row\">83<\/th>\n<\/tr>\n<tr>\n<th class=\"cell\" scope=\"row\">Obw\u00f3d od pachy do pachy (B)<\/th>\n<th class=\"cell\" scope=\"row\">116<\/th>\n<th class=\"cell\" scope=\"row\">124<\/th>\n<th class=\"cell\" scope=\"row\">128<\/th>\n<th class=\"cell\" scope=\"row\">136<\/th>\n<\/tr>\n<tr>\n<th class=\"cell\" scope=\"row\">R\u0119kaw (C)<\/th>\n<th class=\"cell\" scope=\"row\">66<\/th>\n<th class=\"cell\" scope=\"row\">66<\/th>\n<th class=\"cell\" scope=\"row\">66<\/th>\n<th class=\"cell\" scope=\"row\">66<\/th>\n<\/tr>\n<\/tbody>\n<\/table>\n<div>\n<div>\n<p style=\"text-align: center;\">Tolerancja do 1 cm<\/p>\n<p><img decoding=\"async\" class=\"aligncenter\" src=\"https:\/\/windrose.com.pl\/userdata\/public\/assets\/\/Przechwytywanie.PNG\" alt=\"\" width=\"249\" height=\"196\" \/><\/p>\n<\/div>\n<\/div>\n","protected":false},"excerpt":{"rendered":"<p>Koszula moro HUNTER Koszula wykonana jest z mi\u0119sistego materia\u0142u. Sprawdzi [&hellip;]<\/p>\n","protected":false},"featured_media":894,"template":"","meta":{"_acf_changed":false},"product_cat":[16,18],"product_tag":[],"class_list":{"0":"post-893","1":"product","2":"type-product","3":"status-publish","4":"has-post-thumbnail","6":"product_cat-odziez","7":"product_cat-tschirt-koszula-mysliwsa","9":"first","10":"instock","11":"taxable","12":"shipping-taxable","13":"purchasable","14":"product-type-simple"},"acf":[],"jetpack_sharing_enabled":true,"_links":{"self":[{"href":"https:\/\/dzikus.com.pl\/index.php?rest_route=\/wp\/v2\/product\/893","targetHints":{"allow":["GET"]}}],"collection":[{"href":"https:\/\/dzikus.com.pl\/index.php?rest_route=\/wp\/v2\/product"}],"about":[{"href":"https:\/\/dzikus.com.pl\/index.php?rest_route=\/wp\/v2\/types\/product"}],"wp:featuredmedia":[{"embeddable":true,"href":"https:\/\/dzikus.com.pl\/index.php?rest_route=\/wp\/v2\/media\/894"}],"wp:attachment":[{"href":"https:\/\/dzikus.com.pl\/index.php?rest_route=%2Fwp%2Fv2%2Fmedia&parent=893"}],"wp:term":[{"taxonomy":"product_cat","embeddable":true,"href":"https:\/\/dzikus.com.pl\/index.php?rest_route=%2Fwp%2Fv2%2Fproduct_cat&post=893"},{"taxonomy":"product_tag","embeddable":true,"href":"https:\/\/dzikus.com.pl\/index.php?rest_route=%2Fwp%2Fv2%2Fproduct_tag&post=893"}],"curies":[{"name":"wp","href":"https:\/\/api.w.org\/{rel}","templated":true}]}}