{"id":884,"date":"2024-09-04T14:07:06","date_gmt":"2024-09-04T12:07:06","guid":{"rendered":"https:\/\/dzikus.com.pl\/?post_type=product&#038;p=884"},"modified":"2024-09-04T14:07:07","modified_gmt":"2024-09-04T12:07:07","slug":"spodnie-damskie-softshell","status":"publish","type":"product","link":"https:\/\/dzikus.com.pl\/?product=spodnie-damskie-softshell","title":{"rendered":"SPODNIE DAMSKIE SOFTSHELL"},"content":{"rendered":"<h2 class=\"name\" style=\"text-align: center;\">SPODNIE DAMSKIE SOFTSHELL<\/h2>\n<p>&nbsp;<\/p>\n<p>Spodnie wykonane z materia\u0142u TR\u00d3J &#8211; LAMINATU softshell termo, s\u0105 wodoodporne oraz wiatroszczelne.<\/p>\n<p>Spodnie posiadaj\u0105 po bokach dwie kieszenie, kt\u00f3re zamykane s\u0105 na zamki\u00a0 a dodatkowo na nogawce jest kolejna kiesze\u0144 zamykana na rzepy.<\/p>\n<p>Spodnie posiadaj\u0105 r\u00f3wnie\u017c szlufki co umo\u017cliwia wprowadzenie paska i mamy mo\u017cliwo\u015b\u0107 regulacji obwodu.<\/p>\n<p>Spodnie zapewniaj\u0105 ciep\u0142o i jednocze\u015bnie chroni\u0105 przed przemakaniem.<\/p>\n<p>Spodnie s\u0105 skrojone tak, aby podkre\u015bli\u0107 kobiec\u0105 sylwetk\u0119.<\/p>\n<p>&nbsp;<\/p>\n<p style=\"text-align: center;\"><strong>CHARAKTERYSTYKA:<\/strong><\/p>\n<ol>\n<li>Materia\u0142 softshell termo- nieprzemakalny oraz wiatroszczelny<\/li>\n<li>Posiadaja a\u017c trzy kieszenie na zamek<\/li>\n<li>Pas regulowany gum\u0105 zapi\u0119ty na nap\u0119<\/li>\n<\/ol>\n<p style=\"text-align: center;\"><strong>TABELA WYMIAR\u00d3W:<\/strong><\/p>\n<table class=\"product-table-size\" style=\"height: 154px;\" width=\"653\" cellpadding=\"0\">\n<tbody>\n<tr>\n<th class=\"cell khaki\" scope=\"row\"><\/th>\n<th class=\"cell khaki\" scope=\"row\">S<\/th>\n<th class=\"cell khaki\" scope=\"row\">M<\/th>\n<th class=\"cell khaki\" scope=\"row\">L<\/th>\n<th class=\"cell khaki\" scope=\"row\">XL<\/th>\n<th class=\"cell khaki\" scope=\"row\">2XL<\/th>\n<th class=\"cell khaki\" scope=\"row\">3XL<\/th>\n<\/tr>\n<tr>\n<th class=\"cell\" scope=\"row\">Obw\u00f3d w pasie<\/th>\n<th class=\"cell\" scope=\"row\">76-84<\/th>\n<th class=\"cell\" scope=\"row\">86-100<\/th>\n<th class=\"cell\" scope=\"row\">92-104<\/th>\n<th class=\"cell\" scope=\"row\">98-110<\/th>\n<th class=\"cell\" scope=\"row\">102-112<\/th>\n<th class=\"cell\" scope=\"row\">110-120<\/th>\n<\/tr>\n<tr>\n<th class=\"cell\" scope=\"row\">Obw\u00f3d w biodrach<\/th>\n<th class=\"cell\" scope=\"row\">96<\/th>\n<th class=\"cell\" scope=\"row\">110<\/th>\n<th class=\"cell\" scope=\"row\">114<\/th>\n<th class=\"cell\" scope=\"row\">122<\/th>\n<th class=\"cell\" scope=\"row\">126<\/th>\n<th class=\"cell\" scope=\"row\">132<\/th>\n<\/tr>\n<tr>\n<th class=\"cell\" scope=\"row\">Stan prz\u00f3d\/ty\u0142<\/th>\n<th class=\"cell\" scope=\"row\">32\/36<\/th>\n<th class=\"cell\" scope=\"row\">34\/39<\/th>\n<th class=\"cell\" scope=\"row\">34\/40<\/th>\n<th class=\"cell\" scope=\"row\">34\/40<\/th>\n<th class=\"cell\" scope=\"row\">35\/40<\/th>\n<th class=\"cell\" scope=\"row\">35,5\/43,5<\/th>\n<\/tr>\n<tr>\n<th class=\"cell\" scope=\"row\">D\u0142ugo\u015b\u0107 zewn\u0119trzna<\/th>\n<th class=\"cell\" scope=\"row\">107<\/th>\n<th class=\"cell\" scope=\"row\">105<\/th>\n<th class=\"cell\" scope=\"row\">105<\/th>\n<th class=\"cell\" scope=\"row\">109<\/th>\n<th class=\"cell\" scope=\"row\">112<\/th>\n<th class=\"cell\" scope=\"row\">112<\/th>\n<\/tr>\n<\/tbody>\n<\/table>\n<p style=\"text-align: center;\">Tolerancja do 1 cm<\/p>\n<p>&nbsp;<\/p>\n","protected":false},"excerpt":{"rendered":"<p>SPODNIE DAMSKIE SOFTSHELL &nbsp; Spodnie wykonane z materia\u0142u TR\u00d3J &#8211; [&hellip;]<\/p>\n","protected":false},"featured_media":885,"template":"","meta":{"_acf_changed":false},"product_cat":[16,93],"product_tag":[],"class_list":{"0":"post-884","1":"product","2":"type-product","3":"status-publish","4":"has-post-thumbnail","6":"product_cat-odziez","7":"product_cat-odziez-damska","9":"first","10":"instock","11":"taxable","12":"shipping-taxable","13":"purchasable","14":"product-type-simple"},"acf":[],"jetpack_sharing_enabled":true,"_links":{"self":[{"href":"https:\/\/dzikus.com.pl\/index.php?rest_route=\/wp\/v2\/product\/884","targetHints":{"allow":["GET"]}}],"collection":[{"href":"https:\/\/dzikus.com.pl\/index.php?rest_route=\/wp\/v2\/product"}],"about":[{"href":"https:\/\/dzikus.com.pl\/index.php?rest_route=\/wp\/v2\/types\/product"}],"wp:featuredmedia":[{"embeddable":true,"href":"https:\/\/dzikus.com.pl\/index.php?rest_route=\/wp\/v2\/media\/885"}],"wp:attachment":[{"href":"https:\/\/dzikus.com.pl\/index.php?rest_route=%2Fwp%2Fv2%2Fmedia&parent=884"}],"wp:term":[{"taxonomy":"product_cat","embeddable":true,"href":"https:\/\/dzikus.com.pl\/index.php?rest_route=%2Fwp%2Fv2%2Fproduct_cat&post=884"},{"taxonomy":"product_tag","embeddable":true,"href":"https:\/\/dzikus.com.pl\/index.php?rest_route=%2Fwp%2Fv2%2Fproduct_tag&post=884"}],"curies":[{"name":"wp","href":"https:\/\/api.w.org\/{rel}","templated":true}]}}