{"id":869,"date":"2024-09-04T09:33:03","date_gmt":"2024-09-04T07:33:03","guid":{"rendered":"https:\/\/dzikus.com.pl\/?post_type=product&#038;p=869"},"modified":"2024-09-04T09:33:03","modified_gmt":"2024-09-04T07:33:03","slug":"polar-tongara","status":"publish","type":"product","link":"https:\/\/dzikus.com.pl\/?product=polar-tongara","title":{"rendered":"Polar TONGARA"},"content":{"rendered":"<h2 class=\"name\" style=\"text-align: center;\">POLAR TONGARA<\/h2>\n<p>Polar idealnie sprawdzi si\u0119 na jesie\u0144 i wiosn\u0119, gdy\u017c jest bardzo ciep\u0142y i wytrzyma\u0142y.<\/p>\n<p>Idealny na poranne i wieczorne polowania.<\/p>\n<p>Materia\u0142 jest cichy nie szele\u015bci dzi\u0119ki czemu nie b\u0119dzie p\u0142oszy\u0142 zwierzyny .<\/p>\n<p style=\"text-align: center;\"><strong>CHARAKTERYSTYKA:<\/strong><\/p>\n<ol>\n<li>Kolor zielony<\/li>\n<li>Wysoko zachodz\u0105cy ko\u0142nierz<\/li>\n<li>Mocne zamki spiralne<\/li>\n<li>Wyko\u0144czenie antypilingowe nie mechaci si\u0119<\/li>\n<li>D\u00f3\u0142 kurtki regulowany stoperami od zewn\u0105trz<\/li>\n<\/ol>\n<p>&nbsp;<\/p>\n<p style=\"text-align: center;\"><strong>TABELA WYMIAR\u00d3W:<\/strong><\/p>\n<table class=\"product-table-size\" style=\"height: 147px;\" width=\"669\" cellpadding=\"0\">\n<tbody>\n<tr>\n<th class=\"cell khaki\" scope=\"row\"><\/th>\n<th class=\"cell khaki\" scope=\"row\"><strong>S<\/strong><\/th>\n<th class=\"cell khaki\" scope=\"row\"><strong>M<\/strong><\/th>\n<th class=\"cell khaki\" scope=\"row\"><strong>L<\/strong><\/th>\n<th class=\"cell khaki\" scope=\"row\"><strong>XL<\/strong><\/th>\n<th class=\"cell khaki\" scope=\"row\"><strong>XXL<\/strong><\/th>\n<\/tr>\n<tr>\n<th class=\"cell\" scope=\"row\">D\u0142ugo\u015b\u0107 z\u00a0przodu (A)<\/th>\n<th class=\"cell\" scope=\"row\">67,5<\/th>\n<th class=\"cell\" scope=\"row\">72<\/th>\n<th class=\"cell\" scope=\"row\">77<\/th>\n<th class=\"cell\" scope=\"row\">78<\/th>\n<th class=\"cell\" scope=\"row\">78<\/th>\n<\/tr>\n<tr>\n<th class=\"cell\" scope=\"row\">Obw\u00f3d od pachy do pachy (B)<\/th>\n<th class=\"cell\" scope=\"row\">106<\/th>\n<th class=\"cell\" scope=\"row\">114<\/th>\n<th class=\"cell\" scope=\"row\">122<\/th>\n<th class=\"cell\" scope=\"row\">130<\/th>\n<th class=\"cell\" scope=\"row\">142<\/th>\n<\/tr>\n<tr>\n<th class=\"cell\" scope=\"row\">R\u0119kaw (C)<\/th>\n<th class=\"cell\" scope=\"row\">65<\/th>\n<th class=\"cell\" scope=\"row\">66<\/th>\n<th class=\"cell\" scope=\"row\">66,5<\/th>\n<th class=\"cell\" scope=\"row\">67<\/th>\n<th class=\"cell\" scope=\"row\">67<\/th>\n<\/tr>\n<\/tbody>\n<\/table>\n<div>\n<div>\n<p style=\"text-align: center;\">Tolerancja do 1 cm<\/p>\n<p><img decoding=\"async\" class=\"aligncenter\" src=\"https:\/\/windrose.com.pl\/userdata\/public\/assets\/\/Przechwytywanie.PNG\" alt=\"\" width=\"250\" height=\"197\" \/><\/p>\n<\/div>\n<\/div>\n<p>&nbsp;<\/p>\n","protected":false},"excerpt":{"rendered":"<p>POLAR TONGARA Polar idealnie sprawdzi si\u0119 na jesie\u0144 i wiosn\u0119, [&hellip;]<\/p>\n","protected":false},"featured_media":870,"template":"","meta":{"_acf_changed":false},"product_cat":[16,91],"product_tag":[],"class_list":{"0":"post-869","1":"product","2":"type-product","3":"status-publish","4":"has-post-thumbnail","6":"product_cat-odziez","7":"product_cat-polary","9":"first","10":"instock","11":"taxable","12":"shipping-taxable","13":"purchasable","14":"product-type-simple"},"acf":[],"jetpack_sharing_enabled":true,"_links":{"self":[{"href":"https:\/\/dzikus.com.pl\/index.php?rest_route=\/wp\/v2\/product\/869","targetHints":{"allow":["GET"]}}],"collection":[{"href":"https:\/\/dzikus.com.pl\/index.php?rest_route=\/wp\/v2\/product"}],"about":[{"href":"https:\/\/dzikus.com.pl\/index.php?rest_route=\/wp\/v2\/types\/product"}],"wp:featuredmedia":[{"embeddable":true,"href":"https:\/\/dzikus.com.pl\/index.php?rest_route=\/wp\/v2\/media\/870"}],"wp:attachment":[{"href":"https:\/\/dzikus.com.pl\/index.php?rest_route=%2Fwp%2Fv2%2Fmedia&parent=869"}],"wp:term":[{"taxonomy":"product_cat","embeddable":true,"href":"https:\/\/dzikus.com.pl\/index.php?rest_route=%2Fwp%2Fv2%2Fproduct_cat&post=869"},{"taxonomy":"product_tag","embeddable":true,"href":"https:\/\/dzikus.com.pl\/index.php?rest_route=%2Fwp%2Fv2%2Fproduct_tag&post=869"}],"curies":[{"name":"wp","href":"https:\/\/api.w.org\/{rel}","templated":true}]}}