{"id":863,"date":"2024-09-04T09:23:07","date_gmt":"2024-09-04T07:23:07","guid":{"rendered":"https:\/\/dzikus.com.pl\/?post_type=product&#038;p=863"},"modified":"2024-09-04T09:23:08","modified_gmt":"2024-09-04T07:23:08","slug":"kamizelka-polarowa-garbino","status":"publish","type":"product","link":"https:\/\/dzikus.com.pl\/?product=kamizelka-polarowa-garbino","title":{"rendered":"Kamizelka polarowa GARBINO"},"content":{"rendered":"<h2 class=\"name\" style=\"text-align: center;\">Kamizelka polarowa GARBINO<\/h2>\n<p>Kamizelka rozpinana z polaru jest wyj\u0105tkowo ciep\u0142a , komfortowa jak r\u00f3wnie\u017c bardzo praktyczne okrycie wierzchnie dedykowane my\u015bliwym.<\/p>\n<p>Kamizelka polarowa posiada antypilingowe wyko\u0144czenie dzi\u0119ki czemu nie mechaci si\u0119 zachowuje orginaln\u0105 powierzchnie nawet przy d\u0142ugim u\u017cytkowaniu i wielu praniach polaru.<\/p>\n<p>Posiada kieszenie zapinane na zamki jak r\u00f3wnie\u017c zachodz\u0105cy ko\u0142nierz dla wi\u0119kszego komfortu noszenia.<\/p>\n<p>&nbsp;<\/p>\n<p style=\"text-align: center;\"><strong>CHARAKTERYSTYKA:<\/strong><\/p>\n<ol>\n<li>Kolor zielony<\/li>\n<li>Materia\u0142 jest cichy podczas poruszania si\u0119 co oznacza, \u017ce nie p\u0142oszy zwierzyny.<\/li>\n<li>Dwie boczne kieszenie zasuwane na zamek.<\/li>\n<li>Niezawodne zamki.<\/li>\n<li>Wyko\u0144czenie antypilingowe.<\/li>\n<li>Kiesze\u0144 na piersi zasuwana na zamek<\/li>\n<\/ol>\n<p>&nbsp;<\/p>\n<p style=\"text-align: center;\"><strong>TABELA WYMIAR\u00d3W:<\/strong><\/p>\n<table class=\"product-table-size\" style=\"height: 122px;\" width=\"637\" cellpadding=\"0\">\n<tbody>\n<tr>\n<th class=\"cell khaki\" scope=\"row\"><\/th>\n<th class=\"cell khaki\" scope=\"row\"><strong>S<\/strong><\/th>\n<th class=\"cell khaki\" scope=\"row\"><strong>M<\/strong><\/th>\n<th class=\"cell khaki\" scope=\"row\"><strong>L<\/strong><\/th>\n<th class=\"cell khaki\" scope=\"row\"><strong>XL<\/strong><\/th>\n<th class=\"cell khaki\" scope=\"row\"><strong>XXL<\/strong><\/th>\n<th class=\"cell khaki\" scope=\"row\"><strong>3XL<\/strong><\/th>\n<th class=\"cell khaki\" scope=\"row\"><strong>4XL<\/strong><\/th>\n<\/tr>\n<tr>\n<th class=\"cell\" scope=\"row\">D\u0142ugo\u015b\u0107 z\u00a0przodu (A)<\/th>\n<th class=\"cell\" scope=\"row\">67<\/th>\n<th class=\"cell\" scope=\"row\">68<\/th>\n<th class=\"cell\" scope=\"row\">71<\/th>\n<th class=\"cell\" scope=\"row\">75<\/th>\n<th class=\"cell\" scope=\"row\">79<\/th>\n<th class=\"cell\" scope=\"row\">81<\/th>\n<th class=\"cell\" scope=\"row\">82<\/th>\n<\/tr>\n<tr>\n<th class=\"cell\" scope=\"row\">Obw\u00f3d od pachy do pachy (B)<\/th>\n<th class=\"cell\" scope=\"row\">104<\/th>\n<th class=\"cell\" scope=\"row\">112<\/th>\n<th class=\"cell\" scope=\"row\">120<\/th>\n<th class=\"cell\" scope=\"row\">128<\/th>\n<th class=\"cell\" scope=\"row\">136<\/th>\n<th class=\"cell\" scope=\"row\">142<\/th>\n<th class=\"cell\" scope=\"row\">150<\/th>\n<\/tr>\n<\/tbody>\n<\/table>\n<div>\n<div>\n<p style=\"text-align: center;\">Tolerancja do 1 cm<\/p>\n<p>\u00a0<img decoding=\"async\" class=\"aligncenter\" src=\"https:\/\/windrose.com.pl\/userdata\/public\/assets\/\/Przechwytywanie.PNG\" alt=\"\" width=\"249\" height=\"196\" \/><\/p>\n<\/div>\n<\/div>\n","protected":false},"excerpt":{"rendered":"<p>Kamizelka polarowa GARBINO Kamizelka rozpinana z polaru jest wyj\u0105tkowo ciep\u0142a [&hellip;]<\/p>\n","protected":false},"featured_media":864,"template":"","meta":{"_acf_changed":false},"product_cat":[16,91],"product_tag":[],"class_list":{"0":"post-863","1":"product","2":"type-product","3":"status-publish","4":"has-post-thumbnail","6":"product_cat-odziez","7":"product_cat-polary","9":"first","10":"instock","11":"taxable","12":"shipping-taxable","13":"purchasable","14":"product-type-simple"},"acf":[],"jetpack_sharing_enabled":true,"_links":{"self":[{"href":"https:\/\/dzikus.com.pl\/index.php?rest_route=\/wp\/v2\/product\/863","targetHints":{"allow":["GET"]}}],"collection":[{"href":"https:\/\/dzikus.com.pl\/index.php?rest_route=\/wp\/v2\/product"}],"about":[{"href":"https:\/\/dzikus.com.pl\/index.php?rest_route=\/wp\/v2\/types\/product"}],"wp:featuredmedia":[{"embeddable":true,"href":"https:\/\/dzikus.com.pl\/index.php?rest_route=\/wp\/v2\/media\/864"}],"wp:attachment":[{"href":"https:\/\/dzikus.com.pl\/index.php?rest_route=%2Fwp%2Fv2%2Fmedia&parent=863"}],"wp:term":[{"taxonomy":"product_cat","embeddable":true,"href":"https:\/\/dzikus.com.pl\/index.php?rest_route=%2Fwp%2Fv2%2Fproduct_cat&post=863"},{"taxonomy":"product_tag","embeddable":true,"href":"https:\/\/dzikus.com.pl\/index.php?rest_route=%2Fwp%2Fv2%2Fproduct_tag&post=863"}],"curies":[{"name":"wp","href":"https:\/\/api.w.org\/{rel}","templated":true}]}}