{"id":854,"date":"2024-09-01T17:43:55","date_gmt":"2024-09-01T15:43:55","guid":{"rendered":"https:\/\/dzikus.com.pl\/?post_type=product&#038;p=854"},"modified":"2024-09-01T17:43:56","modified_gmt":"2024-09-01T15:43:56","slug":"szelki-guard-dla-duzego-i-sredniego-psa-l-xl","status":"publish","type":"product","link":"https:\/\/dzikus.com.pl\/?product=szelki-guard-dla-duzego-i-sredniego-psa-l-xl","title":{"rendered":"Szelki Guard dla du\u017cego i \u015bredniego psa L-XL"},"content":{"rendered":"<h2 class=\"product_title entry-title\" style=\"text-align: center;\">Szelki Guard dla du\u017cego i \u015bredniego psa L-XL<\/h2>\n<p>&nbsp;<\/p>\n<p>Wykonane z lekkiej ta\u015bmy polipropylenowej o szeroko\u015bci 25mm<\/p>\n<p>Mocne Klamry<\/p>\n<p>Spawane p\u00f3\u0142k\u00f3\u0142ka<\/p>\n<p>Zaczep tylni i przedni<\/p>\n<p>Szelki posiadaj\u0105 regulatory umieszczona na wszystkich d\u0142ugo\u015bciach kt\u00f3re ze wzgl\u0119du na anatomiczny kszta\u0142t budowy r\u00f3\u017cnych czworonog\u00f3w mo\u017ce si\u0119 zmieni\u0107.<\/p>\n<p>Szelki typu Gurd w odr\u00f3\u017cnieniu od szelek tradycyjnych \u2013 spacerowych idealnie nadaj\u0105 si\u0119 dla aktywnych piesk\u00f3w kt\u00f3re lubi\u0105 du\u017co pobiega\u0107, dzi\u0119ki zastosowaniu odpowiedniej konstrukcji podczas biegania nie powoduj\u0105 obci\u0105\u017ce\u0144 uk\u0142adu kostno \u2013 stawowo \u2013 mi\u0119\u015bniowego.<\/p>\n<p>W odr\u00f3\u017cnieniu od wi\u0119kszo\u015bci szelek dost\u0119pnych na rynku umie\u015bcili\u015bmy dodatkowy regulator kt\u00f3ry znajduje si\u0119 na plecach pieska.<\/p>\n<p>Produkt Polski<\/p>\n<p>Kolor Pomara\u0144czowy<\/p>\n","protected":false},"excerpt":{"rendered":"<p>Szelki Guard dla du\u017cego i \u015bredniego psa L-XL &nbsp; Wykonane [&hellip;]<\/p>\n","protected":false},"featured_media":855,"template":"","meta":{"_acf_changed":false},"product_cat":[30],"product_tag":[],"class_list":{"0":"post-854","1":"product","2":"type-product","3":"status-publish","4":"has-post-thumbnail","6":"product_cat-dla_psa","8":"first","9":"instock","10":"taxable","11":"shipping-taxable","12":"purchasable","13":"product-type-simple"},"acf":[],"jetpack_sharing_enabled":true,"_links":{"self":[{"href":"https:\/\/dzikus.com.pl\/index.php?rest_route=\/wp\/v2\/product\/854","targetHints":{"allow":["GET"]}}],"collection":[{"href":"https:\/\/dzikus.com.pl\/index.php?rest_route=\/wp\/v2\/product"}],"about":[{"href":"https:\/\/dzikus.com.pl\/index.php?rest_route=\/wp\/v2\/types\/product"}],"wp:featuredmedia":[{"embeddable":true,"href":"https:\/\/dzikus.com.pl\/index.php?rest_route=\/wp\/v2\/media\/855"}],"wp:attachment":[{"href":"https:\/\/dzikus.com.pl\/index.php?rest_route=%2Fwp%2Fv2%2Fmedia&parent=854"}],"wp:term":[{"taxonomy":"product_cat","embeddable":true,"href":"https:\/\/dzikus.com.pl\/index.php?rest_route=%2Fwp%2Fv2%2Fproduct_cat&post=854"},{"taxonomy":"product_tag","embeddable":true,"href":"https:\/\/dzikus.com.pl\/index.php?rest_route=%2Fwp%2Fv2%2Fproduct_tag&post=854"}],"curies":[{"name":"wp","href":"https:\/\/api.w.org\/{rel}","templated":true}]}}