{"id":852,"date":"2024-09-01T17:34:47","date_gmt":"2024-09-01T15:34:47","guid":{"rendered":"https:\/\/dzikus.com.pl\/?post_type=product&#038;p=852"},"modified":"2024-09-01T17:34:47","modified_gmt":"2024-09-01T15:34:47","slug":"obroza-sunka-exclusive","status":"publish","type":"product","link":"https:\/\/dzikus.com.pl\/?product=obroza-sunka-exclusive","title":{"rendered":"Obro\u017ca Sunka Exclusive"},"content":{"rendered":"<h2 class=\"product_title entry-title\" style=\"text-align: center;\">Obro\u017ca Sunka Exclusive<\/h2>\n<p>&nbsp;<\/p>\n<p>Materia\u0142 &#8211; ta\u015bma bawe\u0142niana<\/p>\n<p>Klamra mrozoodporna<\/p>\n<p>Spawane metalowe p\u00f3\u0142k\u00f3\u0142ka<\/p>\n<p>Produkt Polski<\/p>\n<p>Wersja A 10\/56 cm<\/p>\n","protected":false},"excerpt":{"rendered":"<p>Obro\u017ca Sunka Exclusive &nbsp; Materia\u0142 &#8211; ta\u015bma bawe\u0142niana Klamra mrozoodporna [&hellip;]<\/p>\n","protected":false},"featured_media":853,"template":"","meta":{"_acf_changed":false},"product_cat":[30],"product_tag":[],"class_list":{"0":"post-852","1":"product","2":"type-product","3":"status-publish","4":"has-post-thumbnail","6":"product_cat-dla_psa","8":"first","9":"instock","10":"taxable","11":"shipping-taxable","12":"purchasable","13":"product-type-simple"},"acf":[],"jetpack_sharing_enabled":true,"_links":{"self":[{"href":"https:\/\/dzikus.com.pl\/index.php?rest_route=\/wp\/v2\/product\/852","targetHints":{"allow":["GET"]}}],"collection":[{"href":"https:\/\/dzikus.com.pl\/index.php?rest_route=\/wp\/v2\/product"}],"about":[{"href":"https:\/\/dzikus.com.pl\/index.php?rest_route=\/wp\/v2\/types\/product"}],"wp:featuredmedia":[{"embeddable":true,"href":"https:\/\/dzikus.com.pl\/index.php?rest_route=\/wp\/v2\/media\/853"}],"wp:attachment":[{"href":"https:\/\/dzikus.com.pl\/index.php?rest_route=%2Fwp%2Fv2%2Fmedia&parent=852"}],"wp:term":[{"taxonomy":"product_cat","embeddable":true,"href":"https:\/\/dzikus.com.pl\/index.php?rest_route=%2Fwp%2Fv2%2Fproduct_cat&post=852"},{"taxonomy":"product_tag","embeddable":true,"href":"https:\/\/dzikus.com.pl\/index.php?rest_route=%2Fwp%2Fv2%2Fproduct_tag&post=852"}],"curies":[{"name":"wp","href":"https:\/\/api.w.org\/{rel}","templated":true}]}}