{"id":848,"date":"2024-09-01T17:25:48","date_gmt":"2024-09-01T15:25:48","guid":{"rendered":"https:\/\/dzikus.com.pl\/?post_type=product&#038;p=848"},"modified":"2024-09-01T17:25:48","modified_gmt":"2024-09-01T15:25:48","slug":"smycz-z-liny-8mm-dla-malego-i-sredniego-psa","status":"publish","type":"product","link":"https:\/\/dzikus.com.pl\/?product=smycz-z-liny-8mm-dla-malego-i-sredniego-psa","title":{"rendered":"Smycz z Liny 8mm dla ma\u0142ego i \u015bredniego Psa"},"content":{"rendered":"<h2 class=\"product_title entry-title\" style=\"text-align: center;\">Smycz z Liny 8mm dla ma\u0142ego i \u015bredniego Psa<\/h2>\n<p>&nbsp;<\/p>\n<p>Smycz wykonana z mocnej i bardzo gi\u0119tkiej liny z\u00a0 polipropylenowej\u00a0 o \u015brednicy 8mm.<\/p>\n<p>Dzi\u0119ki specjalnym w\u0142a\u015bciwo\u015bci\u0105 linka z kt\u00f3rej wykonana jest smycz\u00a0 posiada w\u0142a\u015bciwo\u015bci nieabsorbuj\u0105ce wody.<\/p>\n<p>Smycz zwie\u0144cza bardzo mocny karabi\u0144czyk niklowany\u00a0 a zako\u0144czenie liny zdobione\u00a0 s\u0105 specjaln\u0105 maskownic\u0105.<\/p>\n<p><b>Smycz szyta na specjalnej maszynie (nie zgrzewana)<\/b><\/p>\n<p>5 metr\u00f3w \u2013 \u015bredniej d\u0142ugo\u015bci smycz przydatna zar\u00f3wno w warunkach miejskich jak i pozamiejskich.<\/p>\n<p>Przeznaczona dla ps\u00f3w\u00a0 w rozmiarze M-L<\/p>\n","protected":false},"excerpt":{"rendered":"<p>Smycz z Liny 8mm dla ma\u0142ego i \u015bredniego Psa &nbsp; [&hellip;]<\/p>\n","protected":false},"featured_media":849,"template":"","meta":{"_acf_changed":false},"product_cat":[30],"product_tag":[],"class_list":{"0":"post-848","1":"product","2":"type-product","3":"status-publish","4":"has-post-thumbnail","6":"product_cat-dla_psa","8":"first","9":"instock","10":"taxable","11":"shipping-taxable","12":"purchasable","13":"product-type-simple"},"acf":[],"jetpack_sharing_enabled":true,"_links":{"self":[{"href":"https:\/\/dzikus.com.pl\/index.php?rest_route=\/wp\/v2\/product\/848","targetHints":{"allow":["GET"]}}],"collection":[{"href":"https:\/\/dzikus.com.pl\/index.php?rest_route=\/wp\/v2\/product"}],"about":[{"href":"https:\/\/dzikus.com.pl\/index.php?rest_route=\/wp\/v2\/types\/product"}],"wp:featuredmedia":[{"embeddable":true,"href":"https:\/\/dzikus.com.pl\/index.php?rest_route=\/wp\/v2\/media\/849"}],"wp:attachment":[{"href":"https:\/\/dzikus.com.pl\/index.php?rest_route=%2Fwp%2Fv2%2Fmedia&parent=848"}],"wp:term":[{"taxonomy":"product_cat","embeddable":true,"href":"https:\/\/dzikus.com.pl\/index.php?rest_route=%2Fwp%2Fv2%2Fproduct_cat&post=848"},{"taxonomy":"product_tag","embeddable":true,"href":"https:\/\/dzikus.com.pl\/index.php?rest_route=%2Fwp%2Fv2%2Fproduct_tag&post=848"}],"curies":[{"name":"wp","href":"https:\/\/api.w.org\/{rel}","templated":true}]}}