{"id":844,"date":"2024-09-01T17:19:49","date_gmt":"2024-09-01T15:19:49","guid":{"rendered":"https:\/\/dzikus.com.pl\/?post_type=product&#038;p=844"},"modified":"2024-09-01T17:19:49","modified_gmt":"2024-09-01T15:19:49","slug":"mocna-gruba-smycz-dla-sredniego-psa-ozdobna-l-2","status":"publish","type":"product","link":"https:\/\/dzikus.com.pl\/?product=mocna-gruba-smycz-dla-sredniego-psa-ozdobna-l-2","title":{"rendered":"Mocna Gruba smycz dla \u015bredniego psa ozdobna L"},"content":{"rendered":"<h2 class=\"product_title entry-title\" style=\"text-align: center;\">Mocna Gruba smycz dla \u015bredniego psa ozdobna L<\/h2>\n<p>&nbsp;<\/p>\n<p>mycz wykonana z grubej ta\u015bmy polipropylenowej ze zdobieniami.<\/p>\n<p>Mocny niklowany karabi\u0144czyk<\/p>\n<p>Nitowana r\u0105czka oraz zabezpieczenie karabi\u0144czyka x3<\/p>\n<p>Smycz idealna dla du\u017cych i \u015brednich raz ps\u00f3w. Dzi\u0119ki Grubej ta\u015bmie smycz z pewno\u015bci\u0105 b\u0119dzie ci\u0119\u017cka do przegryzienia dla ps\u00f3w kt\u00f3re maja sk\u0142onno\u015bci do gryzienia smyczy.<\/p>\n<p>D\u0142ugo\u015b\u0107 smyczy 5 metr\u00f3w.<\/p>\n","protected":false},"excerpt":{"rendered":"<p>Mocna Gruba smycz dla \u015bredniego psa ozdobna L &nbsp; mycz [&hellip;]<\/p>\n","protected":false},"featured_media":845,"template":"","meta":{"_acf_changed":false},"product_cat":[30],"product_tag":[],"class_list":{"0":"post-844","1":"product","2":"type-product","3":"status-publish","4":"has-post-thumbnail","6":"product_cat-dla_psa","8":"first","9":"instock","10":"taxable","11":"shipping-taxable","12":"purchasable","13":"product-type-simple"},"acf":[],"jetpack_sharing_enabled":true,"_links":{"self":[{"href":"https:\/\/dzikus.com.pl\/index.php?rest_route=\/wp\/v2\/product\/844","targetHints":{"allow":["GET"]}}],"collection":[{"href":"https:\/\/dzikus.com.pl\/index.php?rest_route=\/wp\/v2\/product"}],"about":[{"href":"https:\/\/dzikus.com.pl\/index.php?rest_route=\/wp\/v2\/types\/product"}],"wp:featuredmedia":[{"embeddable":true,"href":"https:\/\/dzikus.com.pl\/index.php?rest_route=\/wp\/v2\/media\/845"}],"wp:attachment":[{"href":"https:\/\/dzikus.com.pl\/index.php?rest_route=%2Fwp%2Fv2%2Fmedia&parent=844"}],"wp:term":[{"taxonomy":"product_cat","embeddable":true,"href":"https:\/\/dzikus.com.pl\/index.php?rest_route=%2Fwp%2Fv2%2Fproduct_cat&post=844"},{"taxonomy":"product_tag","embeddable":true,"href":"https:\/\/dzikus.com.pl\/index.php?rest_route=%2Fwp%2Fv2%2Fproduct_tag&post=844"}],"curies":[{"name":"wp","href":"https:\/\/api.w.org\/{rel}","templated":true}]}}