{"id":841,"date":"2024-09-01T17:16:20","date_gmt":"2024-09-01T15:16:20","guid":{"rendered":"https:\/\/dzikus.com.pl\/?post_type=product&#038;p=841"},"modified":"2024-09-01T17:16:20","modified_gmt":"2024-09-01T15:16:20","slug":"smycz-rozdzielacz-rozgaleznik-dla-dwoch-psow-sunka-ultra-l","status":"publish","type":"product","link":"https:\/\/dzikus.com.pl\/?product=smycz-rozdzielacz-rozgaleznik-dla-dwoch-psow-sunka-ultra-l","title":{"rendered":"Smycz Rozdzielacz Rozga\u0142\u0119\u017anik dla dw\u00f3ch ps\u00f3w Sunka Ultra L"},"content":{"rendered":"<h2 class=\"product_title entry-title\" style=\"text-align: center;\">Smycz Rozdzielacz Rozga\u0142\u0119\u017anik dla dw\u00f3ch ps\u00f3w Sunka Ultra L<\/h2>\n<p>&nbsp;<\/p>\n<p>Smycz rozdzielaj\u0105ca przeznaczona jest dla \u015arednich ps\u00f3w w rozmiarze L<\/p>\n<p>Masywne i mocne karabi\u0144czyki<\/p>\n<p>Specjalny Tr\u00f3jnik Rymarski<\/p>\n<p>Metalowe regulatory<\/p>\n<p>Mocne nity kaletnicze + zabezpieczenie szyte przy karabi\u0144czykach<\/p>\n<p>Szeroko\u015b\u0107 ta\u015bmy 25mm<\/p>\n","protected":false},"excerpt":{"rendered":"<p>Smycz Rozdzielacz Rozga\u0142\u0119\u017anik dla dw\u00f3ch ps\u00f3w Sunka Ultra L &nbsp; [&hellip;]<\/p>\n","protected":false},"featured_media":843,"template":"","meta":{"_acf_changed":false},"product_cat":[30],"product_tag":[],"class_list":{"0":"post-841","1":"product","2":"type-product","3":"status-publish","4":"has-post-thumbnail","6":"product_cat-dla_psa","8":"first","9":"instock","10":"taxable","11":"shipping-taxable","12":"purchasable","13":"product-type-simple"},"acf":[],"jetpack_sharing_enabled":true,"_links":{"self":[{"href":"https:\/\/dzikus.com.pl\/index.php?rest_route=\/wp\/v2\/product\/841","targetHints":{"allow":["GET"]}}],"collection":[{"href":"https:\/\/dzikus.com.pl\/index.php?rest_route=\/wp\/v2\/product"}],"about":[{"href":"https:\/\/dzikus.com.pl\/index.php?rest_route=\/wp\/v2\/types\/product"}],"wp:featuredmedia":[{"embeddable":true,"href":"https:\/\/dzikus.com.pl\/index.php?rest_route=\/wp\/v2\/media\/843"}],"wp:attachment":[{"href":"https:\/\/dzikus.com.pl\/index.php?rest_route=%2Fwp%2Fv2%2Fmedia&parent=841"}],"wp:term":[{"taxonomy":"product_cat","embeddable":true,"href":"https:\/\/dzikus.com.pl\/index.php?rest_route=%2Fwp%2Fv2%2Fproduct_cat&post=841"},{"taxonomy":"product_tag","embeddable":true,"href":"https:\/\/dzikus.com.pl\/index.php?rest_route=%2Fwp%2Fv2%2Fproduct_tag&post=841"}],"curies":[{"name":"wp","href":"https:\/\/api.w.org\/{rel}","templated":true}]}}