{"id":839,"date":"2024-09-01T17:13:14","date_gmt":"2024-09-01T15:13:14","guid":{"rendered":"https:\/\/dzikus.com.pl\/?post_type=product&#038;p=839"},"modified":"2024-09-01T17:13:14","modified_gmt":"2024-09-01T15:13:14","slug":"smycz-samochodowa-dla-malego-psa","status":"publish","type":"product","link":"https:\/\/dzikus.com.pl\/?product=smycz-samochodowa-dla-malego-psa","title":{"rendered":"Smycz samochodowa dla ma\u0142ego psa"},"content":{"rendered":"<h2 class=\"product_title entry-title\" style=\"text-align: center;\">Smycz samochodowa dla ma\u0142ego psa rozmiar S-M<\/h2>\n<p>Smycz Samochodowa dla psa Polskiego Producenta<\/p>\n<p>D\u0142ugo\u015b\u0107 maksymalna 73 cm.<\/p>\n<p>Szeroko\u015bc 15mm<\/p>\n<p>Tolerancja\u00a0 d\u0142ugo\u015bci\u00a0 +-0,5cm<\/p>\n<p>Kolor Pomara\u0144czowy<\/p>\n<p>&nbsp;<\/p>\n","protected":false},"excerpt":{"rendered":"<p>Smycz samochodowa dla ma\u0142ego psa rozmiar S-M Smycz Samochodowa dla [&hellip;]<\/p>\n","protected":false},"featured_media":840,"template":"","meta":{"_acf_changed":false},"product_cat":[30],"product_tag":[],"class_list":{"0":"post-839","1":"product","2":"type-product","3":"status-publish","4":"has-post-thumbnail","6":"product_cat-dla_psa","8":"first","9":"instock","10":"taxable","11":"shipping-taxable","12":"purchasable","13":"product-type-simple"},"acf":[],"jetpack_sharing_enabled":true,"_links":{"self":[{"href":"https:\/\/dzikus.com.pl\/index.php?rest_route=\/wp\/v2\/product\/839","targetHints":{"allow":["GET"]}}],"collection":[{"href":"https:\/\/dzikus.com.pl\/index.php?rest_route=\/wp\/v2\/product"}],"about":[{"href":"https:\/\/dzikus.com.pl\/index.php?rest_route=\/wp\/v2\/types\/product"}],"wp:featuredmedia":[{"embeddable":true,"href":"https:\/\/dzikus.com.pl\/index.php?rest_route=\/wp\/v2\/media\/840"}],"wp:attachment":[{"href":"https:\/\/dzikus.com.pl\/index.php?rest_route=%2Fwp%2Fv2%2Fmedia&parent=839"}],"wp:term":[{"taxonomy":"product_cat","embeddable":true,"href":"https:\/\/dzikus.com.pl\/index.php?rest_route=%2Fwp%2Fv2%2Fproduct_cat&post=839"},{"taxonomy":"product_tag","embeddable":true,"href":"https:\/\/dzikus.com.pl\/index.php?rest_route=%2Fwp%2Fv2%2Fproduct_tag&post=839"}],"curies":[{"name":"wp","href":"https:\/\/api.w.org\/{rel}","templated":true}]}}