{"id":833,"date":"2024-09-01T16:29:00","date_gmt":"2024-09-01T14:29:00","guid":{"rendered":"https:\/\/dzikus.com.pl\/?post_type=product&#038;p=833"},"modified":"2024-09-01T16:29:00","modified_gmt":"2024-09-01T14:29:00","slug":"szelki-sunka-ultra-dla-duzego-i-sredniego-psa","status":"publish","type":"product","link":"https:\/\/dzikus.com.pl\/?product=szelki-sunka-ultra-dla-duzego-i-sredniego-psa","title":{"rendered":"Szelki Sunka Ultra dla Du\u017cego i \u015aredniego Psa"},"content":{"rendered":"<h2 class=\"product_title entry-title\" style=\"text-align: center;\">Szelki Sunka Ultra dla Du\u017cego i \u015aredniego Psa<\/h2>\n<p>&nbsp;<\/p>\n<div class=\"mpof_ki myre_zn myre_8v_l _0d3bd_YrWCD\">\n<div class=\"mp4t_16_s mryx_16_s mr3m_1 mli2_1 mh85_56 mh85_0_l\">\n<div class=\"mgn2_16 _0d3bd_5pK0q\">\n<p>Szelki wykonane z grubej ta\u015bmy polipropylenowej z zastosowaniem dw\u00f3ch technik kaletniczej i krawieckiej.<\/p>\n<p>Obydwa pasy \u2013 brzuszny i szyjny reguluj\u0105 si\u0119 w zakresie 50\/85cm\u00a0 dla rozmiaru L\/XL lub 57\/35 dla rozmiaru M\/L<\/p>\n<\/div>\n<\/div>\n<\/div>\n<div class=\"mpof_ki myre_zn myre_8v_l _0d3bd_YrWCD\">\n<div class=\"mp4t_16_s mryx_16_s mr3m_1 mli2_1 mh85_56 mh85_0_l\">\n<div class=\"mgn2_16 _0d3bd_5pK0q\">\n<p>Dedykowane dla \u015brednich i du\u017cych ras ps\u00f3w takich jak np:<\/p>\n<p>\u2013 Owczarki, Posokowce, Labradory, Dobermany, Boksery, Harty i inne w zakresie podanego rozmiaru.<\/p>\n<\/div>\n<\/div>\n<\/div>\n","protected":false},"excerpt":{"rendered":"<p>Szelki Sunka Ultra dla Du\u017cego i \u015aredniego Psa &nbsp; Szelki [&hellip;]<\/p>\n","protected":false},"featured_media":834,"template":"","meta":{"_acf_changed":false},"product_cat":[30],"product_tag":[],"class_list":{"0":"post-833","1":"product","2":"type-product","3":"status-publish","4":"has-post-thumbnail","6":"product_cat-dla_psa","8":"first","9":"instock","10":"taxable","11":"shipping-taxable","12":"purchasable","13":"product-type-simple"},"acf":[],"jetpack_sharing_enabled":true,"_links":{"self":[{"href":"https:\/\/dzikus.com.pl\/index.php?rest_route=\/wp\/v2\/product\/833","targetHints":{"allow":["GET"]}}],"collection":[{"href":"https:\/\/dzikus.com.pl\/index.php?rest_route=\/wp\/v2\/product"}],"about":[{"href":"https:\/\/dzikus.com.pl\/index.php?rest_route=\/wp\/v2\/types\/product"}],"wp:featuredmedia":[{"embeddable":true,"href":"https:\/\/dzikus.com.pl\/index.php?rest_route=\/wp\/v2\/media\/834"}],"wp:attachment":[{"href":"https:\/\/dzikus.com.pl\/index.php?rest_route=%2Fwp%2Fv2%2Fmedia&parent=833"}],"wp:term":[{"taxonomy":"product_cat","embeddable":true,"href":"https:\/\/dzikus.com.pl\/index.php?rest_route=%2Fwp%2Fv2%2Fproduct_cat&post=833"},{"taxonomy":"product_tag","embeddable":true,"href":"https:\/\/dzikus.com.pl\/index.php?rest_route=%2Fwp%2Fv2%2Fproduct_tag&post=833"}],"curies":[{"name":"wp","href":"https:\/\/api.w.org\/{rel}","templated":true}]}}