{"id":829,"date":"2024-09-01T16:12:00","date_gmt":"2024-09-01T14:12:00","guid":{"rendered":"https:\/\/dzikus.com.pl\/?post_type=product&#038;p=829"},"modified":"2024-09-01T16:12:00","modified_gmt":"2024-09-01T14:12:00","slug":"obroza-sunka-ultra-dla-malego-psa","status":"publish","type":"product","link":"https:\/\/dzikus.com.pl\/?product=obroza-sunka-ultra-dla-malego-psa","title":{"rendered":"Obro\u017ca Sunka Ultra dla ma\u0142ego psa"},"content":{"rendered":"<h2 style=\"text-align: center;\">Obro\u017ca Sunka Ultra dla ma\u0142ego psa<\/h2>\n<p>Obro\u017ca wykonana z grubej ta\u015bmy polipropylenowej .<\/p>\n<p>Rozmiar M\/L \u2013 obw\u00f3d szyi to min 36cm max 45cm<\/p>\n<p>Szeroko\u015b\u0107 ta\u015bmy 16mm<\/p>\n<p>Polski Producent<\/p>\n","protected":false},"excerpt":{"rendered":"<p>Obro\u017ca Sunka Ultra dla ma\u0142ego psa Obro\u017ca wykonana z grubej [&hellip;]<\/p>\n","protected":false},"featured_media":830,"template":"","meta":{"_acf_changed":false},"product_cat":[30],"product_tag":[],"class_list":{"0":"post-829","1":"product","2":"type-product","3":"status-publish","4":"has-post-thumbnail","6":"product_cat-dla_psa","8":"first","9":"instock","10":"taxable","11":"shipping-taxable","12":"purchasable","13":"product-type-simple"},"acf":[],"jetpack_sharing_enabled":true,"_links":{"self":[{"href":"https:\/\/dzikus.com.pl\/index.php?rest_route=\/wp\/v2\/product\/829","targetHints":{"allow":["GET"]}}],"collection":[{"href":"https:\/\/dzikus.com.pl\/index.php?rest_route=\/wp\/v2\/product"}],"about":[{"href":"https:\/\/dzikus.com.pl\/index.php?rest_route=\/wp\/v2\/types\/product"}],"wp:featuredmedia":[{"embeddable":true,"href":"https:\/\/dzikus.com.pl\/index.php?rest_route=\/wp\/v2\/media\/830"}],"wp:attachment":[{"href":"https:\/\/dzikus.com.pl\/index.php?rest_route=%2Fwp%2Fv2%2Fmedia&parent=829"}],"wp:term":[{"taxonomy":"product_cat","embeddable":true,"href":"https:\/\/dzikus.com.pl\/index.php?rest_route=%2Fwp%2Fv2%2Fproduct_cat&post=829"},{"taxonomy":"product_tag","embeddable":true,"href":"https:\/\/dzikus.com.pl\/index.php?rest_route=%2Fwp%2Fv2%2Fproduct_tag&post=829"}],"curies":[{"name":"wp","href":"https:\/\/api.w.org\/{rel}","templated":true}]}}