{"id":824,"date":"2024-09-01T15:57:05","date_gmt":"2024-09-01T13:57:05","guid":{"rendered":"https:\/\/dzikus.com.pl\/?post_type=product&#038;p=824"},"modified":"2024-09-01T15:57:05","modified_gmt":"2024-09-01T13:57:05","slug":"obroza-sunka-ultra-l-xl-dla-sredniego-i-duzego-psa","status":"publish","type":"product","link":"https:\/\/dzikus.com.pl\/?product=obroza-sunka-ultra-l-xl-dla-sredniego-i-duzego-psa","title":{"rendered":"Obro\u017ca Sunka Ultra L\/XL dla \u015aredniego i Du\u017cego Psa"},"content":{"rendered":"<h2 style=\"text-align: center;\"><\/h2>\n<h2 class=\"product_title entry-title\" style=\"text-align: center;\">Obro\u017ca Sunka Ultra L\/XL dla \u015aredniego i Du\u017cego Psa<\/h2>\n<p>&nbsp;<\/p>\n<p>Zakres Regulacji 35 \/57cm<\/p>\n<p>Szeroko\u015b\u0107 obro\u017cy 25mm<\/p>\n<p><b>Cechy produktu:<\/b><\/p>\n<p>\u2013 Gruba i mocna ta\u015bma\u00a0 polipropylenowa.<\/p>\n<p>\u2013 mocna klamra z PCV<\/p>\n<p><b>-mocne nitowane \u0142\u0105czenie ta\u015bm (sprawdzone pr\u00f3bami wytrzyma\u0142o\u015bciowymi)<\/b><\/p>\n<p>-metalowy niklowany regulator i p\u00f3\u0142 k\u00f3\u0142ko do zaczepienia smyczy<\/p>\n<p>&nbsp;<\/p>\n","protected":false},"excerpt":{"rendered":"<p>Obro\u017ca Sunka Ultra L\/XL dla \u015aredniego i Du\u017cego Psa &nbsp; [&hellip;]<\/p>\n","protected":false},"featured_media":825,"template":"","meta":{"_acf_changed":false},"product_cat":[30],"product_tag":[],"class_list":{"0":"post-824","1":"product","2":"type-product","3":"status-publish","4":"has-post-thumbnail","6":"product_cat-dla_psa","8":"first","9":"instock","10":"taxable","11":"shipping-taxable","12":"purchasable","13":"product-type-simple"},"acf":[],"jetpack_sharing_enabled":true,"_links":{"self":[{"href":"https:\/\/dzikus.com.pl\/index.php?rest_route=\/wp\/v2\/product\/824","targetHints":{"allow":["GET"]}}],"collection":[{"href":"https:\/\/dzikus.com.pl\/index.php?rest_route=\/wp\/v2\/product"}],"about":[{"href":"https:\/\/dzikus.com.pl\/index.php?rest_route=\/wp\/v2\/types\/product"}],"wp:featuredmedia":[{"embeddable":true,"href":"https:\/\/dzikus.com.pl\/index.php?rest_route=\/wp\/v2\/media\/825"}],"wp:attachment":[{"href":"https:\/\/dzikus.com.pl\/index.php?rest_route=%2Fwp%2Fv2%2Fmedia&parent=824"}],"wp:term":[{"taxonomy":"product_cat","embeddable":true,"href":"https:\/\/dzikus.com.pl\/index.php?rest_route=%2Fwp%2Fv2%2Fproduct_cat&post=824"},{"taxonomy":"product_tag","embeddable":true,"href":"https:\/\/dzikus.com.pl\/index.php?rest_route=%2Fwp%2Fv2%2Fproduct_tag&post=824"}],"curies":[{"name":"wp","href":"https:\/\/api.w.org\/{rel}","templated":true}]}}