{"id":822,"date":"2024-09-01T15:44:41","date_gmt":"2024-09-01T13:44:41","guid":{"rendered":"https:\/\/dzikus.com.pl\/?post_type=product&#038;p=822"},"modified":"2024-09-01T15:44:41","modified_gmt":"2024-09-01T13:44:41","slug":"smycz-przepinana-dla-duzego-psa-sunka-exclusive-5metrow","status":"publish","type":"product","link":"https:\/\/dzikus.com.pl\/?product=smycz-przepinana-dla-duzego-psa-sunka-exclusive-5metrow","title":{"rendered":"Smycz przepinana dla du\u017cego psa Sunka Exclusive 5metr\u00f3w"},"content":{"rendered":"<p>&nbsp;<\/p>\n<h2 class=\"product_title entry-title\" style=\"text-align: center;\">Smycz przepinana dla du\u017cego psa Sunka Exclusive<\/h2>\n<p>&nbsp;<\/p>\n<div class=\"mpof_ki myre_zn myre_8v_l _0d3bd_YrWCD\">\n<div class=\"mp4t_16_s mryx_16_s mr3m_1 mli2_1 mh85_56 mh85_0_l\">\n<div class=\"mgn2_16 _0d3bd_5pK0q\">\n<p>Materia\u0142 <b>\u2013\u00a0<\/b>Bawe\u0142niany Pas Parciany o szeroko\u015bci 40mm<\/p>\n<p>Niklowany karabi\u0144czyk i k\u00f3\u0142ka do przepi\u0119\u0107<\/p>\n<p>Nici tapicerskie najwy\u017cszej jako\u015bci Polskiego Producenta.<\/p>\n<p>D\u0142ugo\u015bci oko\u0142o: 5m\/4m\/3,35m<\/p>\n<\/div>\n<\/div>\n<\/div>\n<div class=\"mpof_ki myre_zn myre_8v_l _0d3bd_YrWCD\">\n<div class=\"mp4t_16_s mryx_16_s mr3m_1 mli2_1 mh85_56 mh85_0_l\">\n<div class=\"mgn2_16 _0d3bd_5pK0q\">\n<p>Mocny Karabi\u0144czyk oraz k\u00f3\u0142ka do przepi\u0119\u0107<\/p>\n<\/div>\n<\/div>\n<\/div>\n","protected":false},"excerpt":{"rendered":"<p>&nbsp; Smycz przepinana dla du\u017cego psa Sunka Exclusive &nbsp; Materia\u0142 [&hellip;]<\/p>\n","protected":false},"featured_media":823,"template":"","meta":{"_acf_changed":false},"product_cat":[30],"product_tag":[],"class_list":{"0":"post-822","1":"product","2":"type-product","3":"status-publish","4":"has-post-thumbnail","6":"product_cat-dla_psa","8":"first","9":"instock","10":"taxable","11":"shipping-taxable","12":"purchasable","13":"product-type-simple"},"acf":[],"jetpack_sharing_enabled":true,"_links":{"self":[{"href":"https:\/\/dzikus.com.pl\/index.php?rest_route=\/wp\/v2\/product\/822","targetHints":{"allow":["GET"]}}],"collection":[{"href":"https:\/\/dzikus.com.pl\/index.php?rest_route=\/wp\/v2\/product"}],"about":[{"href":"https:\/\/dzikus.com.pl\/index.php?rest_route=\/wp\/v2\/types\/product"}],"wp:featuredmedia":[{"embeddable":true,"href":"https:\/\/dzikus.com.pl\/index.php?rest_route=\/wp\/v2\/media\/823"}],"wp:attachment":[{"href":"https:\/\/dzikus.com.pl\/index.php?rest_route=%2Fwp%2Fv2%2Fmedia&parent=822"}],"wp:term":[{"taxonomy":"product_cat","embeddable":true,"href":"https:\/\/dzikus.com.pl\/index.php?rest_route=%2Fwp%2Fv2%2Fproduct_cat&post=822"},{"taxonomy":"product_tag","embeddable":true,"href":"https:\/\/dzikus.com.pl\/index.php?rest_route=%2Fwp%2Fv2%2Fproduct_tag&post=822"}],"curies":[{"name":"wp","href":"https:\/\/api.w.org\/{rel}","templated":true}]}}