{"id":819,"date":"2024-09-01T15:30:46","date_gmt":"2024-09-01T13:30:46","guid":{"rendered":"https:\/\/dzikus.com.pl\/?post_type=product&#038;p=819"},"modified":"2024-09-01T15:30:46","modified_gmt":"2024-09-01T13:30:46","slug":"smycz-sunka-exclusive-dla-duzego-psa-4cm-xl","status":"publish","type":"product","link":"https:\/\/dzikus.com.pl\/?product=smycz-sunka-exclusive-dla-duzego-psa-4cm-xl","title":{"rendered":"Smycz Sunka Exclusive dla du\u017cego psa 4cm XL"},"content":{"rendered":"<h2 class=\"product_title entry-title\" style=\"text-align: center;\">Smycz Sunka Exclusive dla du\u017cego psa 4cm XL<\/h2>\n<p>&nbsp;<\/p>\n<p>Smycz przeznaczona dla du\u017cych ras ps\u00f3w w rozmiarze\u00a0 XL .<\/p>\n<p>Wykonana z bawe\u0142nianej ta\u015bmy parcianej o szeroko\u015bci 4cm.<\/p>\n<p>Polecana dla ps\u00f3w uczulonych na tworzywo sztuczne typu poliester czy polipropylen.<\/p>\n<p>Smycz posiada du\u017cy i masywny karabi\u0144czyk.<\/p>\n<p>Ta\u015bma zako\u0144czona jest z dw\u00f3ch stron naturaln\u0105 sk\u00f3rk\u0105 zabezpieczaj\u0105c\u0105 przed strz\u0119pieniem si\u0119 smyczy w zako\u0144czeniach.<\/p>\n<p>Wygodny i mi\u0119kki\u00a0 uchwyt r\u0119koje\u015bci.<\/p>\n<p>Dost\u0119pne smycze w rozmiarach od 1 do 5 metr\u00f3w<\/p>\n","protected":false},"excerpt":{"rendered":"<p>Smycz Sunka Exclusive dla du\u017cego psa 4cm XL &nbsp; Smycz [&hellip;]<\/p>\n","protected":false},"featured_media":820,"template":"","meta":{"_acf_changed":false},"product_cat":[30],"product_tag":[],"class_list":{"0":"post-819","1":"product","2":"type-product","3":"status-publish","4":"has-post-thumbnail","6":"product_cat-dla_psa","8":"first","9":"instock","10":"taxable","11":"shipping-taxable","12":"purchasable","13":"product-type-simple"},"acf":[],"jetpack_sharing_enabled":true,"_links":{"self":[{"href":"https:\/\/dzikus.com.pl\/index.php?rest_route=\/wp\/v2\/product\/819","targetHints":{"allow":["GET"]}}],"collection":[{"href":"https:\/\/dzikus.com.pl\/index.php?rest_route=\/wp\/v2\/product"}],"about":[{"href":"https:\/\/dzikus.com.pl\/index.php?rest_route=\/wp\/v2\/types\/product"}],"wp:featuredmedia":[{"embeddable":true,"href":"https:\/\/dzikus.com.pl\/index.php?rest_route=\/wp\/v2\/media\/820"}],"wp:attachment":[{"href":"https:\/\/dzikus.com.pl\/index.php?rest_route=%2Fwp%2Fv2%2Fmedia&parent=819"}],"wp:term":[{"taxonomy":"product_cat","embeddable":true,"href":"https:\/\/dzikus.com.pl\/index.php?rest_route=%2Fwp%2Fv2%2Fproduct_cat&post=819"},{"taxonomy":"product_tag","embeddable":true,"href":"https:\/\/dzikus.com.pl\/index.php?rest_route=%2Fwp%2Fv2%2Fproduct_tag&post=819"}],"curies":[{"name":"wp","href":"https:\/\/api.w.org\/{rel}","templated":true}]}}