{"id":811,"date":"2024-09-01T12:05:08","date_gmt":"2024-09-01T10:05:08","guid":{"rendered":"https:\/\/dzikus.com.pl\/?post_type=product&#038;p=811"},"modified":"2024-09-01T12:05:08","modified_gmt":"2024-09-01T10:05:08","slug":"brunox-lub-cor-preparat-konserwujacy","status":"publish","type":"product","link":"https:\/\/dzikus.com.pl\/?product=brunox-lub-cor-preparat-konserwujacy","title":{"rendered":"BRUNOX LUB &#038; COR preparat konserwuj\u0105cy"},"content":{"rendered":"<h2 style=\"text-align: center;\">BRUNOX LUB &amp; COR preparat konserwuj\u0105cy<\/h2>\n<p>&nbsp;<\/p>\n<p>Szwajcarski p\u0142yn umo\u017cliwia wyd\u0142u\u017cone smarowanie broni oraz zaawansowan\u0105 ochron\u0119 element\u00f3w przed korozj\u0105.<\/p>\n<p>Mocno przylegaj\u0105cy preparat antykorozyjny do stosowania gdy bro\u0144 jest poddana dzia\u0142aniu niekorzystnych warunk\u00f3w atmosferycznych, a musi pozosta\u0107 w ci\u0105g\u0142ej gotowo\u015bci do u\u017cycia.<\/p>\n<p>Preparat tworzy r\u00f3wnomiern\u0105, nieschn\u0105c\u0105, ochronn\u0105 pow\u0142ok\u0119 antykorozyjn\u0105<\/p>\n<p>G\u0142\u00f3wne w\u0142a\u015bciwo\u015bci produktu to smarowanie nawet\u00a0 3 razy d\u0142u\u017cszy okres trwa\u0142o\u015bci smarowania. Ochrona antykorozyjna nawet do 5 razy d\u0142u\u017cszy okres ochrony materia\u0142u w stosunku do niezabezpieczonego .Uniwersalno\u015b\u0107 zastosowania oraz trudne warunki atmosferyczne odporny na trudne warunki\u00a0 pogodowe, mo\u017cna go stosowa\u0107 do r\u00f3\u017cnego rodzaju maszynach budowlanych, le\u015bnych, rolniczych.<\/p>\n","protected":false},"excerpt":{"rendered":"<p>BRUNOX LUB &amp; COR preparat konserwuj\u0105cy &nbsp; Szwajcarski p\u0142yn umo\u017cliwia [&hellip;]<\/p>\n","protected":false},"featured_media":812,"template":"","meta":{"_acf_changed":false},"product_cat":[62],"product_tag":[],"class_list":{"0":"post-811","1":"product","2":"type-product","3":"status-publish","4":"has-post-thumbnail","6":"product_cat-konserwacja-broni-i-akcesoria","8":"first","9":"instock","10":"taxable","11":"shipping-taxable","12":"purchasable","13":"product-type-simple"},"acf":[],"jetpack_sharing_enabled":true,"_links":{"self":[{"href":"https:\/\/dzikus.com.pl\/index.php?rest_route=\/wp\/v2\/product\/811","targetHints":{"allow":["GET"]}}],"collection":[{"href":"https:\/\/dzikus.com.pl\/index.php?rest_route=\/wp\/v2\/product"}],"about":[{"href":"https:\/\/dzikus.com.pl\/index.php?rest_route=\/wp\/v2\/types\/product"}],"wp:featuredmedia":[{"embeddable":true,"href":"https:\/\/dzikus.com.pl\/index.php?rest_route=\/wp\/v2\/media\/812"}],"wp:attachment":[{"href":"https:\/\/dzikus.com.pl\/index.php?rest_route=%2Fwp%2Fv2%2Fmedia&parent=811"}],"wp:term":[{"taxonomy":"product_cat","embeddable":true,"href":"https:\/\/dzikus.com.pl\/index.php?rest_route=%2Fwp%2Fv2%2Fproduct_cat&post=811"},{"taxonomy":"product_tag","embeddable":true,"href":"https:\/\/dzikus.com.pl\/index.php?rest_route=%2Fwp%2Fv2%2Fproduct_tag&post=811"}],"curies":[{"name":"wp","href":"https:\/\/api.w.org\/{rel}","templated":true}]}}