{"id":800,"date":"2024-09-01T11:18:45","date_gmt":"2024-09-01T09:18:45","guid":{"rendered":"https:\/\/dzikus.com.pl\/?post_type=product&#038;p=800"},"modified":"2024-09-01T11:18:46","modified_gmt":"2024-09-01T09:18:46","slug":"brunox-turbo-spray-500-ml","status":"publish","type":"product","link":"https:\/\/dzikus.com.pl\/?product=brunox-turbo-spray-500-ml","title":{"rendered":"BRUNOX TURBO SPRAY 500 ml"},"content":{"rendered":"<h2 class=\"mb-2 mt-5\" style=\"text-align: center;\">BRUNOX\u00ae Turbo-Spray\u00ae<\/h2>\n<p>To preparat do urz\u0105dze\u0144 i maszyn, dzi\u0119ki kt\u00f3remu kompleksowo zadbasz o ka\u017cd\u0105 ich cz\u0119\u015b\u0107.<\/p>\n<p>Szerokie spektrum dzia\u0142ania tego innowacyjnego spraya do czyszczenia i konserwacji, zapewnienia d\u0142ugotrwa\u0142\u0105 ochron\u0119 ka\u017cdego mechanizmu oraz zabezpiecza go przed korozj\u0105.<\/p>\n<h5 class=\"mb-2 mt-5\">BRUNOX\u00ae Turbo-Spray\u00ae jest preparatem o szerokim zastosowaniu. Czy\u015bci, Odrdzewia i dzia\u0142a antykorozyjnie, smaruje i konserwuje.<\/h5>\n<p><strong>Czy\u015bci<\/strong> -wnika g\u0142\u0119boko pod zabrudzenia takie jak smo\u0142a, pozosta\u0142o\u015bci kleju czy t\u0142uste p\u0142yny i rozpuszcza je sprawiaj\u0105c, \u017ce staj\u0105 si\u0119 \u0142atwe do usuni\u0119cia.<\/p>\n<p><strong>Odrdzewia i dzia\u0142a antykorozyjnie<\/strong>&#8211; doskonale wnika w nawet najtrudniej dost\u0119pne miejsca i rozpuszcza rdz\u0119. Tworzy te\u017c zwart\u0105 pow\u0142ok\u0119 ochronn\u0105, kt\u00f3ra wypiera wilgo\u0107 zapobiegaj\u0105c powstawaniu kolejnych ognisk korozji.<\/p>\n<p><strong>Smaruje i konserwuje<\/strong>-tworzy nietwardniej\u0105cy smar ochronny. Doskonale smaruje ruchome elementy, dzi\u0119ki czemu redukuje tarcie element\u00f3w mechanizm\u00f3w i ich zu\u017cycie. Pozostaje d\u0142ugo na spryskanych cz\u0119\u015bciach daj\u0105c im maksymaln\u0105 ochron\u0119.<\/p>\n<p style=\"text-align: center;\"><strong>Zalety preparatu BRUNOX\u00ae Turbo-Spray\u00ae<\/strong><\/p>\n<ol>\n<li>Skuteczne czyszczenie<\/li>\n<li>Ochrona przed korozj\u0105<\/li>\n<li>Smarowanie i redukcja tarcia<\/li>\n<li>Wszechstronne zastosowanie<\/li>\n<\/ol>\n<p>&nbsp;<\/p>\n<p>&nbsp;<\/p>\n<p><b>Przeznaczony do:<\/b><\/p>\n<p>Konserwacji, czyszczenia, prac naprawczych, produkcji, zabezpieczenia w trakcie przechowywania i transportu \u2013 maszyn, precyzyjnych narz\u0119dzi, p\u00f3\u0142produkt\u00f3w i gotowych produkt\u00f3w wykonanych z metalu, wszelkich pojazd\u00f3w i narz\u0119dzi elektrycznych.<\/p>\n<p>&nbsp;<\/p>\n<p>&nbsp;<\/p>\n","protected":false},"excerpt":{"rendered":"<p>BRUNOX\u00ae Turbo-Spray\u00ae To preparat do urz\u0105dze\u0144 i maszyn, dzi\u0119ki kt\u00f3remu [&hellip;]<\/p>\n","protected":false},"featured_media":801,"template":"","meta":{"_acf_changed":false},"product_cat":[62],"product_tag":[],"class_list":{"0":"post-800","1":"product","2":"type-product","3":"status-publish","4":"has-post-thumbnail","6":"product_cat-konserwacja-broni-i-akcesoria","8":"first","9":"instock","10":"taxable","11":"shipping-taxable","12":"purchasable","13":"product-type-simple"},"acf":[],"jetpack_sharing_enabled":true,"_links":{"self":[{"href":"https:\/\/dzikus.com.pl\/index.php?rest_route=\/wp\/v2\/product\/800","targetHints":{"allow":["GET"]}}],"collection":[{"href":"https:\/\/dzikus.com.pl\/index.php?rest_route=\/wp\/v2\/product"}],"about":[{"href":"https:\/\/dzikus.com.pl\/index.php?rest_route=\/wp\/v2\/types\/product"}],"wp:featuredmedia":[{"embeddable":true,"href":"https:\/\/dzikus.com.pl\/index.php?rest_route=\/wp\/v2\/media\/801"}],"wp:attachment":[{"href":"https:\/\/dzikus.com.pl\/index.php?rest_route=%2Fwp%2Fv2%2Fmedia&parent=800"}],"wp:term":[{"taxonomy":"product_cat","embeddable":true,"href":"https:\/\/dzikus.com.pl\/index.php?rest_route=%2Fwp%2Fv2%2Fproduct_cat&post=800"},{"taxonomy":"product_tag","embeddable":true,"href":"https:\/\/dzikus.com.pl\/index.php?rest_route=%2Fwp%2Fv2%2Fproduct_tag&post=800"}],"curies":[{"name":"wp","href":"https:\/\/api.w.org\/{rel}","templated":true}]}}