{"id":798,"date":"2024-09-01T10:52:06","date_gmt":"2024-09-01T08:52:06","guid":{"rendered":"https:\/\/dzikus.com.pl\/?post_type=product&#038;p=798"},"modified":"2024-09-01T10:53:49","modified_gmt":"2024-09-01T08:53:49","slug":"brunox-lub-cor-do-smarowania-broni-400-ml","status":"publish","type":"product","link":"https:\/\/dzikus.com.pl\/?product=brunox-lub-cor-do-smarowania-broni-400-ml","title":{"rendered":"BRUNOX LUB &#038; COR do smarowania broni 400 ml"},"content":{"rendered":"<h2 style=\"text-align: center;\">BRUNOX LUB &amp; COR<\/h2>\n<p>To zaawansowana formu\u0142a preparat\u00f3w, kt\u00f3ra pozwala na niezawodn\u0105 ochron\u0119 przed korozj\u0105.<\/p>\n<p><strong>Brunox\u00ae Lub &amp; Cor<\/strong> zaleca si\u0119 do stosowania szczeg\u00f3lnie\u00a0 w przypadkach, je\u017celi bro\u0144 jest nara\u017cona na ekstremalne warunki atmosferyczne, zar\u00f3wno, kiedy musi by\u0107 w ci\u0105g\u0142ej gotowo\u015bci jak r\u00f3wnie\u017c podczas jej przechowywania.<\/p>\n<p style=\"text-align: center;\"><strong>Dzia\u0142anie Brunox\u00ae Lub &amp; Cor<\/strong><\/p>\n<p>&nbsp;<\/p>\n<p><strong>Brunox\u00ae Lub &amp; Cor <\/strong>preparat tworzy przylegaj\u0105c\u0105 niewysychaj\u0105c\u0105 pow\u0142ok\u0119.<\/p>\n<p>Pow\u0142oka ta umo\u017cliwia niezawodn\u0105 ochron\u0119 antykorozyjn\u0105.<\/p>\n<p>Preparat ten ma bardzo dobry sk\u0142ad i bezpieczny sk\u0142ad dzi\u0119ki czemu nadaje sie d\u0142ugotrwa\u0142ego stosowania.<\/p>\n<p>&nbsp;<\/p>\n<p>Dzia\u0142anie preparatu <strong>Brunox\u00ae Lub &amp; Cor <\/strong>zapewni nam maksymaln\u0105 ochron\u0119<\/p>\n<p>W zamkni\u0119tych oraz suchych pomieszczeniach do 3 lat<\/p>\n<p>Na zewn\u0105trz w miejscach zadaszonych do 12 miesi\u0119cy<\/p>\n<p>Na zewn\u0105trz\u00a0 bez dodatkowych zabezpiecze\u0144 do 5 miesi\u0119cy<\/p>\n<p>&nbsp;<\/p>\n<p>Przed zastosowaniem preparatu <strong>Brunox\u00ae Lub &amp; Cor <\/strong>nale\u017cy dobrze wyczy\u015bci\u0107 bro\u0144, nast\u0119pnie na\u0142o\u017cy\u0107\u00a0 r\u00f3wnomiern\u0105 warstw\u0119 preparatu , po wyschni\u0119ciu nadmiar produktu zebra\u0107.<\/p>\n<p>Bro\u0144 Gotowa do U\u017cytku.<\/p>\n<table class=\"mat-table cdk-table mb-4 mat-elevation-z8\" style=\"height: 223px;\" role=\"table\" width=\"643\">\n<thead role=\"rowgroup\">\n<tr class=\"mat-header-row cdk-header-row\" role=\"row\">\n<th class=\"mat-header-cell cdk-header-cell cdk-column-attribute mat-column-attribute\" role=\"columnheader\">Parametr<\/th>\n<th class=\"mat-header-cell cdk-header-cell cdk-column-description mat-column-description\" role=\"columnheader\">Warto\u015b\u0107<\/th>\n<\/tr>\n<\/thead>\n<tbody role=\"rowgroup\">\n<tr class=\"mat-row cdk-row\" role=\"row\">\n<td class=\"mat-cell cdk-cell cdk-column-attribute mat-column-attribute\" role=\"cell\">Kolor<\/td>\n<td class=\"mat-cell cdk-cell cdk-column-description mat-column-description\" role=\"cell\">oliwkowo-\u017c\u00f3\u0142ty<\/td>\n<\/tr>\n<tr class=\"mat-row cdk-row\" role=\"row\">\n<td class=\"mat-cell cdk-cell cdk-column-attribute mat-column-attribute\" role=\"cell\">G\u0119sto\u015b\u0107 (20\u00b0C)<\/td>\n<td class=\"mat-cell cdk-cell cdk-column-description mat-column-description\" role=\"cell\">0,85 \u00b1 0,02 g \/ cm3<\/td>\n<\/tr>\n<tr class=\"mat-row cdk-row\" role=\"row\">\n<td class=\"mat-cell cdk-cell cdk-column-attribute mat-column-attribute\" role=\"cell\">Lepko\u015b\u0107 dynamiczna (20\u00b0C)<\/td>\n<td class=\"mat-cell cdk-cell cdk-column-description mat-column-description\" role=\"cell\">p\u0142yn: 85 mPas, aerozol: 8,3 mPas<\/td>\n<\/tr>\n<tr class=\"mat-row cdk-row\" role=\"row\">\n<td class=\"mat-cell cdk-cell cdk-column-attribute mat-column-attribute\" role=\"cell\">Temperatura zap\u0142onu<\/td>\n<td class=\"mat-cell cdk-cell cdk-column-description mat-column-description\" role=\"cell\">p\u0142yn: &lt; 0\u00b0C, aerozol: 51\u00b0C<\/td>\n<\/tr>\n<tr class=\"mat-row cdk-row\" role=\"row\">\n<td class=\"mat-cell cdk-cell cdk-column-attribute mat-column-attribute\" role=\"cell\">Wytrzyma\u0142o\u015b\u0107 cieplna<\/td>\n<td class=\"mat-cell cdk-cell cdk-column-description mat-column-description\" role=\"cell\">od 41\u00b0C do 100\u00b0C<\/td>\n<\/tr>\n<tr class=\"mat-row cdk-row\" role=\"row\">\n<td class=\"mat-cell cdk-cell cdk-column-attribute mat-column-attribute\" role=\"cell\">Wydajno\u015b\u0107<\/td>\n<td class=\"mat-cell cdk-cell cdk-column-description mat-column-description\" role=\"cell\">oko\u0142o 40 m2\/l przy grubo\u015bci 5 \u03bcm<\/td>\n<\/tr>\n<\/tbody>\n<\/table>\n","protected":false},"excerpt":{"rendered":"<p>BRUNOX LUB &amp; COR To zaawansowana formu\u0142a preparat\u00f3w, kt\u00f3ra pozwala [&hellip;]<\/p>\n","protected":false},"featured_media":799,"template":"","meta":{"_acf_changed":false},"product_cat":[62,34],"product_tag":[],"class_list":{"0":"post-798","1":"product","2":"type-product","3":"status-publish","4":"has-post-thumbnail","6":"product_cat-konserwacja-broni-i-akcesoria","7":"product_cat-inne","9":"first","10":"instock","11":"taxable","12":"shipping-taxable","13":"purchasable","14":"product-type-simple"},"acf":[],"jetpack_sharing_enabled":true,"_links":{"self":[{"href":"https:\/\/dzikus.com.pl\/index.php?rest_route=\/wp\/v2\/product\/798","targetHints":{"allow":["GET"]}}],"collection":[{"href":"https:\/\/dzikus.com.pl\/index.php?rest_route=\/wp\/v2\/product"}],"about":[{"href":"https:\/\/dzikus.com.pl\/index.php?rest_route=\/wp\/v2\/types\/product"}],"wp:featuredmedia":[{"embeddable":true,"href":"https:\/\/dzikus.com.pl\/index.php?rest_route=\/wp\/v2\/media\/799"}],"wp:attachment":[{"href":"https:\/\/dzikus.com.pl\/index.php?rest_route=%2Fwp%2Fv2%2Fmedia&parent=798"}],"wp:term":[{"taxonomy":"product_cat","embeddable":true,"href":"https:\/\/dzikus.com.pl\/index.php?rest_route=%2Fwp%2Fv2%2Fproduct_cat&post=798"},{"taxonomy":"product_tag","embeddable":true,"href":"https:\/\/dzikus.com.pl\/index.php?rest_route=%2Fwp%2Fv2%2Fproduct_tag&post=798"}],"curies":[{"name":"wp","href":"https:\/\/api.w.org\/{rel}","templated":true}]}}