{"id":791,"date":"2024-09-01T10:09:25","date_gmt":"2024-09-01T08:09:25","guid":{"rendered":"https:\/\/dzikus.com.pl\/?post_type=product&#038;p=791"},"modified":"2024-09-01T10:09:25","modified_gmt":"2024-09-01T08:09:25","slug":"brunox-lub-cor-do-smarowania-broni-100-ml","status":"publish","type":"product","link":"https:\/\/dzikus.com.pl\/?product=brunox-lub-cor-do-smarowania-broni-100-ml","title":{"rendered":"BRUNOX LUB &#038; COR do smarowania broni 100 ml."},"content":{"rendered":"<p>&nbsp;<\/p>\n<h2 class=\"text-center\" style=\"text-align: center;\"><strong>Brunox\u00ae Lub &amp; Cor<\/strong><\/h2>\n<h5 class=\"text-center\" style=\"text-align: center;\">Szwajcarski preparat do smarowania i konserwacji wszelkiego rodzaju broni.<\/h5>\n<p>To zaawansowana formu\u0142a preparat\u00f3w, pozwala na niezawodn\u0105 ochron\u0119 przed korozj\u0105.<\/p>\n<p>Preparat Brunox\u00ae Lub &amp; Cor stosowany jest szczeg\u00f3lnie\u00a0 w przypadkach, kiedy bro\u0144 nara\u017cona jest na trudne warunki atmosferyczne, podczas cz\u0119stego u\u017cytkowania broni b\u0105d\u017a te\u017c podczas jej przechowywania.<\/p>\n<p>&nbsp;<\/p>\n<p style=\"text-align: center;\"><strong>Dzia\u0142anie Preparatu<\/strong>\u00a0 <strong>Brunox\u00ae Lub &amp; Cor\u00a0<\/strong><\/p>\n<p><strong>Brunox\u00ae Lub &amp; Cor<\/strong>\u00a0tworzy silnie przylegaj\u0105c\u0105 i niewysychaj\u0105c\u0105 pow\u0142ok\u0119, kt\u00f3ra dociera do ka\u017cdego, nawet najtrudniej dost\u0119pnego miejsca.\u00a0Preparat dzi\u0119ki w\u0142a\u015bciwo\u015bciom penetruj\u0105cym wnika w trudno dost\u0119pne rogi i kraw\u0119dzie, tym samym chroni\u0105c r\u00f3wnie\u017c te miejsca przed niepo\u017c\u0105danym dzia\u0142aniem korozji.<\/p>\n<p>Preparat <strong>Brunox\u00ae Lub &amp; Cor<\/strong> zapewni maksymaln\u0105 ochron\u0119 bez wzgl\u0119du na to w jakich warunkach przechowywana jest bro\u0144.<\/p>\n<p>W zamkni\u0119tych i suchych pomieszczeniach do 3 lat.<\/p>\n<p>Na zewn\u0105trz w miejscach zadaszonych do 12 miesi\u0119cy.<\/p>\n<p>Na zewn\u0105trz bez dodatkowych zabezpiecze\u0144 do 5 miesi\u0119cy.<\/p>\n<p style=\"text-align: center;\"><strong>Stosowanie<\/strong><\/p>\n<p>Wa\u017cne, aby pami\u0119ta\u0107 o tym, \u017ce przed ka\u017cdym u\u017cyciem preparatu <strong>Brunox\u00ae Lub &amp; Cor <\/strong>bro\u0144 nale\u017cy dobrze wyczy\u015bci\u0107. Nast\u0119pnie na\u0142o\u017cy\u0107 r\u00f3wnomiern\u0105 warstw\u0119 preparatu co spowoduje, \u017ce utworzy si\u0119 pow\u0142oka ochronna i antykorozyjna. Po wyschni\u0119ciu wytrze\u0107 nadmiar preparatu. Bro\u0144 Gotowa do U\u017cytku.<\/p>\n<p>&nbsp;<\/p>\n<table class=\"mat-table cdk-table mb-4 mat-elevation-z8\" style=\"height: 227px;\" role=\"table\" width=\"658\">\n<thead role=\"rowgroup\">\n<tr class=\"mat-header-row cdk-header-row\" role=\"row\">\n<th class=\"mat-header-cell cdk-header-cell cdk-column-attribute mat-column-attribute\" role=\"columnheader\">Parametr<\/th>\n<th class=\"mat-header-cell cdk-header-cell cdk-column-description mat-column-description\" role=\"columnheader\">Warto\u015b\u0107<\/th>\n<\/tr>\n<\/thead>\n<tbody role=\"rowgroup\">\n<tr class=\"mat-row cdk-row\" role=\"row\">\n<td class=\"mat-cell cdk-cell cdk-column-attribute mat-column-attribute\" role=\"cell\">Kolor<\/td>\n<td class=\"mat-cell cdk-cell cdk-column-description mat-column-description\" style=\"text-align: center;\" role=\"cell\">oliwkowo-\u017c\u00f3\u0142ty<\/td>\n<\/tr>\n<tr class=\"mat-row cdk-row\" role=\"row\">\n<td class=\"mat-cell cdk-cell cdk-column-attribute mat-column-attribute\" role=\"cell\">G\u0119sto\u015b\u0107 (20\u00b0C)<\/td>\n<td class=\"mat-cell cdk-cell cdk-column-description mat-column-description\" role=\"cell\">0,85 \u00b1 0,02 g \/ cm3<\/td>\n<\/tr>\n<tr class=\"mat-row cdk-row\" role=\"row\">\n<td class=\"mat-cell cdk-cell cdk-column-attribute mat-column-attribute\" role=\"cell\">Lepko\u015b\u0107 dynamiczna (20\u00b0C)<\/td>\n<td class=\"mat-cell cdk-cell cdk-column-description mat-column-description\" role=\"cell\">p\u0142yn: 85 mPas, aerozol: 8,3 mPas<\/td>\n<\/tr>\n<tr class=\"mat-row cdk-row\" role=\"row\">\n<td class=\"mat-cell cdk-cell cdk-column-attribute mat-column-attribute\" role=\"cell\">Temperatura zap\u0142onu<\/td>\n<td class=\"mat-cell cdk-cell cdk-column-description mat-column-description\" role=\"cell\">p\u0142yn: &lt; 0\u00b0C, aerozol: 51\u00b0C<\/td>\n<\/tr>\n<tr class=\"mat-row cdk-row\" role=\"row\">\n<td class=\"mat-cell cdk-cell cdk-column-attribute mat-column-attribute\" role=\"cell\">Wytrzyma\u0142o\u015b\u0107 cieplna<\/td>\n<td class=\"mat-cell cdk-cell cdk-column-description mat-column-description\" role=\"cell\">od 41\u00b0C do 100\u00b0C<\/td>\n<\/tr>\n<tr class=\"mat-row cdk-row\" role=\"row\">\n<td class=\"mat-cell cdk-cell cdk-column-attribute mat-column-attribute\" role=\"cell\">Wydajno\u015b\u0107<\/td>\n<td class=\"mat-cell cdk-cell cdk-column-description mat-column-description\" role=\"cell\">oko\u0142o 40 m2\/l przy grubo\u015bci 5 \u03bcm<\/td>\n<\/tr>\n<\/tbody>\n<\/table>\n","protected":false},"excerpt":{"rendered":"<p>&nbsp; Brunox\u00ae Lub &amp; Cor Szwajcarski preparat do smarowania i [&hellip;]<\/p>\n","protected":false},"featured_media":796,"template":"","meta":{"_acf_changed":false},"product_cat":[62],"product_tag":[],"class_list":{"0":"post-791","1":"product","2":"type-product","3":"status-publish","4":"has-post-thumbnail","6":"product_cat-konserwacja-broni-i-akcesoria","8":"first","9":"instock","10":"taxable","11":"shipping-taxable","12":"purchasable","13":"product-type-simple"},"acf":[],"jetpack_sharing_enabled":true,"_links":{"self":[{"href":"https:\/\/dzikus.com.pl\/index.php?rest_route=\/wp\/v2\/product\/791","targetHints":{"allow":["GET"]}}],"collection":[{"href":"https:\/\/dzikus.com.pl\/index.php?rest_route=\/wp\/v2\/product"}],"about":[{"href":"https:\/\/dzikus.com.pl\/index.php?rest_route=\/wp\/v2\/types\/product"}],"wp:featuredmedia":[{"embeddable":true,"href":"https:\/\/dzikus.com.pl\/index.php?rest_route=\/wp\/v2\/media\/796"}],"wp:attachment":[{"href":"https:\/\/dzikus.com.pl\/index.php?rest_route=%2Fwp%2Fv2%2Fmedia&parent=791"}],"wp:term":[{"taxonomy":"product_cat","embeddable":true,"href":"https:\/\/dzikus.com.pl\/index.php?rest_route=%2Fwp%2Fv2%2Fproduct_cat&post=791"},{"taxonomy":"product_tag","embeddable":true,"href":"https:\/\/dzikus.com.pl\/index.php?rest_route=%2Fwp%2Fv2%2Fproduct_tag&post=791"}],"curies":[{"name":"wp","href":"https:\/\/api.w.org\/{rel}","templated":true}]}}