{"id":778,"date":"2024-08-22T16:06:24","date_gmt":"2024-08-22T14:06:24","guid":{"rendered":"https:\/\/dzikus.com.pl\/?post_type=product&#038;p=778"},"modified":"2024-09-05T10:56:35","modified_gmt":"2024-09-05T08:56:35","slug":"kurtka-softshell-hunter","status":"publish","type":"product","link":"https:\/\/dzikus.com.pl\/?product=kurtka-softshell-hunter","title":{"rendered":"Kurtka softshell HUNTER"},"content":{"rendered":"<h2 style=\"text-align: center;\">KURTKA SOFTSHELL HUNTER<\/h2>\n<p>&nbsp;<\/p>\n<p>Kurtka wykonana z jest z materia\u0142u softshell-termo w dw\u00f3ch kolorach prz\u00f3d oraz ty\u0142 z nowoczesnego pomara\u0144czowego kamufla\u017cu, boki oraz r\u0119kawy w kolorze zielonym, jest lekka i przyjemna w dotyku.<\/p>\n<p>Doskonale sprawdzi si\u0119 podczas codziennego u\u017cytkowania oraz wypraw \u0142owieckich daj\u0105c odpowiedni komfort termiczny.<\/p>\n<p><span lang=\"pl-pl\" xml:lang=\"pl-pl\">Jest\u00a0<\/span><span lang=\"pl-pl\" xml:lang=\"pl-pl\">odporna na dzia\u0142anie czynnik\u00f3w atmosferycznych<\/span><span lang=\"pl-pl\" xml:lang=\"pl-pl\">.<\/span><\/p>\n<p>&nbsp;<\/p>\n<p style=\"text-align: center;\"><strong>CHARAKTERYSTYKA:<\/strong><\/p>\n<ol>\n<li>kolor pomara\u0144czowy kamufla\u017c plus zielony<\/li>\n<li>wysoka jako\u015b\u0107 materia\u0142u<\/li>\n<li>odpinany kaptur<\/li>\n<li>wytrzyma\u0142e zamki<\/li>\n<li>na r\u0119kawie oraz barku logo &#8222;HUNTER&#8221;<\/li>\n<li>d\u00f3\u0142 kurtki regulowany stoperami od wewn\u0105trz<\/li>\n<\/ol>\n<p>&nbsp;<\/p>\n<p style=\"text-align: center;\"><strong>TABELA WYMIAR\u00d3W:<\/strong><\/p>\n<table class=\"product-table-size\" style=\"height: 195px;\" width=\"659\" cellpadding=\"0\">\n<tbody>\n<tr>\n<th class=\"cell khaki\" scope=\"row\"><\/th>\n<th class=\"cell khaki\" scope=\"row\"><strong>XS<\/strong><\/th>\n<th class=\"cell khaki\" scope=\"row\"><strong>S<\/strong><\/th>\n<th class=\"cell khaki\" scope=\"row\"><strong>M<\/strong><\/th>\n<th class=\"cell khaki\" scope=\"row\"><strong>L<\/strong><\/th>\n<th class=\"cell khaki\" scope=\"row\"><strong>XL<\/strong><\/th>\n<th class=\"cell khaki\" scope=\"row\"><strong>2XL<\/strong><\/th>\n<\/tr>\n<tr>\n<th class=\"cell\">D\u0142ugo\u015b\u0107 z\u00a0przodu (A)<\/th>\n<th class=\"cell\">58<\/th>\n<th class=\"cell\">59<\/th>\n<th class=\"cell\">65<\/th>\n<th class=\"cell\">64<\/th>\n<th class=\"cell\">64<\/th>\n<th class=\"cell\">67<\/th>\n<\/tr>\n<tr>\n<th class=\"cell\">Obw\u00f3d\u00a0(biust) (B)<\/th>\n<th class=\"cell\">84<\/th>\n<th class=\"cell\">90<\/th>\n<th class=\"cell\">96<\/th>\n<th class=\"cell\">102<\/th>\n<th class=\"cell\">112<\/th>\n<th class=\"cell\">121<\/th>\n<\/tr>\n<tr>\n<th class=\"cell\">Talia<\/th>\n<th class=\"cell\">76<\/th>\n<th class=\"cell\">86<\/th>\n<th class=\"cell\">90<\/th>\n<th class=\"cell\">96<\/th>\n<th class=\"cell\">110<\/th>\n<th class=\"cell\">118<\/th>\n<\/tr>\n<tr>\n<th class=\"cell\">Biodra<\/th>\n<th class=\"cell\">88<\/th>\n<th class=\"cell\">94<\/th>\n<th class=\"cell\">100<\/th>\n<th class=\"cell\">106<\/th>\n<th class=\"cell\">114<\/th>\n<th class=\"cell\">122<\/th>\n<\/tr>\n<tr>\n<th class=\"cell\">R\u0119kaw (C)<\/th>\n<th class=\"cell\">62<\/th>\n<th class=\"cell\">61<\/th>\n<th class=\"cell\">63<\/th>\n<th class=\"cell\">63<\/th>\n<th class=\"cell\">62<\/th>\n<th class=\"cell\">62<\/th>\n<\/tr>\n<\/tbody>\n<\/table>\n<div>\n<div>\n<p style=\"text-align: center;\">Tolerancja do 1 cm<\/p>\n<p>\u00a0<img decoding=\"async\" class=\"aligncenter\" src=\"https:\/\/windrose.com.pl\/userdata\/public\/assets\/\/Przechwytywanie.PNG\" alt=\"\" width=\"250\" height=\"197\" \/><\/p>\n<\/div>\n<\/div>\n<p>&nbsp;<\/p>\n","protected":false},"excerpt":{"rendered":"<p>KURTKA SOFTSHELL HUNTER &nbsp; Kurtka wykonana z jest z materia\u0142u [&hellip;]<\/p>\n","protected":false},"featured_media":779,"template":"","meta":{"_acf_changed":false},"product_cat":[16,93,39],"product_tag":[],"class_list":{"0":"post-778","1":"product","2":"type-product","3":"status-publish","4":"has-post-thumbnail","6":"product_cat-odziez","7":"product_cat-odziez-damska","8":"product_cat-na-zbiorowke","10":"first","11":"instock","12":"taxable","13":"shipping-taxable","14":"purchasable","15":"product-type-simple"},"acf":[],"jetpack_sharing_enabled":true,"_links":{"self":[{"href":"https:\/\/dzikus.com.pl\/index.php?rest_route=\/wp\/v2\/product\/778","targetHints":{"allow":["GET"]}}],"collection":[{"href":"https:\/\/dzikus.com.pl\/index.php?rest_route=\/wp\/v2\/product"}],"about":[{"href":"https:\/\/dzikus.com.pl\/index.php?rest_route=\/wp\/v2\/types\/product"}],"wp:featuredmedia":[{"embeddable":true,"href":"https:\/\/dzikus.com.pl\/index.php?rest_route=\/wp\/v2\/media\/779"}],"wp:attachment":[{"href":"https:\/\/dzikus.com.pl\/index.php?rest_route=%2Fwp%2Fv2%2Fmedia&parent=778"}],"wp:term":[{"taxonomy":"product_cat","embeddable":true,"href":"https:\/\/dzikus.com.pl\/index.php?rest_route=%2Fwp%2Fv2%2Fproduct_cat&post=778"},{"taxonomy":"product_tag","embeddable":true,"href":"https:\/\/dzikus.com.pl\/index.php?rest_route=%2Fwp%2Fv2%2Fproduct_tag&post=778"}],"curies":[{"name":"wp","href":"https:\/\/api.w.org\/{rel}","templated":true}]}}