{"id":758,"date":"2024-08-22T15:35:19","date_gmt":"2024-08-22T13:35:19","guid":{"rendered":"https:\/\/dzikus.com.pl\/?post_type=product&#038;p=758"},"modified":"2024-08-22T15:35:20","modified_gmt":"2024-08-22T13:35:20","slug":"bluza-hybrydowa-seca-hunter-2","status":"publish","type":"product","link":"https:\/\/dzikus.com.pl\/?product=bluza-hybrydowa-seca-hunter-2","title":{"rendered":"Bluza Hybrydowa Seca Hunter"},"content":{"rendered":"<h2 style=\"text-align: center;\"><\/h2>\n<h2 style=\"text-align: center;\">BLUZA HYBRYDOWA SECA HUNTER<\/h2>\n<p>&nbsp;<\/p>\n<p>Bluza wykonana jest jest z dw\u00f3ch materia\u0142\u00f3w Softshell plus dzianina.<\/p>\n<p>Bluza chroni przed utrat\u0105 ciep\u0142a zachowuj\u0105c przy tym przep\u0142yw powietrza.<\/p>\n<p>Na bokach oraz ramionach bluzy s\u0105 wstawki, kt\u00f3re chroni\u0105 przed niewielkim deszczem i przetarciami.<\/p>\n<p>&nbsp;<\/p>\n<p style=\"text-align: center;\"><strong>CHARAKTERYSTYKA:<\/strong><\/p>\n<ol>\n<li>kolor oliwka\/Khaki<\/li>\n<li>mocne zamki<\/li>\n<li>taliowany kr\u00f3j<\/li>\n<li>dwie kieszenie z przodu zapinane na zamki<\/li>\n<li>haft z logo w\u00a0z\u0142otym kolorze<\/li>\n<li>st\u00f3jka chroni\u0105ca szyj\u0119 przed wiatrem<\/li>\n<li>d\u00f3\u0142 regulowany \u015bci\u0105gaczami<\/li>\n<\/ol>\n<p>&nbsp;<\/p>\n<p style=\"text-align: center;\"><strong>TABELA WYMIAR\u00d3W:<\/strong><\/p>\n<p>&nbsp;<\/p>\n<div class=\"_1voj4 _z9prt _1xzdi _ai5yc _5d6n2 _15lj1\">\n<div class=\"_2d49e_5pK0q\">\n<table class=\"product-table-size\" style=\"height: 137px;\" width=\"658\" cellpadding=\"0\">\n<tbody>\n<tr>\n<th class=\"cell khaki\" scope=\"row\"><\/th>\n<th class=\"cell khaki\" scope=\"row\"><strong>XS<\/strong><\/th>\n<th class=\"cell khaki\" scope=\"row\"><strong>S<\/strong><\/th>\n<th class=\"cell khaki\" scope=\"row\"><strong>M<\/strong><\/th>\n<th class=\"cell khaki\" scope=\"row\"><strong>L<\/strong><\/th>\n<th class=\"cell khaki\" scope=\"row\"><strong>XL<\/strong><\/th>\n<th class=\"cell khaki\" scope=\"row\"><strong>2XL<\/strong><\/th>\n<th class=\"cell khaki\" scope=\"row\"><strong>3XL<\/strong><\/th>\n<th class=\"cell khaki\" scope=\"row\"><strong>4XL<\/strong><\/th>\n<\/tr>\n<tr>\n<th class=\"cell\" scope=\"row\">D\u0142ugo\u015b\u0107 (A)<\/th>\n<th class=\"cell\" scope=\"row\">64<\/th>\n<th class=\"cell\" scope=\"row\">64<\/th>\n<th class=\"cell\" scope=\"row\">66<\/th>\n<th class=\"cell\" scope=\"row\">68<\/th>\n<th class=\"cell\" scope=\"row\">70<\/th>\n<th class=\"cell\" scope=\"row\">72<\/th>\n<th class=\"cell\" scope=\"row\">75<\/th>\n<th class=\"cell\" scope=\"row\">76<\/th>\n<\/tr>\n<tr>\n<th class=\"cell\" scope=\"row\">Obw\u00f3d\u00a0(biust) (B)<\/th>\n<th class=\"cell\" scope=\"row\">90<\/th>\n<th class=\"cell\" scope=\"row\">94<\/th>\n<th class=\"cell\" scope=\"row\">99<\/th>\n<th class=\"cell\" scope=\"row\">106<\/th>\n<th class=\"cell\" scope=\"row\">112<\/th>\n<th class=\"cell\" scope=\"row\">118<\/th>\n<th class=\"cell\" scope=\"row\">124<\/th>\n<th class=\"cell\" scope=\"row\">130<\/th>\n<\/tr>\n<tr>\n<th class=\"cell\" scope=\"row\">R\u0119kaw (C)<\/th>\n<th class=\"cell\" scope=\"row\">61<\/th>\n<th class=\"cell\" scope=\"row\">61,5<\/th>\n<th class=\"cell\" scope=\"row\">62<\/th>\n<th class=\"cell\" scope=\"row\">63,5<\/th>\n<th class=\"cell\" scope=\"row\">64<\/th>\n<th class=\"cell\" scope=\"row\">64,5<\/th>\n<th class=\"cell\" scope=\"row\">65<\/th>\n<th class=\"cell\" scope=\"row\">65,5<\/th>\n<\/tr>\n<\/tbody>\n<\/table>\n<div>\n<div>\n<p style=\"text-align: center;\">Tolerancja do 1 cm<\/p>\n<p><img decoding=\"async\" class=\"aligncenter\" src=\"https:\/\/windrose.com.pl\/userdata\/public\/assets\/\/Przechwytywanie.PNG\" alt=\"\" width=\"315\" height=\"248\" \/><\/p>\n<\/div>\n<\/div>\n<\/div>\n<\/div>\n","protected":false},"excerpt":{"rendered":"<p>BLUZA HYBRYDOWA SECA HUNTER &nbsp; Bluza wykonana jest jest z [&hellip;]<\/p>\n","protected":false},"featured_media":759,"template":"","meta":{"_acf_changed":false},"product_cat":[16,93],"product_tag":[],"class_list":{"0":"post-758","1":"product","2":"type-product","3":"status-publish","4":"has-post-thumbnail","6":"product_cat-odziez","7":"product_cat-odziez-damska","9":"first","10":"instock","11":"taxable","12":"shipping-taxable","13":"purchasable","14":"product-type-simple"},"acf":[],"jetpack_sharing_enabled":true,"_links":{"self":[{"href":"https:\/\/dzikus.com.pl\/index.php?rest_route=\/wp\/v2\/product\/758","targetHints":{"allow":["GET"]}}],"collection":[{"href":"https:\/\/dzikus.com.pl\/index.php?rest_route=\/wp\/v2\/product"}],"about":[{"href":"https:\/\/dzikus.com.pl\/index.php?rest_route=\/wp\/v2\/types\/product"}],"wp:featuredmedia":[{"embeddable":true,"href":"https:\/\/dzikus.com.pl\/index.php?rest_route=\/wp\/v2\/media\/759"}],"wp:attachment":[{"href":"https:\/\/dzikus.com.pl\/index.php?rest_route=%2Fwp%2Fv2%2Fmedia&parent=758"}],"wp:term":[{"taxonomy":"product_cat","embeddable":true,"href":"https:\/\/dzikus.com.pl\/index.php?rest_route=%2Fwp%2Fv2%2Fproduct_cat&post=758"},{"taxonomy":"product_tag","embeddable":true,"href":"https:\/\/dzikus.com.pl\/index.php?rest_route=%2Fwp%2Fv2%2Fproduct_tag&post=758"}],"curies":[{"name":"wp","href":"https:\/\/api.w.org\/{rel}","templated":true}]}}