{"id":751,"date":"2024-08-22T12:31:08","date_gmt":"2024-08-22T10:31:08","guid":{"rendered":"https:\/\/dzikus.com.pl\/?post_type=product&#038;p=751"},"modified":"2024-08-22T12:31:08","modified_gmt":"2024-08-22T10:31:08","slug":"wabik-na-kozla-z-regulacja-tonu-rdc03","status":"publish","type":"product","link":"https:\/\/dzikus.com.pl\/?product=wabik-na-kozla-z-regulacja-tonu-rdc03","title":{"rendered":"Wabik na koz\u0142a z regulacj\u0105 tonu RDC03"},"content":{"rendered":"<h2 style=\"text-align: center;\">WABIK NA KOZ\u0141A Z REGULACJ\u0104 TONU RDC03<\/h2>\n<p>&nbsp;<\/p>\n<div>Jeden z najskuteczniejszych na rynku wabik\u00f3w. Produkt zosta\u0142 solidnie wykonany, z wykorzystaniem dobrych materia\u0142\u00f3w.<\/div>\n<div>Jest niezwykle trwa\u0142y oraz odporny na niekorzystne warunki atmosferyczne. Oferowane wabiki na rogacza wydaj\u0105 wyj\u0105tkowo mi\u0119kkie i naturalne odg\u0142osy.<\/div>\n<div>Opaska znajduj\u0105ca si\u0119 wewn\u0105trz korpusu pozwala na samodzieln\u0105 regulacj\u0119 wysoko\u015bci tonu. Wabik dzia\u0142a na kozy wabione piskiem i odg\u0142osami przestraszonych ko\u017al\u0105t, a tak\u017ce na koz\u0142y wabione d\u017awi\u0119kami mikotu.<\/div>\n<div>Produkt umo\u017cliwia obejrzenie z bliska zwierz\u0119cia \u00a0i podj\u0119cie decyzji o strzale..<\/div>\n<div><\/div>\n","protected":false},"excerpt":{"rendered":"<p>WABIK NA KOZ\u0141A Z REGULACJ\u0104 TONU RDC03 &nbsp; Jeden z [&hellip;]<\/p>\n","protected":false},"featured_media":752,"template":"","meta":{"_acf_changed":false},"product_cat":[61],"product_tag":[],"class_list":{"0":"post-751","1":"product","2":"type-product","3":"status-publish","4":"has-post-thumbnail","6":"product_cat-wabiki-i-pastoraly","8":"first","9":"instock","10":"taxable","11":"shipping-taxable","12":"purchasable","13":"product-type-simple"},"acf":[],"jetpack_sharing_enabled":true,"_links":{"self":[{"href":"https:\/\/dzikus.com.pl\/index.php?rest_route=\/wp\/v2\/product\/751","targetHints":{"allow":["GET"]}}],"collection":[{"href":"https:\/\/dzikus.com.pl\/index.php?rest_route=\/wp\/v2\/product"}],"about":[{"href":"https:\/\/dzikus.com.pl\/index.php?rest_route=\/wp\/v2\/types\/product"}],"wp:featuredmedia":[{"embeddable":true,"href":"https:\/\/dzikus.com.pl\/index.php?rest_route=\/wp\/v2\/media\/752"}],"wp:attachment":[{"href":"https:\/\/dzikus.com.pl\/index.php?rest_route=%2Fwp%2Fv2%2Fmedia&parent=751"}],"wp:term":[{"taxonomy":"product_cat","embeddable":true,"href":"https:\/\/dzikus.com.pl\/index.php?rest_route=%2Fwp%2Fv2%2Fproduct_cat&post=751"},{"taxonomy":"product_tag","embeddable":true,"href":"https:\/\/dzikus.com.pl\/index.php?rest_route=%2Fwp%2Fv2%2Fproduct_tag&post=751"}],"curies":[{"name":"wp","href":"https:\/\/api.w.org\/{rel}","templated":true}]}}