{"id":744,"date":"2024-08-22T12:25:46","date_gmt":"2024-08-22T10:25:46","guid":{"rendered":"https:\/\/dzikus.com.pl\/?post_type=product&#038;p=744"},"modified":"2024-08-22T12:25:47","modified_gmt":"2024-08-22T10:25:47","slug":"wabik-na-kozla-z-pompka-rogacz-rdc01","status":"publish","type":"product","link":"https:\/\/dzikus.com.pl\/?product=wabik-na-kozla-z-pompka-rogacz-rdc01","title":{"rendered":"Wabik na Koz\u0142a z pompk\u0105 Rogacz RDC01"},"content":{"rendered":"<h2 style=\"text-align: center;\">WABIK NA KOZ\u0141A Z POMPK\u0104 ROGACZ RDC01<\/h2>\n<p>&nbsp;<\/p>\n<div>Celem wabika jest wywabienie zwierz\u0119cia z ukrycia. S\u0142ysz\u0105c charakterystyczny d\u017awi\u0119k, kozio\u0142 stara si\u0119 odnale\u017a\u0107 jego \u017ar\u00f3d\u0142o, tym samym opuszczaj\u0105c swoje bezpieczne otoczenie. Pozwala to na dok\u0142adne obejrzenie zwierzyny oraz jego parostk\u00f3w.\n<\/div>\n<div>Tylko prawid\u0142owe wykorzystanie wabika i umiej\u0119tne wydawanie d\u017awi\u0119k\u00f3w gwarantuje efektywne zwabienie koz\u0142a. Starsze zwierz\u0119ta nie reaguj\u0105 na odg\u0142osy zbyt szybko, gdy\u017c zachowuj\u0105 si\u0119 bardzo ostro\u017cnie \u2013 pod\u0105\u017caj\u0105 najcz\u0119\u015bciej krzakami lub wysok\u0105 traw\u0105, gdzie niejednokrotnie zatrzymuj\u0105 si\u0119 i ponownie nas\u0142uchuj\u0105. Mimo to, d\u0142ugie i monotonne wabienie koz\u0142a nie przyniesie po\u017c\u0105danych efekt\u00f3w. D\u017awi\u0119ki nale\u017cy wydobywa\u0107 wed\u0142ug okre\u015blonych sekwencji: pi\u0119\u0107 odg\u0142os\u00f3w z ok. 3\u20134 sekundowymi przerwami, 5 minut ciszy i dopiero kolejna sekwencja. Ca\u0142y etap wabienia nierzadko trwa nawet do 1 godziny!<\/div>\n","protected":false},"excerpt":{"rendered":"<p>WABIK NA KOZ\u0141A Z POMPK\u0104 ROGACZ RDC01 &nbsp; Celem wabika [&hellip;]<\/p>\n","protected":false},"featured_media":746,"template":"","meta":{"_acf_changed":false},"product_cat":[61],"product_tag":[],"class_list":{"0":"post-744","1":"product","2":"type-product","3":"status-publish","4":"has-post-thumbnail","6":"product_cat-wabiki-i-pastoraly","8":"first","9":"instock","10":"taxable","11":"shipping-taxable","12":"purchasable","13":"product-type-simple"},"acf":[],"jetpack_sharing_enabled":true,"_links":{"self":[{"href":"https:\/\/dzikus.com.pl\/index.php?rest_route=\/wp\/v2\/product\/744","targetHints":{"allow":["GET"]}}],"collection":[{"href":"https:\/\/dzikus.com.pl\/index.php?rest_route=\/wp\/v2\/product"}],"about":[{"href":"https:\/\/dzikus.com.pl\/index.php?rest_route=\/wp\/v2\/types\/product"}],"wp:featuredmedia":[{"embeddable":true,"href":"https:\/\/dzikus.com.pl\/index.php?rest_route=\/wp\/v2\/media\/746"}],"wp:attachment":[{"href":"https:\/\/dzikus.com.pl\/index.php?rest_route=%2Fwp%2Fv2%2Fmedia&parent=744"}],"wp:term":[{"taxonomy":"product_cat","embeddable":true,"href":"https:\/\/dzikus.com.pl\/index.php?rest_route=%2Fwp%2Fv2%2Fproduct_cat&post=744"},{"taxonomy":"product_tag","embeddable":true,"href":"https:\/\/dzikus.com.pl\/index.php?rest_route=%2Fwp%2Fv2%2Fproduct_tag&post=744"}],"curies":[{"name":"wp","href":"https:\/\/api.w.org\/{rel}","templated":true}]}}