{"id":739,"date":"2024-08-22T12:21:40","date_gmt":"2024-08-22T10:21:40","guid":{"rendered":"https:\/\/dzikus.com.pl\/?post_type=product&#038;p=739"},"modified":"2024-08-22T12:21:40","modified_gmt":"2024-08-22T10:21:40","slug":"wabik-kwik-dzika-wbc03","status":"publish","type":"product","link":"https:\/\/dzikus.com.pl\/?product=wabik-kwik-dzika-wbc03","title":{"rendered":"Wabik Kwik Dzika WBC03"},"content":{"rendered":"<p style=\"text-align: center;\"><strong>WABIK KWIK DZIKA WBC03<\/strong><\/p>\n<p>&nbsp;<\/p>\n<div>Kwik to d\u017awi\u0119k wydawany zar\u00f3wno przez ody\u0144ce jak\u00a0 i lochy.\u00a0 Z powodu silnego instynktu stadnego\u00a0 i jego ciekawej natury,\u00a0 b\u0119d\u0105 reagowa\u0142y na d\u017awi\u0119ki innych dzik\u00f3w\u00a0 kwicz\u0105c.<\/div>\n","protected":false},"excerpt":{"rendered":"<p>WABIK KWIK DZIKA WBC03 &nbsp; Kwik to d\u017awi\u0119k wydawany zar\u00f3wno [&hellip;]<\/p>\n","protected":false},"featured_media":741,"template":"","meta":{"_acf_changed":false},"product_cat":[34],"product_tag":[],"class_list":{"0":"post-739","1":"product","2":"type-product","3":"status-publish","4":"has-post-thumbnail","6":"product_cat-inne","8":"first","9":"instock","10":"taxable","11":"shipping-taxable","12":"purchasable","13":"product-type-simple"},"acf":[],"jetpack_sharing_enabled":true,"_links":{"self":[{"href":"https:\/\/dzikus.com.pl\/index.php?rest_route=\/wp\/v2\/product\/739","targetHints":{"allow":["GET"]}}],"collection":[{"href":"https:\/\/dzikus.com.pl\/index.php?rest_route=\/wp\/v2\/product"}],"about":[{"href":"https:\/\/dzikus.com.pl\/index.php?rest_route=\/wp\/v2\/types\/product"}],"wp:featuredmedia":[{"embeddable":true,"href":"https:\/\/dzikus.com.pl\/index.php?rest_route=\/wp\/v2\/media\/741"}],"wp:attachment":[{"href":"https:\/\/dzikus.com.pl\/index.php?rest_route=%2Fwp%2Fv2%2Fmedia&parent=739"}],"wp:term":[{"taxonomy":"product_cat","embeddable":true,"href":"https:\/\/dzikus.com.pl\/index.php?rest_route=%2Fwp%2Fv2%2Fproduct_cat&post=739"},{"taxonomy":"product_tag","embeddable":true,"href":"https:\/\/dzikus.com.pl\/index.php?rest_route=%2Fwp%2Fv2%2Fproduct_tag&post=739"}],"curies":[{"name":"wp","href":"https:\/\/api.w.org\/{rel}","templated":true}]}}