{"id":737,"date":"2024-08-22T12:19:13","date_gmt":"2024-08-22T10:19:13","guid":{"rendered":"https:\/\/dzikus.com.pl\/?post_type=product&#038;p=737"},"modified":"2024-08-22T12:19:14","modified_gmt":"2024-08-22T10:19:14","slug":"wabik-na-dziki-hog-wbc02","status":"publish","type":"product","link":"https:\/\/dzikus.com.pl\/?product=wabik-na-dziki-hog-wbc02","title":{"rendered":"Wabik na Dziki Hog WBC02"},"content":{"rendered":"<h2 style=\"text-align: center;\">WABIK NA DZIKI HOG WBC02<\/h2>\n<p>&nbsp;<\/p>\n<div>Wabik na dziki, kt\u00f3rego prawid\u0142owe wykorzystanie gwarantuje imponuj\u0105ce wyniki polowania. To absolutny niezb\u0119dnik ka\u017cdego my\u015bliwego, kt\u00f3ry zamierza wyruszy\u0107 na \u0142owy. Wydobywane d\u017awi\u0119ki przypominaj\u0105 odg\u0142osy wydawane przez loch\u0119, dzi\u0119ki czemu najszybciej na wabik zareaguj\u0105 m\u0142ode warchlaki. Mimo to produkt WBC02 HOG GRUNTER jest skuteczny w walce z ody\u0144cami. Sukces polowania zale\u017cy przede wszystkim od prawid\u0142owego wykorzystania wabika i umiej\u0119tnego wydobycia d\u017awi\u0119k\u00f3w. Ten typ dzia\u0142a na zasadzie wdech-wydech.<\/div>\n<div><\/div>\n<div><\/div>\n<div><strong><em>Przed u\u017cyciem nale\u017cy rozci\u0105gn\u0105\u0107 rur\u0119 do maksymalnych rozmiar\u00f3w, a ko\u0144c\u00f3wk\u0119 delikatnie obj\u0105\u0107 r\u0119k\u0105. Nast\u0119pnie mo\u017cna delikatnie dmucha\u0107, pr\u00f3buj\u0105c wyda\u0107 d\u017awi\u0119k. Odpowiednie brzmienie wabika to \u201eREH\u201d. Czynno\u015b\u0107 powinno si\u0119 wykona\u0107 kilkakrotnie, mi\u0119dzy kolejnymi powt\u00f3rzeniami trzeba odczeka\u0107 co najmniej 5 minut. Gwarantujemy, \u017ce oferowane w naszym sklepie wabiki na dziki to ca\u0142kowite odzwierciedlenie naturalnych odg\u0142os\u00f3w zwierz\u0119cych. Zapewniamy 100% skuteczno\u015b\u0107 produktu podczas polowa\u0144.<\/em><\/strong><\/div>\n<div><\/div>\n<div>Jedyny wabik na rynku dzia\u0142aj\u0105cy na wdech-wydech.<\/div>\n","protected":false},"excerpt":{"rendered":"<p>WABIK NA DZIKI HOG WBC02 &nbsp; Wabik na dziki, kt\u00f3rego [&hellip;]<\/p>\n","protected":false},"featured_media":738,"template":"","meta":{"_acf_changed":false},"product_cat":[61],"product_tag":[],"class_list":{"0":"post-737","1":"product","2":"type-product","3":"status-publish","4":"has-post-thumbnail","6":"product_cat-wabiki-i-pastoraly","8":"first","9":"instock","10":"taxable","11":"shipping-taxable","12":"purchasable","13":"product-type-simple"},"acf":[],"jetpack_sharing_enabled":true,"_links":{"self":[{"href":"https:\/\/dzikus.com.pl\/index.php?rest_route=\/wp\/v2\/product\/737","targetHints":{"allow":["GET"]}}],"collection":[{"href":"https:\/\/dzikus.com.pl\/index.php?rest_route=\/wp\/v2\/product"}],"about":[{"href":"https:\/\/dzikus.com.pl\/index.php?rest_route=\/wp\/v2\/types\/product"}],"wp:featuredmedia":[{"embeddable":true,"href":"https:\/\/dzikus.com.pl\/index.php?rest_route=\/wp\/v2\/media\/738"}],"wp:attachment":[{"href":"https:\/\/dzikus.com.pl\/index.php?rest_route=%2Fwp%2Fv2%2Fmedia&parent=737"}],"wp:term":[{"taxonomy":"product_cat","embeddable":true,"href":"https:\/\/dzikus.com.pl\/index.php?rest_route=%2Fwp%2Fv2%2Fproduct_cat&post=737"},{"taxonomy":"product_tag","embeddable":true,"href":"https:\/\/dzikus.com.pl\/index.php?rest_route=%2Fwp%2Fv2%2Fproduct_tag&post=737"}],"curies":[{"name":"wp","href":"https:\/\/api.w.org\/{rel}","templated":true}]}}