{"id":731,"date":"2024-08-22T12:16:11","date_gmt":"2024-08-22T10:16:11","guid":{"rendered":"https:\/\/dzikus.com.pl\/?post_type=product&#038;p=731"},"modified":"2024-08-22T12:16:11","modified_gmt":"2024-08-22T10:16:11","slug":"wabik-na-dziki-i-daniele-wbc01","status":"publish","type":"product","link":"https:\/\/dzikus.com.pl\/?product=wabik-na-dziki-i-daniele-wbc01","title":{"rendered":"Wabik na Dziki i Daniele WBC01"},"content":{"rendered":"<h2 style=\"text-align: center;\">WABIK NA DZIKI I DANIELE WBC01<\/h2>\n<div>Wabik na dziki i daniele niezwykle efektywny pomocnik my\u015bliwego sprawdzony w \u0142owisku, gdzie przebywaj\u0105 dziki lub byki daniela.<\/div>\n<div><\/div>\n<div>D\u017awi\u0119ki uzyskane z wabika s\u0105 odzwierciedleniem d\u017awi\u0119k\u00f3w wydawanych przez loch\u0119,<\/div>\n<div>kt\u00f3ra zach\u0119ca do \u017cerowania prowadzone przez siebie warchlaki i m\u0142odzie\u017c, co nie znaczy, \u017ce nie<\/div>\n<div>zareaguje na nie wycinek lub odyniec, a r\u00f3wnie\u017c mo\u017cna uzyska\u0107 d\u017awi\u0119ki byka daniela podczas bekowiska.<\/div>\n<p>&nbsp;<\/p>\n","protected":false},"excerpt":{"rendered":"<p>WABIK NA DZIKI I DANIELE WBC01 Wabik na dziki i [&hellip;]<\/p>\n","protected":false},"featured_media":732,"template":"","meta":{"_acf_changed":false},"product_cat":[34],"product_tag":[],"class_list":{"0":"post-731","1":"product","2":"type-product","3":"status-publish","4":"has-post-thumbnail","6":"product_cat-inne","8":"first","9":"instock","10":"taxable","11":"shipping-taxable","12":"purchasable","13":"product-type-simple"},"acf":[],"jetpack_sharing_enabled":true,"_links":{"self":[{"href":"https:\/\/dzikus.com.pl\/index.php?rest_route=\/wp\/v2\/product\/731","targetHints":{"allow":["GET"]}}],"collection":[{"href":"https:\/\/dzikus.com.pl\/index.php?rest_route=\/wp\/v2\/product"}],"about":[{"href":"https:\/\/dzikus.com.pl\/index.php?rest_route=\/wp\/v2\/types\/product"}],"wp:featuredmedia":[{"embeddable":true,"href":"https:\/\/dzikus.com.pl\/index.php?rest_route=\/wp\/v2\/media\/732"}],"wp:attachment":[{"href":"https:\/\/dzikus.com.pl\/index.php?rest_route=%2Fwp%2Fv2%2Fmedia&parent=731"}],"wp:term":[{"taxonomy":"product_cat","embeddable":true,"href":"https:\/\/dzikus.com.pl\/index.php?rest_route=%2Fwp%2Fv2%2Fproduct_cat&post=731"},{"taxonomy":"product_tag","embeddable":true,"href":"https:\/\/dzikus.com.pl\/index.php?rest_route=%2Fwp%2Fv2%2Fproduct_tag&post=731"}],"curies":[{"name":"wp","href":"https:\/\/api.w.org\/{rel}","templated":true}]}}