{"id":729,"date":"2024-08-22T12:13:09","date_gmt":"2024-08-22T10:13:09","guid":{"rendered":"https:\/\/dzikus.com.pl\/?post_type=product&#038;p=729"},"modified":"2024-08-22T12:13:09","modified_gmt":"2024-08-22T10:13:09","slug":"wabik-na-daniele-piec-tonow-fd01","status":"publish","type":"product","link":"https:\/\/dzikus.com.pl\/?product=wabik-na-daniele-piec-tonow-fd01","title":{"rendered":"Wabik na Daniele Pi\u0119\u0107 Ton\u00f3w FD01"},"content":{"rendered":"<p>&nbsp;<\/p>\n<section>Niezwykle efektywny pomocnik my\u015bliwego sprawdzonym w \u0142owisku, gdzie przebywaj\u0105\u00a0 byki daniela.<\/p>\n<p>D\u017awi\u0119ki uzyskane z wabika s\u0105 odzwierciedleniem d\u017awi\u0119k\u00f3w wydawanych podczas bekowiska przez BYKA DANIELA.<\/p>\n<p>Wabik posiada oring, kt\u00f3rym regulujemy wysoko\u015b\u0107 d\u017awi\u0119k\u00f3w wydawanych przez membran\u0119..<\/p>\n<\/section>\n<div><\/div>\n","protected":false},"excerpt":{"rendered":"<p>&nbsp; Niezwykle efektywny pomocnik my\u015bliwego sprawdzonym w \u0142owisku, gdzie przebywaj\u0105\u00a0 [&hellip;]<\/p>\n","protected":false},"featured_media":730,"template":"","meta":{"_acf_changed":false},"product_cat":[61],"product_tag":[],"class_list":{"0":"post-729","1":"product","2":"type-product","3":"status-publish","4":"has-post-thumbnail","6":"product_cat-wabiki-i-pastoraly","8":"first","9":"instock","10":"taxable","11":"shipping-taxable","12":"purchasable","13":"product-type-simple"},"acf":[],"jetpack_sharing_enabled":true,"_links":{"self":[{"href":"https:\/\/dzikus.com.pl\/index.php?rest_route=\/wp\/v2\/product\/729","targetHints":{"allow":["GET"]}}],"collection":[{"href":"https:\/\/dzikus.com.pl\/index.php?rest_route=\/wp\/v2\/product"}],"about":[{"href":"https:\/\/dzikus.com.pl\/index.php?rest_route=\/wp\/v2\/types\/product"}],"wp:featuredmedia":[{"embeddable":true,"href":"https:\/\/dzikus.com.pl\/index.php?rest_route=\/wp\/v2\/media\/730"}],"wp:attachment":[{"href":"https:\/\/dzikus.com.pl\/index.php?rest_route=%2Fwp%2Fv2%2Fmedia&parent=729"}],"wp:term":[{"taxonomy":"product_cat","embeddable":true,"href":"https:\/\/dzikus.com.pl\/index.php?rest_route=%2Fwp%2Fv2%2Fproduct_cat&post=729"},{"taxonomy":"product_tag","embeddable":true,"href":"https:\/\/dzikus.com.pl\/index.php?rest_route=%2Fwp%2Fv2%2Fproduct_tag&post=729"}],"curies":[{"name":"wp","href":"https:\/\/api.w.org\/{rel}","templated":true}]}}