{"id":717,"date":"2024-08-22T12:01:02","date_gmt":"2024-08-22T10:01:02","guid":{"rendered":"https:\/\/dzikus.com.pl\/?post_type=product&#038;p=717"},"modified":"2024-08-22T12:01:02","modified_gmt":"2024-08-22T10:01:02","slug":"wabik-na-lisy-ptasi-przestrach-fc09","status":"publish","type":"product","link":"https:\/\/dzikus.com.pl\/?product=wabik-na-lisy-ptasi-przestrach-fc09","title":{"rendered":"Wabik na lisy Ptasi Przestrach FC09"},"content":{"rendered":"<h2 style=\"text-align: center;\">WABIK NA LISY PTASI PRZESTRACH FC09<\/h2>\n<p>&nbsp;<\/p>\n<section>Wabik zosta\u0142\u00a0 opracowany, aby na\u015bladowa\u0107 d\u017awi\u0119ki atakowanych, przera\u017conych\u00a0 ptak\u00f3w. Te d\u017awi\u0119ki s\u0105 bardzo skuteczne w wabieniu lisa i innych drapie\u017cnik\u00f3w. Aby na\u015bladowa\u0107 dzi\u0119cio\u0142a w niebezpiecze\u0144stwie, nale\u017cy dmucha\u0107 kr\u00f3tko i intensywnie lub u\u017cy\u0107\u00a0 twardego trrr, trrr, trrr. Aby wyda\u0107 odg\u0142osy przygn\u0119bienia mniejszych\u00a0 ptak\u00f3w, wci\u0105gaj energicznie\u00a0 powietrze i spowoduj\u00a0 wydobycie d\u017awi\u0119ku z wabika. Wabi\u0107 przez 15-30 sekund, odczeka\u0107\u00a0 1-2 minuty i powtarzaj przez 15 minut. Przy braku zainteresowania drapie\u017cnik\u00f3w, zmie\u0144 miejsce zasiadki.<\/p>\n<\/section>\n<div><\/div>\n","protected":false},"excerpt":{"rendered":"<p>WABIK NA LISY PTASI PRZESTRACH FC09 &nbsp; Wabik zosta\u0142\u00a0 opracowany, [&hellip;]<\/p>\n","protected":false},"featured_media":718,"template":"","meta":{"_acf_changed":false},"product_cat":[61],"product_tag":[],"class_list":{"0":"post-717","1":"product","2":"type-product","3":"status-publish","4":"has-post-thumbnail","6":"product_cat-wabiki-i-pastoraly","8":"first","9":"instock","10":"taxable","11":"shipping-taxable","12":"purchasable","13":"product-type-simple"},"acf":[],"jetpack_sharing_enabled":true,"_links":{"self":[{"href":"https:\/\/dzikus.com.pl\/index.php?rest_route=\/wp\/v2\/product\/717","targetHints":{"allow":["GET"]}}],"collection":[{"href":"https:\/\/dzikus.com.pl\/index.php?rest_route=\/wp\/v2\/product"}],"about":[{"href":"https:\/\/dzikus.com.pl\/index.php?rest_route=\/wp\/v2\/types\/product"}],"wp:featuredmedia":[{"embeddable":true,"href":"https:\/\/dzikus.com.pl\/index.php?rest_route=\/wp\/v2\/media\/718"}],"wp:attachment":[{"href":"https:\/\/dzikus.com.pl\/index.php?rest_route=%2Fwp%2Fv2%2Fmedia&parent=717"}],"wp:term":[{"taxonomy":"product_cat","embeddable":true,"href":"https:\/\/dzikus.com.pl\/index.php?rest_route=%2Fwp%2Fv2%2Fproduct_cat&post=717"},{"taxonomy":"product_tag","embeddable":true,"href":"https:\/\/dzikus.com.pl\/index.php?rest_route=%2Fwp%2Fv2%2Fproduct_tag&post=717"}],"curies":[{"name":"wp","href":"https:\/\/api.w.org\/{rel}","templated":true}]}}