{"id":714,"date":"2024-08-22T11:57:38","date_gmt":"2024-08-22T09:57:38","guid":{"rendered":"https:\/\/dzikus.com.pl\/?post_type=product&#038;p=714"},"modified":"2024-08-22T11:57:38","modified_gmt":"2024-08-22T09:57:38","slug":"wabik-na-lisy-kniazienie-zajaca-open-reed-fc08","status":"publish","type":"product","link":"https:\/\/dzikus.com.pl\/?product=wabik-na-lisy-kniazienie-zajaca-open-reed-fc08","title":{"rendered":"Wabik na lisy kniazienie zaj\u0105ca Open Reed FC08"},"content":{"rendered":"<h2 style=\"text-align: center;\">WABIK NA LISY KNIAZIENIE ZAJ\u0104CA OPEN REED FC08<\/h2>\n<p style=\"text-align: left;\" align=\"center\">Doskona\u0142y wabik na lisa i inne drapie\u017cniki. Zosta\u0142 specjalnie zaprojektowany by sprawdza\u0107 si\u0119 jak najlepiej w naszym \u015brodowisku.<\/p>\n<p style=\"text-align: left;\" align=\"center\">Wabienie jest naprawd\u0119 proste, a element drgaj\u0105cy w ustach nie zamarza. Przy pomocy wabika mo\u017cna wydawa\u0107 szerok\u0105 gam\u0119 d\u017awi\u0119k\u00f3w o dalekim zasi\u0119gu. Wabik posiada mo\u017cliwo\u015b\u0107 przywieszenia go na smyczy.<\/p>\n<p style=\"text-align: left;\" align=\"center\">Wabik wykonany w Polsce, testowany w \u0142owiskach. Wabienie jest \u0142atwe do wykonania.<\/p>\n<p style=\"text-align: left;\" align=\"center\">Zmieniaj kr\u00f3tkie i d\u0142ugie d\u017awi\u0119ki przez 15-25 sekund i powtarzaj co 3-4 minuty.<\/p>\n<p style=\"text-align: left;\" align=\"center\">Nast\u0119pnie spr\u00f3buj zmieni\u0107 ton stroika, je\u015bli nie pojawia si\u0119 drapie\u017cnik.<\/p>\n","protected":false},"excerpt":{"rendered":"<p>WABIK NA LISY KNIAZIENIE ZAJ\u0104CA OPEN REED FC08 Doskona\u0142y wabik [&hellip;]<\/p>\n","protected":false},"featured_media":715,"template":"","meta":{"_acf_changed":false},"product_cat":[61],"product_tag":[],"class_list":{"0":"post-714","1":"product","2":"type-product","3":"status-publish","4":"has-post-thumbnail","6":"product_cat-wabiki-i-pastoraly","8":"first","9":"instock","10":"taxable","11":"shipping-taxable","12":"purchasable","13":"product-type-simple"},"acf":[],"jetpack_sharing_enabled":true,"_links":{"self":[{"href":"https:\/\/dzikus.com.pl\/index.php?rest_route=\/wp\/v2\/product\/714","targetHints":{"allow":["GET"]}}],"collection":[{"href":"https:\/\/dzikus.com.pl\/index.php?rest_route=\/wp\/v2\/product"}],"about":[{"href":"https:\/\/dzikus.com.pl\/index.php?rest_route=\/wp\/v2\/types\/product"}],"wp:featuredmedia":[{"embeddable":true,"href":"https:\/\/dzikus.com.pl\/index.php?rest_route=\/wp\/v2\/media\/715"}],"wp:attachment":[{"href":"https:\/\/dzikus.com.pl\/index.php?rest_route=%2Fwp%2Fv2%2Fmedia&parent=714"}],"wp:term":[{"taxonomy":"product_cat","embeddable":true,"href":"https:\/\/dzikus.com.pl\/index.php?rest_route=%2Fwp%2Fv2%2Fproduct_cat&post=714"},{"taxonomy":"product_tag","embeddable":true,"href":"https:\/\/dzikus.com.pl\/index.php?rest_route=%2Fwp%2Fv2%2Fproduct_tag&post=714"}],"curies":[{"name":"wp","href":"https:\/\/api.w.org\/{rel}","templated":true}]}}