{"id":711,"date":"2024-08-22T11:52:31","date_gmt":"2024-08-22T09:52:31","guid":{"rendered":"https:\/\/dzikus.com.pl\/?post_type=product&#038;p=711"},"modified":"2024-08-22T11:52:31","modified_gmt":"2024-08-22T09:52:31","slug":"wabik-na-lisy-szczek-plus-kniazienie-fc-06","status":"publish","type":"product","link":"https:\/\/dzikus.com.pl\/?product=wabik-na-lisy-szczek-plus-kniazienie-fc-06","title":{"rendered":"Wabik na lisy szczek plus kniazienie FC 06"},"content":{"rendered":"<h2 style=\"text-align: center;\">WABIK NA LISY SZCZEK PLUS KNIEZIENIE FC 06<\/h2>\n<p>&nbsp;<\/p>\n<h2><strong>Doskona\u0142a imitacja zaj\u0105ca i lisa &#8211; Skuteczno\u015b\u0107 wabika Szczek plus Kniazienie<\/strong><\/h2>\n<p>Naszym celem by\u0142o stworzenie wabika, kt\u00f3ry nie tylko jest prosty w obs\u0142udze, ale tak\u017ce wyj\u0105tkowo wytrzyma\u0142y, zapewniaj\u0105cy d\u0142ugotrwa\u0142e u\u017cytkowanie w r\u00f3\u017cnych warunkach terenowych. Dzi\u0119ki zastosowaniu zaawansowanej technologii imitacji g\u0142os\u00f3w, nasz wabik na lisy HIT! FC06 oddaje doskonale szcz\u0119ki lisa i charakterystyczne kniazienie zaj\u0105ca. Ta doskona\u0142a imitacja jest kluczowym czynnikiem przyci\u0105gaj\u0105cym lisy, wilki i inne drapie\u017cniki z daleka.<\/p>\n<h2><strong>Trwa\u0142a konstrukcja &#8211; Wytrzyma\u0142o\u015b\u0107 na lata polowa\u0144<\/strong><\/h2>\n<p>Nie chodzi tylko o skuteczno\u015b\u0107 d\u017awi\u0119k\u00f3w. Nasz wabik zosta\u0142 zaprojektowany tak, aby przetrwa\u0107 d\u0142ugotrwa\u0142e u\u017cytkowanie w r\u00f3\u017cnorodnych warunkach. Wykorzystanie wysokiej jako\u015bci materia\u0142\u00f3w oraz solidna konstrukcja gwarantuj\u0105 niezawodno\u015b\u0107 w ka\u017cdym polowaniu. Niezale\u017cnie od tego, czy polujesz w lesie, na polach czy w g\u00f3rach, wabik HIT! FC06 b\u0119dzie Twoim zaufanym towarzyszem.<\/p>\n<h2><strong>Innowacyjna technologia w s\u0142u\u017cbie polowa\u0144 &#8211; HIT! FC06<\/strong><\/h2>\n<p>Nie tra\u0107 wi\u0119cej czasu na przestarza\u0142e metody wabienia. Skorzystaj z zaawansowanej technologii wabika na lisy HIT! FC06 i do\u015bwiadcz nowego poziomu skuteczno\u015bci podczas polowa\u0144. Jego doskona\u0142a imitacja g\u0142os\u00f3w zaj\u0105ca i lisa, po\u0142\u0105czona z wytrzyma\u0142\u0105 konstrukcj\u0105, sprawi, \u017ce staniesz si\u0119 nieod\u0142\u0105cznym elementem naturalnego \u015brodowiska drapie\u017cnik\u00f3w. Daj si\u0119 pozna\u0107 z jak najlepszej strony, wybieraj\u0105c HIT! FC06 &#8211; wabik, na kt\u00f3rym mo\u017cesz polega\u0107 w ka\u017cdej sytuacji.<\/p>\n","protected":false},"excerpt":{"rendered":"<p>WABIK NA LISY SZCZEK PLUS KNIEZIENIE FC 06 &nbsp; Doskona\u0142a [&hellip;]<\/p>\n","protected":false},"featured_media":712,"template":"","meta":{"_acf_changed":false},"product_cat":[61],"product_tag":[],"class_list":{"0":"post-711","1":"product","2":"type-product","3":"status-publish","4":"has-post-thumbnail","6":"product_cat-wabiki-i-pastoraly","8":"first","9":"instock","10":"taxable","11":"shipping-taxable","12":"purchasable","13":"product-type-simple"},"acf":[],"jetpack_sharing_enabled":true,"_links":{"self":[{"href":"https:\/\/dzikus.com.pl\/index.php?rest_route=\/wp\/v2\/product\/711","targetHints":{"allow":["GET"]}}],"collection":[{"href":"https:\/\/dzikus.com.pl\/index.php?rest_route=\/wp\/v2\/product"}],"about":[{"href":"https:\/\/dzikus.com.pl\/index.php?rest_route=\/wp\/v2\/types\/product"}],"wp:featuredmedia":[{"embeddable":true,"href":"https:\/\/dzikus.com.pl\/index.php?rest_route=\/wp\/v2\/media\/712"}],"wp:attachment":[{"href":"https:\/\/dzikus.com.pl\/index.php?rest_route=%2Fwp%2Fv2%2Fmedia&parent=711"}],"wp:term":[{"taxonomy":"product_cat","embeddable":true,"href":"https:\/\/dzikus.com.pl\/index.php?rest_route=%2Fwp%2Fv2%2Fproduct_cat&post=711"},{"taxonomy":"product_tag","embeddable":true,"href":"https:\/\/dzikus.com.pl\/index.php?rest_route=%2Fwp%2Fv2%2Fproduct_tag&post=711"}],"curies":[{"name":"wp","href":"https:\/\/api.w.org\/{rel}","templated":true}]}}