{"id":709,"date":"2024-08-22T11:47:49","date_gmt":"2024-08-22T09:47:49","guid":{"rendered":"https:\/\/dzikus.com.pl\/?post_type=product&#038;p=709"},"modified":"2024-08-22T11:47:49","modified_gmt":"2024-08-22T09:47:49","slug":"wabik-miechowy-na-lisy-predator-plus-zatyczka-fc05","status":"publish","type":"product","link":"https:\/\/dzikus.com.pl\/?product=wabik-miechowy-na-lisy-predator-plus-zatyczka-fc05","title":{"rendered":"Wabik Miechowy na lisy Predator plus zatyczka FC05"},"content":{"rendered":"<div style=\"text-align: center;\">\n<h2>WABIK MIECHOWY NA LISY PREDATOR PLUS ZATYCZKA FC05<\/h2>\n<\/div>\n<div style=\"text-align: left;\">\n<p class=\"paragraph\"><strong>Miechowy wabik na lisa PREDATOR<\/strong><\/p>\n<p class=\"paragraph\">Posiada metalowy stroik i tubus wykonany z twardego drewna.<\/p>\n<p class=\"paragraph\">Umo\u017cliwia wydawanie odg\u0142os\u00f3w imituj\u0105cych kniazienie kr\u00f3lika, zaj\u0105ca. Dzia\u0142a na zasadzie miecha, poprzez ruchy r\u0119k\u0105, powoduj\u0105ce przep\u0142yw powietrza przez stroik. Doskona\u0142y do polowa\u0144 na lisy, jenoty i inne drapie\u017cniki.<\/p>\n<p>&nbsp;<\/p>\n<p class=\"paragraph\">Kiedy idziesz do \u0142owiska, zachowaj szczeg\u00f3ln\u0105 cisz\u0119. Upewnij si\u0119 by wabik nie wyda\u0142 z siebie przypadkowego d\u017awi\u0119ku.<\/p>\n<p class=\"paragraph\">Gdy b\u0119dziesz na miejscu rozpocznij wabienie od poruszania miechem, usi\u0142uj\u0105c wydoby\u0107 d\u017awi\u0119ki kniazienia zaj\u0105ca.<\/p>\n<p class=\"paragraph\">Zacznij wabi\u0107 4-5 razy w ci\u0105gu 30 sekund, zr\u00f3b kilkuminutow\u0105 przerw\u0119 i zacznij od pocz\u0105tku.<\/p>\n<p class=\"paragraph\">W przypadku niepowodzenia przez 20-30 minut, udaj si\u0119 do innego miejsca oddalonego o nie mniej ni\u017c 700-800 metr\u00f3w i powt\u00f3rz ca\u0142y proces.<\/p>\n<\/div>\n","protected":false},"excerpt":{"rendered":"<p>WABIK MIECHOWY NA LISY PREDATOR PLUS ZATYCZKA FC05 Miechowy wabik [&hellip;]<\/p>\n","protected":false},"featured_media":710,"template":"","meta":{"_acf_changed":false},"product_cat":[61],"product_tag":[],"class_list":{"0":"post-709","1":"product","2":"type-product","3":"status-publish","4":"has-post-thumbnail","6":"product_cat-wabiki-i-pastoraly","8":"first","9":"instock","10":"taxable","11":"shipping-taxable","12":"purchasable","13":"product-type-simple"},"acf":[],"jetpack_sharing_enabled":true,"_links":{"self":[{"href":"https:\/\/dzikus.com.pl\/index.php?rest_route=\/wp\/v2\/product\/709","targetHints":{"allow":["GET"]}}],"collection":[{"href":"https:\/\/dzikus.com.pl\/index.php?rest_route=\/wp\/v2\/product"}],"about":[{"href":"https:\/\/dzikus.com.pl\/index.php?rest_route=\/wp\/v2\/types\/product"}],"wp:featuredmedia":[{"embeddable":true,"href":"https:\/\/dzikus.com.pl\/index.php?rest_route=\/wp\/v2\/media\/710"}],"wp:attachment":[{"href":"https:\/\/dzikus.com.pl\/index.php?rest_route=%2Fwp%2Fv2%2Fmedia&parent=709"}],"wp:term":[{"taxonomy":"product_cat","embeddable":true,"href":"https:\/\/dzikus.com.pl\/index.php?rest_route=%2Fwp%2Fv2%2Fproduct_cat&post=709"},{"taxonomy":"product_tag","embeddable":true,"href":"https:\/\/dzikus.com.pl\/index.php?rest_route=%2Fwp%2Fv2%2Fproduct_tag&post=709"}],"curies":[{"name":"wp","href":"https:\/\/api.w.org\/{rel}","templated":true}]}}