{"id":704,"date":"2024-08-22T11:40:00","date_gmt":"2024-08-22T09:40:00","guid":{"rendered":"https:\/\/dzikus.com.pl\/?post_type=product&#038;p=704"},"modified":"2024-08-22T11:40:00","modified_gmt":"2024-08-22T09:40:00","slug":"wabik-na-lisy-pisk-myszy-pompka-fc-04","status":"publish","type":"product","link":"https:\/\/dzikus.com.pl\/?product=wabik-na-lisy-pisk-myszy-pompka-fc-04","title":{"rendered":"Wabik na lisy pisk myszy pompka FC 04"},"content":{"rendered":"<h2 style=\"text-align: center;\">WABIK NA LISY PISK MYSZY POMPKA FC 04<\/h2>\n<p>&nbsp;<\/p>\n<div style=\"text-align: center;\"><strong>Wabik FC04 Mouse Squeaker<\/strong><\/div>\n<div><\/div>\n<div><strong>To doskona\u0142y wabik imituj\u0105cy <\/strong><strong>pisk przera\u017conej lub rannej myszy lub innego gryzonia.<\/strong><\/div>\n<div><\/div>\n<div><strong>Doskonale wabi lisy jak te\u017c i inne drapie\u017cniki.<\/strong><\/div>\n<div><strong>Dzi\u0119ki odpowiedniej wielko\u015bci i specjalnemu dostrojeniu potrafi zwabi\u0107 drapie\u017cnika nawet z do\u015b\u0107 du\u017cej odleg\u0142o\u015bci. Idealnie mie\u015bci si\u0119 w d\u0142oni!!!<\/strong><\/div>\n<div><\/div>\n<div><\/div>\n","protected":false},"excerpt":{"rendered":"<p>WABIK NA LISY PISK MYSZY POMPKA FC 04 &nbsp; Wabik [&hellip;]<\/p>\n","protected":false},"featured_media":706,"template":"","meta":{"_acf_changed":false},"product_cat":[61],"product_tag":[],"class_list":{"0":"post-704","1":"product","2":"type-product","3":"status-publish","4":"has-post-thumbnail","6":"product_cat-wabiki-i-pastoraly","8":"first","9":"instock","10":"taxable","11":"shipping-taxable","12":"purchasable","13":"product-type-simple"},"acf":[],"jetpack_sharing_enabled":true,"_links":{"self":[{"href":"https:\/\/dzikus.com.pl\/index.php?rest_route=\/wp\/v2\/product\/704","targetHints":{"allow":["GET"]}}],"collection":[{"href":"https:\/\/dzikus.com.pl\/index.php?rest_route=\/wp\/v2\/product"}],"about":[{"href":"https:\/\/dzikus.com.pl\/index.php?rest_route=\/wp\/v2\/types\/product"}],"wp:featuredmedia":[{"embeddable":true,"href":"https:\/\/dzikus.com.pl\/index.php?rest_route=\/wp\/v2\/media\/706"}],"wp:attachment":[{"href":"https:\/\/dzikus.com.pl\/index.php?rest_route=%2Fwp%2Fv2%2Fmedia&parent=704"}],"wp:term":[{"taxonomy":"product_cat","embeddable":true,"href":"https:\/\/dzikus.com.pl\/index.php?rest_route=%2Fwp%2Fv2%2Fproduct_cat&post=704"},{"taxonomy":"product_tag","embeddable":true,"href":"https:\/\/dzikus.com.pl\/index.php?rest_route=%2Fwp%2Fv2%2Fproduct_tag&post=704"}],"curies":[{"name":"wp","href":"https:\/\/api.w.org\/{rel}","templated":true}]}}