{"id":700,"date":"2024-08-22T11:28:17","date_gmt":"2024-08-22T09:28:17","guid":{"rendered":"https:\/\/dzikus.com.pl\/?post_type=product&#038;p=700"},"modified":"2024-08-22T11:28:17","modified_gmt":"2024-08-22T09:28:17","slug":"wabik-na-lisy-double-reed-predator-call-fc03","status":"publish","type":"product","link":"https:\/\/dzikus.com.pl\/?product=wabik-na-lisy-double-reed-predator-call-fc03","title":{"rendered":"Wabik na lisy Double Reed Predator Call FC03"},"content":{"rendered":"<h2 style=\"text-align: center;\">WABIK NA LISY DOUBLE REED PREDATOR CALL FCO3<\/h2>\n<p>WABIK FC O3 DR<\/p>\n<div>\u015awietnie nadaje si\u0119 do wabienia drapie\u017cnik\u00f3w w rejonach cz\u0119stych polowa\u0144,<\/div>\n<div>poniewa\u017c drapie\u017cnik rozr\u00f3\u017cniaj\u0105cy dotychczasowe d\u017awi\u0119ki wabik\u00f3w nie oprze<\/div>\n<div>si\u0119 d\u017awi\u0119kom wydawanym przez ten wabik. Bardzo intensywny, dono\u015bny<\/div>\n<div>d\u017awi\u0119k zaj\u0105ca w zagro\u017ceniu. Doskonale wabi drapie\u017cniki wszelkiego rodzaju.<\/div>\n<div><\/div>\n<div><\/div>\n<div>Wydaje d\u017awi\u0119ki niespotykane wcze\u015bniej w \u017cadnym wabiku.<\/div>\n<div>Jest w nim zastosowana unikalna podw\u00f3jna membrana kt\u00f3ra doskonale<\/div>\n<div>symuluje d\u017awi\u0119ki wabi\u0105c nawet najbardziej do\u015bwiadczone drapie\u017cniki.<\/div>\n<p>&nbsp;<\/p>\n","protected":false},"excerpt":{"rendered":"<p>WABIK NA LISY DOUBLE REED PREDATOR CALL FCO3 WABIK FC [&hellip;]<\/p>\n","protected":false},"featured_media":701,"template":"","meta":{"_acf_changed":false},"product_cat":[61],"product_tag":[],"class_list":{"0":"post-700","1":"product","2":"type-product","3":"status-publish","4":"has-post-thumbnail","6":"product_cat-wabiki-i-pastoraly","8":"first","9":"instock","10":"taxable","11":"shipping-taxable","12":"purchasable","13":"product-type-simple"},"acf":[],"jetpack_sharing_enabled":true,"_links":{"self":[{"href":"https:\/\/dzikus.com.pl\/index.php?rest_route=\/wp\/v2\/product\/700","targetHints":{"allow":["GET"]}}],"collection":[{"href":"https:\/\/dzikus.com.pl\/index.php?rest_route=\/wp\/v2\/product"}],"about":[{"href":"https:\/\/dzikus.com.pl\/index.php?rest_route=\/wp\/v2\/types\/product"}],"wp:featuredmedia":[{"embeddable":true,"href":"https:\/\/dzikus.com.pl\/index.php?rest_route=\/wp\/v2\/media\/701"}],"wp:attachment":[{"href":"https:\/\/dzikus.com.pl\/index.php?rest_route=%2Fwp%2Fv2%2Fmedia&parent=700"}],"wp:term":[{"taxonomy":"product_cat","embeddable":true,"href":"https:\/\/dzikus.com.pl\/index.php?rest_route=%2Fwp%2Fv2%2Fproduct_cat&post=700"},{"taxonomy":"product_tag","embeddable":true,"href":"https:\/\/dzikus.com.pl\/index.php?rest_route=%2Fwp%2Fv2%2Fproduct_tag&post=700"}],"curies":[{"name":"wp","href":"https:\/\/api.w.org\/{rel}","templated":true}]}}