{"id":698,"date":"2024-08-21T17:13:31","date_gmt":"2024-08-21T15:13:31","guid":{"rendered":"https:\/\/dzikus.com.pl\/?post_type=product&#038;p=698"},"modified":"2024-08-21T17:13:31","modified_gmt":"2024-08-21T15:13:31","slug":"wabik-na-lisy-kniazienie-zajaca-predator-fc02","status":"publish","type":"product","link":"https:\/\/dzikus.com.pl\/?product=wabik-na-lisy-kniazienie-zajaca-predator-fc02","title":{"rendered":"Wabik na lisy Kniazienie Zaj\u0105ca Predator FC02"},"content":{"rendered":"<h2 style=\"text-align: center;\">WABIK NA LISY KNIAZIENIE ZAJ\u0104CA PREDATOR FCO2<\/h2>\n<p>&nbsp;<\/p>\n<div>Klasyczny i bardzo popularny wabik na wi\u0119ksze drapie\u017cniki.<\/div>\n<div>Na\u015bladuje kniazienie zaj\u0105ca.<\/div>\n<div>Doskonale wabi lisy i inne wi\u0119ksze drapie\u017cniki nawet z du\u017cych odleg\u0142o\u015bci.<\/div>\n<div>Prosty w obs\u0142udze oraz \u00a0bardzo wytrzyma\u0142y co pozwala na d\u0142ugie u\u017cytkowanie.<\/div>\n<div><\/div>\n<div>Bardzo realistyczny d\u017awi\u0119k !!!<\/div>\n<div><\/div>\n<div>\u015awietny metalowy, bardzo g\u0142o\u015bny stroik!!<\/div>\n<div>Stroik ma miedziowan\u0105, nierdzewn\u0105 membran\u0119.<\/div>\n<div>Regulacja i modulowanie wydawanych d\u017awi\u0119k\u00f3w ma wielki wp\u0142yw na efekty polowania.<\/div>\n","protected":false},"excerpt":{"rendered":"<p>WABIK NA LISY KNIAZIENIE ZAJ\u0104CA PREDATOR FCO2 &nbsp; Klasyczny i [&hellip;]<\/p>\n","protected":false},"featured_media":699,"template":"","meta":{"_acf_changed":false},"product_cat":[61],"product_tag":[],"class_list":{"0":"post-698","1":"product","2":"type-product","3":"status-publish","4":"has-post-thumbnail","6":"product_cat-wabiki-i-pastoraly","8":"first","9":"instock","10":"taxable","11":"shipping-taxable","12":"purchasable","13":"product-type-simple"},"acf":[],"jetpack_sharing_enabled":true,"_links":{"self":[{"href":"https:\/\/dzikus.com.pl\/index.php?rest_route=\/wp\/v2\/product\/698","targetHints":{"allow":["GET"]}}],"collection":[{"href":"https:\/\/dzikus.com.pl\/index.php?rest_route=\/wp\/v2\/product"}],"about":[{"href":"https:\/\/dzikus.com.pl\/index.php?rest_route=\/wp\/v2\/types\/product"}],"wp:featuredmedia":[{"embeddable":true,"href":"https:\/\/dzikus.com.pl\/index.php?rest_route=\/wp\/v2\/media\/699"}],"wp:attachment":[{"href":"https:\/\/dzikus.com.pl\/index.php?rest_route=%2Fwp%2Fv2%2Fmedia&parent=698"}],"wp:term":[{"taxonomy":"product_cat","embeddable":true,"href":"https:\/\/dzikus.com.pl\/index.php?rest_route=%2Fwp%2Fv2%2Fproduct_cat&post=698"},{"taxonomy":"product_tag","embeddable":true,"href":"https:\/\/dzikus.com.pl\/index.php?rest_route=%2Fwp%2Fv2%2Fproduct_tag&post=698"}],"curies":[{"name":"wp","href":"https:\/\/api.w.org\/{rel}","templated":true}]}}