{"id":695,"date":"2024-08-21T17:06:05","date_gmt":"2024-08-21T15:06:05","guid":{"rendered":"https:\/\/dzikus.com.pl\/?post_type=product&#038;p=695"},"modified":"2024-08-21T17:06:06","modified_gmt":"2024-08-21T15:06:06","slug":"wabik-na-lisa-kniazienie-zajaca-fc01","status":"publish","type":"product","link":"https:\/\/dzikus.com.pl\/?product=wabik-na-lisa-kniazienie-zajaca-fc01","title":{"rendered":"Wabik na lisa Kniazienie zaj\u0105ca FC01"},"content":{"rendered":"<h2 style=\"text-align: center;\">WABIK NA LISA KNIAZIENIE ZAJ\u0104CA FC01<\/h2>\n<p>&nbsp;<\/p>\n<p>Klasyczny oraz popularny wabik na du\u017ce drapie\u017cniki. Na\u015bladuje kniazienie zaj\u0105ca.<\/p>\n<p>&nbsp;<\/p>\n<p>Prosty w obs\u0142udze i wytrzyma\u0142y co pozwala na d\u0142ugie u\u017cytkowanie. Doskonale wabi lisy oraz inne drapie\u017cniki nawet z d\u0142ugich odleg\u0142o\u015bci.<\/p>\n<p>Regulacja wydawanych d\u017awi\u0119k\u00f3w ma ogromny wp\u0142yw na efekty polowania.<\/p>\n<p>Poprzez urozmaicenie wydawanych d\u017awi\u0119k\u00f3w gwarantujemy sobie powodzenie.<\/p>\n<p>Gdy sobie wyobrazimy \u017ce zaj\u0105c jest w zagro\u017ceniu\u00a0 i jego piskliwe wo\u0142anie powinno by\u0107 wype\u0142nione emocjami, co odwzorowuje si\u0119 w zainteresowaniu drapie\u017cnika. Jednak trzeba pami\u0119ta\u0107 o tym, aby nie wabi\u0107 przez przerwy. Nale\u017cy robi\u0107 d\u0142u\u017csze przerwy pomi\u0119dzy wabieniem w celu realistycznego odwzorowania kniazienia zaj\u0105ca.<\/p>\n<p>Wa\u017cne aby zaczyna\u0107 od cichego wabienia, gdy\u017c nie wiadomo jak blisko jest drapie\u017cnik.<\/p>\n<p>w razie braku zainteresowania stopniowo zwi\u0119ksza\u0107 si\u0142\u0119.<\/p>\n<p>&nbsp;<\/p>\n","protected":false},"excerpt":{"rendered":"<p>WABIK NA LISA KNIAZIENIE ZAJ\u0104CA FC01 &nbsp; Klasyczny oraz popularny [&hellip;]<\/p>\n","protected":false},"featured_media":696,"template":"","meta":{"_acf_changed":false},"product_cat":[61],"product_tag":[],"class_list":{"0":"post-695","1":"product","2":"type-product","3":"status-publish","4":"has-post-thumbnail","6":"product_cat-wabiki-i-pastoraly","8":"first","9":"instock","10":"taxable","11":"shipping-taxable","12":"purchasable","13":"product-type-simple"},"acf":[],"jetpack_sharing_enabled":true,"_links":{"self":[{"href":"https:\/\/dzikus.com.pl\/index.php?rest_route=\/wp\/v2\/product\/695","targetHints":{"allow":["GET"]}}],"collection":[{"href":"https:\/\/dzikus.com.pl\/index.php?rest_route=\/wp\/v2\/product"}],"about":[{"href":"https:\/\/dzikus.com.pl\/index.php?rest_route=\/wp\/v2\/types\/product"}],"wp:featuredmedia":[{"embeddable":true,"href":"https:\/\/dzikus.com.pl\/index.php?rest_route=\/wp\/v2\/media\/696"}],"wp:attachment":[{"href":"https:\/\/dzikus.com.pl\/index.php?rest_route=%2Fwp%2Fv2%2Fmedia&parent=695"}],"wp:term":[{"taxonomy":"product_cat","embeddable":true,"href":"https:\/\/dzikus.com.pl\/index.php?rest_route=%2Fwp%2Fv2%2Fproduct_cat&post=695"},{"taxonomy":"product_tag","embeddable":true,"href":"https:\/\/dzikus.com.pl\/index.php?rest_route=%2Fwp%2Fv2%2Fproduct_tag&post=695"}],"curies":[{"name":"wp","href":"https:\/\/api.w.org\/{rel}","templated":true}]}}