{"id":690,"date":"2024-08-21T16:52:31","date_gmt":"2024-08-21T14:52:31","guid":{"rendered":"https:\/\/dzikus.com.pl\/?post_type=product&#038;p=690"},"modified":"2024-08-31T20:46:56","modified_gmt":"2024-08-31T18:46:56","slug":"wabik-na-jelenia-hubertus-trzyczesciowa-tuba","status":"publish","type":"product","link":"https:\/\/dzikus.com.pl\/?product=wabik-na-jelenia-hubertus-trzyczesciowa-tuba","title":{"rendered":"Wabik na Jelenia HUBERTUS Trzycz\u0119\u015bciowa Tuba"},"content":{"rendered":"<h2 style=\"text-align: center;\">WABIK NA JELENIA HUBERTUS TRZYCZ\u0118\u015aCIOWA TUBA<\/h2>\n<p>&nbsp;<\/p>\n<p>Jedne z najlepszych wabik\u00f3w na jelenie. Wabik na jelenia trzycz\u0119\u015bciowa tuba -TELESKOPOWA rozsuwana tuba.<\/p>\n<p>\u2013 dwucz\u0119\u015bciowy, d\u0142ugo\u015b\u0107 ok. 41 cm, nr 300<br \/>\n\u2013 trzycz\u0119\u015bciowy, d\u0142ugo\u015b\u0107 ok. 52 cm, nr 301<\/p>\n","protected":false},"excerpt":{"rendered":"<p>WABIK NA JELENIA HUBERTUS TRZYCZ\u0118\u015aCIOWA TUBA &nbsp; Jedne z najlepszych [&hellip;]<\/p>\n","protected":false},"featured_media":795,"template":"","meta":{"_acf_changed":false},"product_cat":[61],"product_tag":[94],"class_list":{"0":"post-690","1":"product","2":"type-product","3":"status-publish","4":"has-post-thumbnail","6":"product_cat-wabiki-i-pastoraly","7":"product_tag-wabik-na-jelenia","9":"first","10":"instock","11":"taxable","12":"shipping-taxable","13":"purchasable","14":"product-type-simple"},"acf":[],"jetpack_sharing_enabled":true,"_links":{"self":[{"href":"https:\/\/dzikus.com.pl\/index.php?rest_route=\/wp\/v2\/product\/690","targetHints":{"allow":["GET"]}}],"collection":[{"href":"https:\/\/dzikus.com.pl\/index.php?rest_route=\/wp\/v2\/product"}],"about":[{"href":"https:\/\/dzikus.com.pl\/index.php?rest_route=\/wp\/v2\/types\/product"}],"wp:featuredmedia":[{"embeddable":true,"href":"https:\/\/dzikus.com.pl\/index.php?rest_route=\/wp\/v2\/media\/795"}],"wp:attachment":[{"href":"https:\/\/dzikus.com.pl\/index.php?rest_route=%2Fwp%2Fv2%2Fmedia&parent=690"}],"wp:term":[{"taxonomy":"product_cat","embeddable":true,"href":"https:\/\/dzikus.com.pl\/index.php?rest_route=%2Fwp%2Fv2%2Fproduct_cat&post=690"},{"taxonomy":"product_tag","embeddable":true,"href":"https:\/\/dzikus.com.pl\/index.php?rest_route=%2Fwp%2Fv2%2Fproduct_tag&post=690"}],"curies":[{"name":"wp","href":"https:\/\/api.w.org\/{rel}","templated":true}]}}