{"id":677,"date":"2024-08-20T17:24:05","date_gmt":"2024-08-20T15:24:05","guid":{"rendered":"https:\/\/dzikus.com.pl\/?post_type=product&#038;p=677"},"modified":"2024-08-20T17:24:05","modified_gmt":"2024-08-20T15:24:05","slug":"t-shirt-hunter","status":"publish","type":"product","link":"https:\/\/dzikus.com.pl\/?product=t-shirt-hunter","title":{"rendered":"T-SHIRT HUNTER"},"content":{"rendered":"<h2 style=\"text-align: center;\">T-SHIRT HUNTER<\/h2>\n<p>&nbsp;<\/p>\n<p>Koszulka wykonana w 100% ze \u015bwietnej jako\u015bciowo bawe\u0142ny z wyko\u0144czeniem sylikonowym, zwi\u0119kszaj\u0105cym jej trwa\u0142o\u015b\u0107.<\/p>\n<p>Komfortowa i przyjemna w u\u017cytkowaniu.<\/p>\n<p>&nbsp;<\/p>\n<p style=\"text-align: center;\"><strong>CHARAKTERYSTYKA:<\/strong><\/p>\n<ol>\n<li>ta\u015bma wzmacniaj\u0105ca na ramionach<\/li>\n<li>bez szw\u00f3w bocznych<\/li>\n<li>na piersi po lewej stronie haft z logo &#8222;Hunter&#8221;<\/li>\n<li>wyko\u0144czenie silikonowe<\/li>\n<\/ol>\n<p>&nbsp;<\/p>\n<p style=\"text-align: center;\">TABELA WYMIAR\u00d3W:<\/p>\n<p>&nbsp;<\/p>\n<table class=\"product-table-size\" style=\"height: 120px;\" width=\"614\" cellpadding=\"0\">\n<tbody>\n<tr>\n<th class=\"cell khaki\" scope=\"row\"><strong>XS<\/strong><\/th>\n<th class=\"cell khaki\" scope=\"row\"><strong>S<\/strong><\/th>\n<th class=\"cell khaki\" scope=\"row\"><strong>M<\/strong><\/th>\n<th class=\"cell khaki\" scope=\"row\"><strong>L<\/strong><\/th>\n<th class=\"cell khaki\" scope=\"row\"><strong>XL<\/strong><\/th>\n<th class=\"cell khaki\" scope=\"row\"><strong>XXL<\/strong><\/th>\n<\/tr>\n<tr>\n<th class=\"cell\" scope=\"row\">D\u0142ugo\u015b\u0107 (A)<\/th>\n<th class=\"cell\" scope=\"row\">67<\/th>\n<th class=\"cell\" scope=\"row\">69<\/th>\n<th class=\"cell\" scope=\"row\">71<\/th>\n<th class=\"cell\" scope=\"row\">74<\/th>\n<th class=\"cell\" scope=\"row\">77<\/th>\n<th class=\"cell\" scope=\"row\">80<\/th>\n<\/tr>\n<tr>\n<th class=\"cell\" scope=\"row\">Obw\u00f3d\u00a0 (B)<\/th>\n<th class=\"cell\" scope=\"row\">86<\/th>\n<th class=\"cell\" scope=\"row\">94<\/th>\n<th class=\"cell\" scope=\"row\">102<\/th>\n<th class=\"cell\" scope=\"row\">110<\/th>\n<th class=\"cell\" scope=\"row\">120<\/th>\n<th class=\"cell\" scope=\"row\">130<\/th>\n<\/tr>\n<tr>\n<th class=\"cell\" scope=\"row\">R\u0119kaw (C)<\/th>\n<th class=\"cell\" scope=\"row\">18<\/th>\n<th class=\"cell\" scope=\"row\">19<\/th>\n<th class=\"cell\" scope=\"row\">20<\/th>\n<th class=\"cell\" scope=\"row\">21<\/th>\n<th class=\"cell\" scope=\"row\">22<\/th>\n<th class=\"cell\" scope=\"row\">23<\/th>\n<\/tr>\n<\/tbody>\n<\/table>\n<div>\n<div>\n<p style=\"text-align: center;\">Tolerancja do 1 cm<\/p>\n<p><img decoding=\"async\" class=\"aligncenter\" src=\"https:\/\/windrose.com.pl\/userdata\/public\/assets\/\/Przechwytywanie.PNG\" alt=\"\" width=\"250\" height=\"197\" \/><\/p>\n<\/div>\n<\/div>\n","protected":false},"excerpt":{"rendered":"<p>T-SHIRT HUNTER &nbsp; Koszulka wykonana w 100% ze \u015bwietnej jako\u015bciowo [&hellip;]<\/p>\n","protected":false},"featured_media":678,"template":"","meta":{"_acf_changed":false},"product_cat":[16,18],"product_tag":[],"class_list":{"0":"post-677","1":"product","2":"type-product","3":"status-publish","4":"has-post-thumbnail","6":"product_cat-odziez","7":"product_cat-tschirt-koszula-mysliwsa","9":"first","10":"instock","11":"taxable","12":"shipping-taxable","13":"purchasable","14":"product-type-simple"},"acf":[],"jetpack_sharing_enabled":true,"_links":{"self":[{"href":"https:\/\/dzikus.com.pl\/index.php?rest_route=\/wp\/v2\/product\/677","targetHints":{"allow":["GET"]}}],"collection":[{"href":"https:\/\/dzikus.com.pl\/index.php?rest_route=\/wp\/v2\/product"}],"about":[{"href":"https:\/\/dzikus.com.pl\/index.php?rest_route=\/wp\/v2\/types\/product"}],"wp:featuredmedia":[{"embeddable":true,"href":"https:\/\/dzikus.com.pl\/index.php?rest_route=\/wp\/v2\/media\/678"}],"wp:attachment":[{"href":"https:\/\/dzikus.com.pl\/index.php?rest_route=%2Fwp%2Fv2%2Fmedia&parent=677"}],"wp:term":[{"taxonomy":"product_cat","embeddable":true,"href":"https:\/\/dzikus.com.pl\/index.php?rest_route=%2Fwp%2Fv2%2Fproduct_cat&post=677"},{"taxonomy":"product_tag","embeddable":true,"href":"https:\/\/dzikus.com.pl\/index.php?rest_route=%2Fwp%2Fv2%2Fproduct_tag&post=677"}],"curies":[{"name":"wp","href":"https:\/\/api.w.org\/{rel}","templated":true}]}}