{"id":671,"date":"2024-08-20T17:17:42","date_gmt":"2024-08-20T15:17:42","guid":{"rendered":"https:\/\/dzikus.com.pl\/?post_type=product&#038;p=671"},"modified":"2024-08-20T17:18:04","modified_gmt":"2024-08-20T15:18:04","slug":"spodnie-stretch-shell-sharq-hunter","status":"publish","type":"product","link":"https:\/\/dzikus.com.pl\/?product=spodnie-stretch-shell-sharq-hunter","title":{"rendered":"Spodnie stretch-shell SHARQ HUNTER"},"content":{"rendered":"<h2 style=\"text-align: center;\">SPODNIE STRETCH-SHELL SHARQ HUNTER<\/h2>\n<p>Spodnie wykonane s\u0105 ze stretchu to tkanina matowa, niemn\u0105ca, dobrze si\u0119 uk\u0142ada. Cechuje j\u0105 g\u0119sty splot, du\u017ca odporno\u015b\u0107 na rozci\u0105ganie oraz nie przemakalne.<\/p>\n<p>Softshell jest mi\u0119kki, o du\u017cej masie powierzchniowej, chroni przed wiatrem i przyjemnie otula cia\u0142o dzi\u0119ki wewn\u0119trznej warstwie polaru.<\/p>\n<p>Spodnie\u00a0 STRETCH-SHELL SHARQ Hunter zosta\u0142y zaprojektowane z my\u015bl\u0105 o my\u015bliwych, kt\u00f3rzy wiele godzin sp\u0119dzaj\u0105 w terenie.<\/p>\n<p>&nbsp;<\/p>\n<p style=\"text-align: center;\"><strong>CHARAKTERYSTYKA:<\/strong><\/p>\n<ol>\n<li>dwie kieszenie zapinane na zamek<\/li>\n<li>materia\u0142 softshell i &#8222;stretch-shell&#8221;<\/li>\n<li>\u00a0kolor czarny plus ziele\u0144<\/li>\n<li>logo &#8222;HUNTER&#8221;<\/li>\n<\/ol>\n<p>&nbsp;<\/p>\n<p style=\"text-align: center;\">TABELA WYMIAR\u00d3W:<\/p>\n<table class=\"product-table-size\" style=\"height: 154px;\" width=\"649\" cellpadding=\"0\">\n<tbody>\n<tr>\n<th class=\"cell khaki\" scope=\"row\"><\/th>\n<th class=\"cell khaki\" scope=\"row\">S<\/th>\n<th class=\"cell khaki\" scope=\"row\">M<\/th>\n<th class=\"cell khaki\" scope=\"row\">L<\/th>\n<th class=\"cell khaki\" scope=\"row\">XL<\/th>\n<th class=\"cell khaki\" scope=\"row\">2XL<\/th>\n<th class=\"cell khaki\" scope=\"row\">3XL<\/th>\n<\/tr>\n<tr>\n<th class=\"cell\" scope=\"row\">Obw\u00f3d w pasie<\/th>\n<th class=\"cell\" scope=\"row\">84-94<\/th>\n<th class=\"cell\" scope=\"row\">86-100<\/th>\n<th class=\"cell\" scope=\"row\">92-104<\/th>\n<th class=\"cell\" scope=\"row\">98-110<\/th>\n<th class=\"cell\" scope=\"row\">102-112<\/th>\n<th class=\"cell\" scope=\"row\">110-120<\/th>\n<\/tr>\n<tr>\n<th class=\"cell\" scope=\"row\">Obw\u00f3d w biodrach<\/th>\n<th class=\"cell\" scope=\"row\">98<\/th>\n<th class=\"cell\" scope=\"row\">110<\/th>\n<th class=\"cell\" scope=\"row\">114<\/th>\n<th class=\"cell\" scope=\"row\">122<\/th>\n<th class=\"cell\" scope=\"row\">126<\/th>\n<th class=\"cell\" scope=\"row\">132<\/th>\n<\/tr>\n<tr>\n<th class=\"cell\" scope=\"row\">Stan prz\u00f3d\/ty\u0142<\/th>\n<th class=\"cell\" scope=\"row\">33\/38<\/th>\n<th class=\"cell\" scope=\"row\">34\/39<\/th>\n<th class=\"cell\" scope=\"row\">34\/40<\/th>\n<th class=\"cell\" scope=\"row\">34\/40<\/th>\n<th class=\"cell\" scope=\"row\">35\/40<\/th>\n<th class=\"cell\" scope=\"row\">35,5\/43,5<\/th>\n<\/tr>\n<tr>\n<th class=\"cell\" scope=\"row\">D\u0142ugo\u015b\u0107 zewn\u0119trzna<\/th>\n<th class=\"cell\" scope=\"row\">102<\/th>\n<th class=\"cell\" scope=\"row\">105<\/th>\n<th class=\"cell\" scope=\"row\">105<\/th>\n<th class=\"cell\" scope=\"row\">109<\/th>\n<th class=\"cell\" scope=\"row\">112<\/th>\n<th class=\"cell\" scope=\"row\">112<\/th>\n<\/tr>\n<\/tbody>\n<\/table>\n<p style=\"text-align: center;\">\u00a0Tolerancja do 1 cm<\/p>\n<p>&nbsp;<\/p>\n","protected":false},"excerpt":{"rendered":"<p>SPODNIE STRETCH-SHELL SHARQ HUNTER Spodnie wykonane s\u0105 ze stretchu to [&hellip;]<\/p>\n","protected":false},"featured_media":672,"template":"","meta":{"_acf_changed":false},"product_cat":[16,38],"product_tag":[],"class_list":{"0":"post-671","1":"product","2":"type-product","3":"status-publish","4":"has-post-thumbnail","6":"product_cat-odziez","7":"product_cat-spodnie","9":"first","10":"instock","11":"taxable","12":"shipping-taxable","13":"purchasable","14":"product-type-simple"},"acf":[],"jetpack_sharing_enabled":true,"_links":{"self":[{"href":"https:\/\/dzikus.com.pl\/index.php?rest_route=\/wp\/v2\/product\/671","targetHints":{"allow":["GET"]}}],"collection":[{"href":"https:\/\/dzikus.com.pl\/index.php?rest_route=\/wp\/v2\/product"}],"about":[{"href":"https:\/\/dzikus.com.pl\/index.php?rest_route=\/wp\/v2\/types\/product"}],"wp:featuredmedia":[{"embeddable":true,"href":"https:\/\/dzikus.com.pl\/index.php?rest_route=\/wp\/v2\/media\/672"}],"wp:attachment":[{"href":"https:\/\/dzikus.com.pl\/index.php?rest_route=%2Fwp%2Fv2%2Fmedia&parent=671"}],"wp:term":[{"taxonomy":"product_cat","embeddable":true,"href":"https:\/\/dzikus.com.pl\/index.php?rest_route=%2Fwp%2Fv2%2Fproduct_cat&post=671"},{"taxonomy":"product_tag","embeddable":true,"href":"https:\/\/dzikus.com.pl\/index.php?rest_route=%2Fwp%2Fv2%2Fproduct_tag&post=671"}],"curies":[{"name":"wp","href":"https:\/\/api.w.org\/{rel}","templated":true}]}}