{"id":658,"date":"2024-08-20T16:55:46","date_gmt":"2024-08-20T14:55:46","guid":{"rendered":"https:\/\/dzikus.com.pl\/?post_type=product&#038;p=658"},"modified":"2024-08-20T16:55:46","modified_gmt":"2024-08-20T14:55:46","slug":"spodnie-polarowe-hunter","status":"publish","type":"product","link":"https:\/\/dzikus.com.pl\/?product=spodnie-polarowe-hunter","title":{"rendered":"Spodnie Polarowe HUNTER."},"content":{"rendered":"<h2 style=\"text-align: center;\">SPODNIE POLAROWE HUNTER<\/h2>\n<p>Spodnie z kolekcji Hunter s\u0105 lu\u017ane, wygodne, lekkie oraz mi\u0142e w dodatku.<\/p>\n<p>Maj\u0105 dwie kieszenie na zamek co pozawala schowa\u0107 drobiazgi bez obawy, \u017ce si\u0119 zgubi\u0105.<\/p>\n<p>W pasie znajduje si\u0119 guma \u015bci\u0105gaj\u0105ca i zwi\u0119ksza tolerancj\u0119 szeroko\u015bci spodni w pasie.<\/p>\n<p>Na kolanach znajduje si\u0119 wzmocnienie materia\u0142 softshell.<\/p>\n<p>&nbsp;<\/p>\n<p style=\"text-align: center;\"><strong>CHARAKTERYSTYKA:<\/strong><\/p>\n<ol>\n<li>kolor zielony<\/li>\n<li>wzmocnienie na kolanach<\/li>\n<li>na prawej nogawce wyszyte logo &#8222;HUNTER&#8221;<\/li>\n<li>kieszenie zapinane na zamek<\/li>\n<li>grubo\u015b\u0107 materia\u0142u 270g\/m2<\/li>\n<li>idealne na ch\u0142odniejsze dni<\/li>\n<\/ol>\n<p>&nbsp;<\/p>\n<p style=\"text-align: center;\"><strong>Tabela wymiar\u00f3w:<\/strong><\/p>\n<p>&nbsp;<\/p>\n<table class=\"product-table-size\" style=\"height: 158px;\" width=\"658\" cellpadding=\"0\">\n<tbody>\n<tr>\n<th class=\"cell khaki\" scope=\"row\"><\/th>\n<th class=\"cell khaki\" scope=\"row\">S<\/th>\n<th class=\"cell khaki\" scope=\"row\">M<\/th>\n<th class=\"cell khaki\" scope=\"row\">L<\/th>\n<th class=\"cell khaki\" scope=\"row\">XL<\/th>\n<th class=\"cell khaki\" scope=\"row\">2XL<\/th>\n<\/tr>\n<tr>\n<th class=\"cell\" scope=\"row\">Obw\u00f3d w pasie<\/th>\n<th class=\"cell\" scope=\"row\">70-90<\/th>\n<th class=\"cell\" scope=\"row\">76-94<\/th>\n<th class=\"cell\" scope=\"row\">84-100<\/th>\n<th class=\"cell\" scope=\"row\">86-104<\/th>\n<th class=\"cell\" scope=\"row\">94-110<\/th>\n<\/tr>\n<tr>\n<th class=\"cell\" scope=\"row\">Obw\u00f3d w biodrach<\/th>\n<th class=\"cell\" scope=\"row\">100<\/th>\n<th class=\"cell\" scope=\"row\">110<\/th>\n<th class=\"cell\" scope=\"row\">112<\/th>\n<th class=\"cell\" scope=\"row\">120<\/th>\n<th class=\"cell\" scope=\"row\">128<\/th>\n<\/tr>\n<tr>\n<th class=\"cell\" scope=\"row\">Stan prz\u00f3d\/ty\u0142<\/th>\n<th class=\"cell\" scope=\"row\">35\/43<\/th>\n<th class=\"cell\" scope=\"row\">36\/44<\/th>\n<th class=\"cell\" scope=\"row\">40\/47<\/th>\n<th class=\"cell\" scope=\"row\">40\/48<\/th>\n<th class=\"cell\" scope=\"row\">40\/48<\/th>\n<\/tr>\n<tr>\n<th class=\"cell\" scope=\"row\">D\u0142ugo\u015b\u0107 zewn\u0119trzna<\/th>\n<th class=\"cell\" scope=\"row\">102<\/th>\n<th class=\"cell\" scope=\"row\">105<\/th>\n<th class=\"cell\" scope=\"row\">107<\/th>\n<th class=\"cell\" scope=\"row\">111<\/th>\n<th class=\"cell\" scope=\"row\">114<\/th>\n<\/tr>\n<\/tbody>\n<\/table>\n<p style=\"text-align: center;\">\u00a0Tolerancja do 1 cm<\/p>\n<p><strong>\u00a0<\/strong><\/p>\n<p>&nbsp;<\/p>\n","protected":false},"excerpt":{"rendered":"<p>SPODNIE POLAROWE HUNTER Spodnie z kolekcji Hunter s\u0105 lu\u017ane, wygodne, [&hellip;]<\/p>\n","protected":false},"featured_media":659,"template":"","meta":{"_acf_changed":false},"product_cat":[16,38],"product_tag":[],"class_list":{"0":"post-658","1":"product","2":"type-product","3":"status-publish","4":"has-post-thumbnail","6":"product_cat-odziez","7":"product_cat-spodnie","9":"first","10":"instock","11":"taxable","12":"shipping-taxable","13":"purchasable","14":"product-type-simple"},"acf":[],"jetpack_sharing_enabled":true,"_links":{"self":[{"href":"https:\/\/dzikus.com.pl\/index.php?rest_route=\/wp\/v2\/product\/658","targetHints":{"allow":["GET"]}}],"collection":[{"href":"https:\/\/dzikus.com.pl\/index.php?rest_route=\/wp\/v2\/product"}],"about":[{"href":"https:\/\/dzikus.com.pl\/index.php?rest_route=\/wp\/v2\/types\/product"}],"wp:featuredmedia":[{"embeddable":true,"href":"https:\/\/dzikus.com.pl\/index.php?rest_route=\/wp\/v2\/media\/659"}],"wp:attachment":[{"href":"https:\/\/dzikus.com.pl\/index.php?rest_route=%2Fwp%2Fv2%2Fmedia&parent=658"}],"wp:term":[{"taxonomy":"product_cat","embeddable":true,"href":"https:\/\/dzikus.com.pl\/index.php?rest_route=%2Fwp%2Fv2%2Fproduct_cat&post=658"},{"taxonomy":"product_tag","embeddable":true,"href":"https:\/\/dzikus.com.pl\/index.php?rest_route=%2Fwp%2Fv2%2Fproduct_tag&post=658"}],"curies":[{"name":"wp","href":"https:\/\/api.w.org\/{rel}","templated":true}]}}