{"id":632,"date":"2024-08-18T14:02:14","date_gmt":"2024-08-18T12:02:14","guid":{"rendered":"https:\/\/dzikus.com.pl\/?post_type=product&#038;p=632"},"modified":"2024-09-05T10:47:07","modified_gmt":"2024-09-05T08:47:07","slug":"spodnie-mysliwskie-hunter-orange-camo","status":"publish","type":"product","link":"https:\/\/dzikus.com.pl\/?product=spodnie-mysliwskie-hunter-orange-camo","title":{"rendered":"Spodnie My\u015bliwskie Hunter Orange Camo"},"content":{"rendered":"<h2 style=\"text-align: center;\">SPODNIE MY\u015aLIWSKIE HUNTER ORANGE CAMO<\/h2>\n<p>Spodnie Hunter idealnie sprawdz\u0105 si\u0119 w terenie, na polowaniach a zw\u0142aszcza zbior\u00f3wkach.<\/p>\n<p>TR\u00d3J-LAMINAT softshell\u00a0 bardzo odporny na zaci\u0105gni\u0119cia czy uszkodzenia, utrzymuje ciep\u0142o i chroni przed przemakaniem w trudnych warunkach, posiada oddychaj\u0105c\u0105 membran\u0119.<\/p>\n<p>Ciche podczas poruszania si\u0119 i bardzo funkcjonalne. Unikatowy produkt dla my\u015blistwa.<\/p>\n<p style=\"text-align: center;\"><strong>CHARAKTERYSTYKA:<\/strong><\/p>\n<ol>\n<li>kolor orange camo plus zielony<\/li>\n<li>trzy kieszenie zapinane na zamek<\/li>\n<li>logowane logiem &#8222;HUNTER:<\/li>\n<li>materia\u0142 softshell wiatroszczelny i nieprzemakalny<\/li>\n<li>pas regulowany gum\u0105, zapinane na nap\u0119<\/li>\n<\/ol>\n<p>&nbsp;<\/p>\n<p style=\"text-align: center;\"><strong>Tabela wymiar\u00f3w:<\/strong><\/p>\n<table class=\"product-table-size\" style=\"height: 143px;\" width=\"635\" cellpadding=\"0\">\n<tbody>\n<tr>\n<th class=\"cell khaki\" scope=\"row\"><\/th>\n<th class=\"cell khaki\" scope=\"row\">S<\/th>\n<th class=\"cell khaki\" scope=\"row\">M<\/th>\n<th class=\"cell khaki\" scope=\"row\">L<\/th>\n<th class=\"cell khaki\" scope=\"row\">XL<\/th>\n<th class=\"cell khaki\" scope=\"row\">2XL<\/th>\n<\/tr>\n<tr>\n<th class=\"cell\" scope=\"row\">Obw\u00f3d w pasie<\/th>\n<th class=\"cell\" scope=\"row\">84-94<\/th>\n<th class=\"cell\" scope=\"row\">86-100<\/th>\n<th class=\"cell\" scope=\"row\">92-104<\/th>\n<th class=\"cell\" scope=\"row\">98-110<\/th>\n<th class=\"cell\" scope=\"row\">102-112<\/th>\n<\/tr>\n<tr>\n<th class=\"cell\" scope=\"row\">Obw\u00f3d w biodrach<\/th>\n<th class=\"cell\" scope=\"row\">98<\/th>\n<th class=\"cell\" scope=\"row\">110<\/th>\n<th class=\"cell\" scope=\"row\">114<\/th>\n<th class=\"cell\" scope=\"row\">122<\/th>\n<th class=\"cell\" scope=\"row\">126<\/th>\n<\/tr>\n<tr>\n<th class=\"cell\" scope=\"row\">Stan prz\u00f3d\/ty\u0142<\/th>\n<th class=\"cell\" scope=\"row\">33\/38<\/th>\n<th class=\"cell\" scope=\"row\">34\/39<\/th>\n<th class=\"cell\" scope=\"row\">34\/40<\/th>\n<th class=\"cell\" scope=\"row\">34\/40<\/th>\n<th class=\"cell\" scope=\"row\">35\/40<\/th>\n<\/tr>\n<tr>\n<th class=\"cell\" scope=\"row\">D\u0142ugo\u015b\u0107 zewn\u0119trzna<\/th>\n<th class=\"cell\" scope=\"row\">102<\/th>\n<th class=\"cell\" scope=\"row\">105<\/th>\n<th class=\"cell\" scope=\"row\">105<\/th>\n<th class=\"cell\" scope=\"row\">109<\/th>\n<th class=\"cell\" scope=\"row\">112<\/th>\n<\/tr>\n<\/tbody>\n<\/table>\n<p style=\"text-align: center;\">Tolerancja do 1 cm<\/p>\n","protected":false},"excerpt":{"rendered":"<p>SPODNIE MY\u015aLIWSKIE HUNTER ORANGE CAMO Spodnie Hunter idealnie sprawdz\u0105 si\u0119 [&hellip;]<\/p>\n","protected":false},"featured_media":633,"template":"","meta":{"_acf_changed":false},"product_cat":[16,39,38],"product_tag":[],"class_list":{"0":"post-632","1":"product","2":"type-product","3":"status-publish","4":"has-post-thumbnail","6":"product_cat-odziez","7":"product_cat-na-zbiorowke","8":"product_cat-spodnie","10":"first","11":"instock","12":"taxable","13":"shipping-taxable","14":"purchasable","15":"product-type-simple"},"acf":[],"jetpack_sharing_enabled":true,"_links":{"self":[{"href":"https:\/\/dzikus.com.pl\/index.php?rest_route=\/wp\/v2\/product\/632","targetHints":{"allow":["GET"]}}],"collection":[{"href":"https:\/\/dzikus.com.pl\/index.php?rest_route=\/wp\/v2\/product"}],"about":[{"href":"https:\/\/dzikus.com.pl\/index.php?rest_route=\/wp\/v2\/types\/product"}],"wp:featuredmedia":[{"embeddable":true,"href":"https:\/\/dzikus.com.pl\/index.php?rest_route=\/wp\/v2\/media\/633"}],"wp:attachment":[{"href":"https:\/\/dzikus.com.pl\/index.php?rest_route=%2Fwp%2Fv2%2Fmedia&parent=632"}],"wp:term":[{"taxonomy":"product_cat","embeddable":true,"href":"https:\/\/dzikus.com.pl\/index.php?rest_route=%2Fwp%2Fv2%2Fproduct_cat&post=632"},{"taxonomy":"product_tag","embeddable":true,"href":"https:\/\/dzikus.com.pl\/index.php?rest_route=%2Fwp%2Fv2%2Fproduct_tag&post=632"}],"curies":[{"name":"wp","href":"https:\/\/api.w.org\/{rel}","templated":true}]}}