{"id":625,"date":"2024-08-18T13:51:02","date_gmt":"2024-08-18T11:51:02","guid":{"rendered":"https:\/\/dzikus.com.pl\/?post_type=product&#038;p=625"},"modified":"2024-08-18T13:51:18","modified_gmt":"2024-08-18T11:51:18","slug":"spodnie-funkcyjne-leste-hunter","status":"publish","type":"product","link":"https:\/\/dzikus.com.pl\/?product=spodnie-funkcyjne-leste-hunter","title":{"rendered":"Spodnie funkcyjne Leste Hunter"},"content":{"rendered":"<h2 style=\"text-align: center;\">SPODNIE FUNKCYJNE LESTE HUNTER<\/h2>\n<p>Spodnie te zosta\u0142y wykonane z materia\u0142u funkcyjnego typu STRETCH- jest to tkanina niemn\u0105ca, matowa, bardzo elastyczna.<\/p>\n<p>Po\u0142\u0105czenie dw\u00f3ch kolor\u00f3w &#8211; khaki i czarnego &#8211; sprawia, \u017ce s\u0105 one stylowe.<\/p>\n<p>Odporne na rozci\u0105ganie, lekkie i wygodne.<\/p>\n<p>Na lewej nogawce z przodu widnieje logo &#8222;Hunter&#8221; dlatego spodnie przeznaczone s\u0105 g\u0142\u00f3wnie dla my\u015bliwych, ale swoje zastosowanie znajd\u0105 r\u00f3wnie\u017c w codziennym u\u017cytkowaniu.<\/p>\n<p>Zapinane s\u0105 na zatrzask.<\/p>\n<p>Dwie kieszenie, kt\u00f3re s\u0105 zamykane na zamek. Lekko zw\u0119\u017cone nogawki a na dole wszyta jest guma do lepszego dopasowania.<\/p>\n<p>Wykonane s\u0105 z lekkiego materia\u0142u dlatego te\u017c idealnie si\u0119 nadadz\u0105 na wiosenne letni dni.<\/p>\n<p>Gwarantuj\u0105 swobod\u0119 ruch\u00f3w i wygod\u0119 przez ca\u0142y dzie\u0144 u\u017cytkowania.<\/p>\n<p>Materia\u0142 impregnowany \u2013 efekt sp\u0142ywu wody \u201cjak po kaczce\u201d.<\/p>\n<p style=\"text-align: center;\"><strong>CHARAKTERYSTYKA:<\/strong><\/p>\n<ol>\n<li>kolor czarny plus khaki<\/li>\n<li>lekkie i wygodne<\/li>\n<li>logowane<\/li>\n<li>dwie kieszenie zamykane na zamek<\/li>\n<li>szlufki na pasek<\/li>\n<\/ol>\n<p>&nbsp;<\/p>\n<p style=\"text-align: center;\">Tabela wymiar\u00f3w:<\/p>\n<table class=\"product-table-size\" style=\"height: 144px;\" width=\"638\" cellpadding=\"0\">\n<tbody>\n<tr>\n<th class=\"cell khaki\" scope=\"row\">S<\/th>\n<th class=\"cell khaki\" scope=\"row\">M<\/th>\n<th class=\"cell khaki\" scope=\"row\">L<\/th>\n<th class=\"cell khaki\" scope=\"row\">XL<\/th>\n<th class=\"cell khaki\" scope=\"row\">2XL<\/th>\n<\/tr>\n<tr>\n<th class=\"cell\" scope=\"row\">Obw\u00f3d w pasie<\/th>\n<th class=\"cell\" scope=\"row\">86<\/th>\n<th class=\"cell\" scope=\"row\">88<\/th>\n<th class=\"cell\" scope=\"row\">90<\/th>\n<th class=\"cell\" scope=\"row\">98<\/th>\n<th class=\"cell\" scope=\"row\">104<\/th>\n<\/tr>\n<tr>\n<th class=\"cell\" scope=\"row\">Obw\u00f3d w biodrach<\/th>\n<th class=\"cell\" scope=\"row\">100<\/th>\n<th class=\"cell\" scope=\"row\">106<\/th>\n<th class=\"cell\" scope=\"row\">108<\/th>\n<th class=\"cell\" scope=\"row\">110<\/th>\n<th class=\"cell\" scope=\"row\">116<\/th>\n<\/tr>\n<tr>\n<th class=\"cell\" scope=\"row\">Stan prz\u00f3d\/ty\u0142<\/th>\n<th class=\"cell\" scope=\"row\">30\/35<\/th>\n<th class=\"cell\" scope=\"row\">31\/34<\/th>\n<th class=\"cell\" scope=\"row\">34\/37<\/th>\n<th class=\"cell\" scope=\"row\">36\/39<\/th>\n<th class=\"cell\" scope=\"row\">36\/42<\/th>\n<\/tr>\n<tr>\n<th class=\"cell\" scope=\"row\">D\u0142ugo\u015b\u0107 zewn\u0119trzna<\/th>\n<th class=\"cell\" scope=\"row\">104<\/th>\n<th class=\"cell\" scope=\"row\">105<\/th>\n<th class=\"cell\" scope=\"row\">108<\/th>\n<th class=\"cell\" scope=\"row\">108<\/th>\n<th class=\"cell\" scope=\"row\">110<\/th>\n<\/tr>\n<\/tbody>\n<\/table>\n<p style=\"text-align: center;\">Tolerancja do 1 cm<\/p>\n","protected":false},"excerpt":{"rendered":"<p>SPODNIE FUNKCYJNE LESTE HUNTER Spodnie te zosta\u0142y wykonane z materia\u0142u [&hellip;]<\/p>\n","protected":false},"featured_media":626,"template":"","meta":{"_acf_changed":false},"product_cat":[16,38],"product_tag":[],"class_list":{"0":"post-625","1":"product","2":"type-product","3":"status-publish","4":"has-post-thumbnail","6":"product_cat-odziez","7":"product_cat-spodnie","9":"first","10":"instock","11":"taxable","12":"shipping-taxable","13":"purchasable","14":"product-type-simple"},"acf":[],"jetpack_sharing_enabled":true,"_links":{"self":[{"href":"https:\/\/dzikus.com.pl\/index.php?rest_route=\/wp\/v2\/product\/625","targetHints":{"allow":["GET"]}}],"collection":[{"href":"https:\/\/dzikus.com.pl\/index.php?rest_route=\/wp\/v2\/product"}],"about":[{"href":"https:\/\/dzikus.com.pl\/index.php?rest_route=\/wp\/v2\/types\/product"}],"wp:featuredmedia":[{"embeddable":true,"href":"https:\/\/dzikus.com.pl\/index.php?rest_route=\/wp\/v2\/media\/626"}],"wp:attachment":[{"href":"https:\/\/dzikus.com.pl\/index.php?rest_route=%2Fwp%2Fv2%2Fmedia&parent=625"}],"wp:term":[{"taxonomy":"product_cat","embeddable":true,"href":"https:\/\/dzikus.com.pl\/index.php?rest_route=%2Fwp%2Fv2%2Fproduct_cat&post=625"},{"taxonomy":"product_tag","embeddable":true,"href":"https:\/\/dzikus.com.pl\/index.php?rest_route=%2Fwp%2Fv2%2Fproduct_tag&post=625"}],"curies":[{"name":"wp","href":"https:\/\/api.w.org\/{rel}","templated":true}]}}