{"id":601,"date":"2024-08-16T18:25:18","date_gmt":"2024-08-16T16:25:18","guid":{"rendered":"https:\/\/dzikus.com.pl\/?post_type=product&#038;p=601"},"modified":"2024-08-16T18:28:15","modified_gmt":"2024-08-16T16:28:15","slug":"maestro-baranek-hunter","status":"publish","type":"product","link":"https:\/\/dzikus.com.pl\/?product=maestro-baranek-hunter","title":{"rendered":"Maestro Baranek Hunter"},"content":{"rendered":"<h2 style=\"text-align: center;\">MAESTRO BARANEK HUNTER<\/h2>\n<p>Polar jest bardzo ciep\u0142y oraz wytrzyma\u0142y, stworzony z my\u015bl\u0105 o my\u015bliwych, kt\u00f3rzy ceni\u0105 sobie komfort i jednocze\u015bnie potrzebuj\u0105 doskona\u0142ej ochrony przed utrat\u0105 ciep\u0142a podczas polowa\u0144 oraz wypraw \u0142owieckich.<\/p>\n<p>Wykonany jest z\u00a0 NAJGRUBSZEGO materia\u0142u.<\/p>\n<p>Sk\u0142ada si\u0119 z dw\u00f3ch warstw polaru, od wewn\u0119trznej strony ma struktur\u0119 &#8222;BARANKA&#8221; kt\u00f3ry jest naprawd\u0119 gruby i przyjemny w u\u017cytkowaniu.<\/p>\n<p>Rewelacyjne sprawdzi si\u0119 na ambonach, mo\u017cna j\u0105 traktowa\u0107 te\u017c jako kurtk\u0119 na spokojnie spe\u0142ni funkcje nawet przy przymrozkach, odporna na uszkodzenia i co najwa\u017cniejsze materia\u0142 jest cichy podczas poruszania si\u0119 dzi\u0119ki czemu nie p\u0142oszy zwierzyny.<\/p>\n<p>&nbsp;<\/p>\n<p style=\"text-align: center;\"><strong>CHARAKTERYSRTYKA:<\/strong><\/p>\n<ol>\n<li>kolor zielony<\/li>\n<li>mocne zamki spiralne<\/li>\n<li>zamek zamkni\u0119ty do ko\u0144ca szyi co tworzy nam st\u00f3jk\u0119 chroni\u0105ca nasza szyj\u0119 przed wiatrem<\/li>\n<li>dwie sko\u015bne kieszenie z zamkami u do\u0142u kurtki<\/li>\n<li>r\u0119kawy zako\u0144czone mankietami<\/li>\n<li>haft z logo &#8222;HUNTER&#8221;<\/li>\n<li>regulowany d\u00f3\u0142 &#8211; stopery i gumo-sznurek<\/li>\n<li>wyko\u0144czenie antypillingowe =nie mechaci si\u0119<\/li>\n<\/ol>\n<p>&nbsp;<\/p>\n<p>&nbsp;<\/p>\n<p style=\"text-align: center;\">Tabela wymiar\u00f3w:<\/p>\n<p>&nbsp;<\/p>\n<table class=\"product-table-size\" style=\"height: 138px;\" width=\"654\" cellpadding=\"0\">\n<tbody>\n<tr>\n<th class=\"cell khaki\" scope=\"row\"><\/th>\n<th class=\"cell khaki\" scope=\"row\"><strong>S<\/strong><\/th>\n<th class=\"cell khaki\" scope=\"row\"><strong>M<\/strong><\/th>\n<th class=\"cell khaki\" scope=\"row\"><strong>L<\/strong><\/th>\n<th class=\"cell khaki\" scope=\"row\"><strong>XL<\/strong><\/th>\n<th class=\"cell khaki\" scope=\"row\"><strong>XXL<\/strong><\/th>\n<th class=\"cell khaki\" scope=\"row\"><strong>3XL<\/strong><\/th>\n<th class=\"cell khaki\" scope=\"row\"><strong>4XL<\/strong><\/th>\n<\/tr>\n<tr>\n<th class=\"cell\" scope=\"row\">D\u0142ugo\u015b\u0107\u00a0 (A)<\/th>\n<th class=\"cell\" scope=\"row\">69<\/th>\n<th class=\"cell\" scope=\"row\">72<\/th>\n<th class=\"cell\" scope=\"row\">75<\/th>\n<th class=\"cell\" scope=\"row\">78<\/th>\n<th class=\"cell\" scope=\"row\">79<\/th>\n<th class=\"cell\" scope=\"row\">80<\/th>\n<th class=\"cell\" scope=\"row\">80<\/th>\n<\/tr>\n<tr>\n<th class=\"cell\" scope=\"row\">Obw\u00f3d od pachy do pachy (B)<\/th>\n<th class=\"cell\" scope=\"row\">106<\/th>\n<th class=\"cell\" scope=\"row\">114<\/th>\n<th class=\"cell\" scope=\"row\">122<\/th>\n<th class=\"cell\" scope=\"row\">128<\/th>\n<th class=\"cell\" scope=\"row\">134<\/th>\n<th class=\"cell\" scope=\"row\">140<\/th>\n<th class=\"cell\" scope=\"row\">146<\/th>\n<\/tr>\n<tr>\n<th class=\"cell\" scope=\"row\">R\u0119kaw (C)<\/th>\n<th class=\"cell\" scope=\"row\">65,5<\/th>\n<th class=\"cell\" scope=\"row\">66<\/th>\n<th class=\"cell\" scope=\"row\">67<\/th>\n<th class=\"cell\" scope=\"row\">67<\/th>\n<th class=\"cell\" scope=\"row\">68<\/th>\n<th class=\"cell\" scope=\"row\">68,5<\/th>\n<th class=\"cell\" scope=\"row\">68,5<\/th>\n<\/tr>\n<\/tbody>\n<\/table>\n<div>\n<div>\n<p style=\"text-align: center;\">Tolerancja do 1 cm<\/p>\n<p><img decoding=\"async\" class=\"aligncenter\" src=\"https:\/\/windrose.com.pl\/userdata\/public\/assets\/\/Przechwytywanie.PNG\" alt=\"\" width=\"250\" height=\"197\" \/><\/p>\n<\/div>\n<\/div>\n","protected":false},"excerpt":{"rendered":"<p>MAESTRO BARANEK HUNTER Polar jest bardzo ciep\u0142y oraz wytrzyma\u0142y, stworzony [&hellip;]<\/p>\n","protected":false},"featured_media":603,"template":"","meta":{"_acf_changed":false},"product_cat":[16,91],"product_tag":[],"class_list":{"0":"post-601","1":"product","2":"type-product","3":"status-publish","4":"has-post-thumbnail","6":"product_cat-odziez","7":"product_cat-polary","9":"first","10":"instock","11":"taxable","12":"shipping-taxable","13":"purchasable","14":"product-type-simple"},"acf":[],"jetpack_sharing_enabled":true,"_links":{"self":[{"href":"https:\/\/dzikus.com.pl\/index.php?rest_route=\/wp\/v2\/product\/601","targetHints":{"allow":["GET"]}}],"collection":[{"href":"https:\/\/dzikus.com.pl\/index.php?rest_route=\/wp\/v2\/product"}],"about":[{"href":"https:\/\/dzikus.com.pl\/index.php?rest_route=\/wp\/v2\/types\/product"}],"wp:featuredmedia":[{"embeddable":true,"href":"https:\/\/dzikus.com.pl\/index.php?rest_route=\/wp\/v2\/media\/603"}],"wp:attachment":[{"href":"https:\/\/dzikus.com.pl\/index.php?rest_route=%2Fwp%2Fv2%2Fmedia&parent=601"}],"wp:term":[{"taxonomy":"product_cat","embeddable":true,"href":"https:\/\/dzikus.com.pl\/index.php?rest_route=%2Fwp%2Fv2%2Fproduct_cat&post=601"},{"taxonomy":"product_tag","embeddable":true,"href":"https:\/\/dzikus.com.pl\/index.php?rest_route=%2Fwp%2Fv2%2Fproduct_tag&post=601"}],"curies":[{"name":"wp","href":"https:\/\/api.w.org\/{rel}","templated":true}]}}