{"id":594,"date":"2024-08-16T18:11:21","date_gmt":"2024-08-16T16:11:21","guid":{"rendered":"https:\/\/dzikus.com.pl\/?post_type=product&#038;p=594"},"modified":"2024-08-16T18:11:21","modified_gmt":"2024-08-16T16:11:21","slug":"maestro-baranek-hunter-kaptur","status":"publish","type":"product","link":"https:\/\/dzikus.com.pl\/?product=maestro-baranek-hunter-kaptur","title":{"rendered":"Maestro Baranek HUNTER kaptur"},"content":{"rendered":"<h2 style=\"text-align: center;\">MAESTRO BARANEK HUNTER KAPTUR<\/h2>\n<p>Polar ten ma od wewn\u0105trz struktur\u0119 &#8222;BARANKA&#8221; jest on mega gruby i przyjemny w u\u017cytkowaniu.<\/p>\n<p>Najcieplejszy Polar\/Kurtka bluza wykonana jest z wysokiej jako\u015bci THERMO polaru o gramaturze 450g\/m2 idealny\u00a0 na niskie temperatury.<\/p>\n<p>Prawa strona milutka w dotyku- materia\u0142 nisko przystrzy\u017cony.<\/p>\n<p>&nbsp;<\/p>\n<p style=\"text-align: center;\"><strong>CHARAKTERYSTYKA:<\/strong><\/p>\n<ol>\n<li>kolor zielony<\/li>\n<li>mocne zamki spiralne<\/li>\n<li>ciep\u0142y kaptur<\/li>\n<li>zamek zapi\u0119ty do ko\u0144ca dzi\u0119ki czemu tworzy st\u00f3jk\u0119 -ochrona szyi przed wiatrem<\/li>\n<li>dwie sko\u015bne kieszenie z zamkami u do\u0142u kurtki, jedna kiesze\u0144 na lewej piersi<\/li>\n<li>r\u0119kawy zako\u0144czone mankietami<\/li>\n<li>haft z logo &#8222;HUNTER&#8221;<\/li>\n<\/ol>\n<p>&nbsp;<\/p>\n<p style=\"text-align: center;\"><strong>Tabela Wymiar\u00f3w:<\/strong><\/p>\n<p>&nbsp;<\/p>\n<table class=\"product-table-size\" style=\"height: 177px;\" width=\"666\" cellpadding=\"0\">\n<tbody>\n<tr>\n<th class=\"cell khaki\" scope=\"row\"><\/th>\n<th class=\"cell khaki\" scope=\"row\"><strong>S<\/strong><\/th>\n<th class=\"cell khaki\" scope=\"row\"><strong>M<\/strong><\/th>\n<th class=\"cell khaki\" scope=\"row\"><strong>L<\/strong><\/th>\n<th class=\"cell khaki\" scope=\"row\"><strong>XL<\/strong><\/th>\n<th class=\"cell khaki\" scope=\"row\"><strong>XXL<\/strong><\/th>\n<th class=\"cell khaki\" scope=\"row\"><strong>3XL<\/strong><\/th>\n<th class=\"cell khaki\" scope=\"row\"><strong>4XL<\/strong><\/th>\n<\/tr>\n<tr>\n<th class=\"cell\" scope=\"row\">D\u0142ugo\u015b\u0107\u00a0 (A)<\/th>\n<th class=\"cell\" scope=\"row\">69<\/th>\n<th class=\"cell\" scope=\"row\">72<\/th>\n<th class=\"cell\" scope=\"row\">75<\/th>\n<th class=\"cell\" scope=\"row\">78<\/th>\n<th class=\"cell\" scope=\"row\">79<\/th>\n<th class=\"cell\" scope=\"row\">80<\/th>\n<th class=\"cell\" scope=\"row\">80<\/th>\n<\/tr>\n<tr>\n<th class=\"cell\" scope=\"row\">Obw\u00f3d od pachy do pachy (B)<\/th>\n<th class=\"cell\" scope=\"row\">106<\/th>\n<th class=\"cell\" scope=\"row\">114<\/th>\n<th class=\"cell\" scope=\"row\">122<\/th>\n<th class=\"cell\" scope=\"row\">128<\/th>\n<th class=\"cell\" scope=\"row\">134<\/th>\n<th class=\"cell\" scope=\"row\">140<\/th>\n<th class=\"cell\" scope=\"row\">146<\/th>\n<\/tr>\n<tr>\n<th class=\"cell\" scope=\"row\">R\u0119kaw (C)<\/th>\n<th class=\"cell\" scope=\"row\">65,5<\/th>\n<th class=\"cell\" scope=\"row\">66<\/th>\n<th class=\"cell\" scope=\"row\">67<\/th>\n<th class=\"cell\" scope=\"row\">67<\/th>\n<th class=\"cell\" scope=\"row\">68<\/th>\n<th class=\"cell\" scope=\"row\">68,5<\/th>\n<th class=\"cell\" scope=\"row\">68,5<\/th>\n<\/tr>\n<\/tbody>\n<\/table>\n<div>\n<div>\n<p style=\"text-align: center;\">Tolerancja do 1 cm<\/p>\n<p>&nbsp;<\/p>\n<p><img decoding=\"async\" class=\"aligncenter\" src=\"https:\/\/windrose.com.pl\/userdata\/public\/assets\/\/Przechwytywanie.PNG\" alt=\"\" width=\"250\" height=\"197\" \/><\/p>\n<\/div>\n<\/div>\n","protected":false},"excerpt":{"rendered":"<p>MAESTRO BARANEK HUNTER KAPTUR Polar ten ma od wewn\u0105trz struktur\u0119 [&hellip;]<\/p>\n","protected":false},"featured_media":595,"template":"","meta":{"_acf_changed":false},"product_cat":[16,91],"product_tag":[],"class_list":{"0":"post-594","1":"product","2":"type-product","3":"status-publish","4":"has-post-thumbnail","6":"product_cat-odziez","7":"product_cat-polary","9":"first","10":"instock","11":"taxable","12":"shipping-taxable","13":"purchasable","14":"product-type-simple"},"acf":[],"jetpack_sharing_enabled":true,"_links":{"self":[{"href":"https:\/\/dzikus.com.pl\/index.php?rest_route=\/wp\/v2\/product\/594","targetHints":{"allow":["GET"]}}],"collection":[{"href":"https:\/\/dzikus.com.pl\/index.php?rest_route=\/wp\/v2\/product"}],"about":[{"href":"https:\/\/dzikus.com.pl\/index.php?rest_route=\/wp\/v2\/types\/product"}],"wp:featuredmedia":[{"embeddable":true,"href":"https:\/\/dzikus.com.pl\/index.php?rest_route=\/wp\/v2\/media\/595"}],"wp:attachment":[{"href":"https:\/\/dzikus.com.pl\/index.php?rest_route=%2Fwp%2Fv2%2Fmedia&parent=594"}],"wp:term":[{"taxonomy":"product_cat","embeddable":true,"href":"https:\/\/dzikus.com.pl\/index.php?rest_route=%2Fwp%2Fv2%2Fproduct_cat&post=594"},{"taxonomy":"product_tag","embeddable":true,"href":"https:\/\/dzikus.com.pl\/index.php?rest_route=%2Fwp%2Fv2%2Fproduct_tag&post=594"}],"curies":[{"name":"wp","href":"https:\/\/api.w.org\/{rel}","templated":true}]}}