{"id":584,"date":"2024-08-16T17:32:35","date_gmt":"2024-08-16T15:32:35","guid":{"rendered":"https:\/\/dzikus.com.pl\/?post_type=product&#038;p=584"},"modified":"2024-08-16T17:32:35","modified_gmt":"2024-08-16T15:32:35","slug":"kurtka-softshell-akman-hunter","status":"publish","type":"product","link":"https:\/\/dzikus.com.pl\/?product=kurtka-softshell-akman-hunter","title":{"rendered":"Kurtka Softshell AKMAN HUNTER"},"content":{"rendered":"<h2 style=\"text-align: center;\">KURTKA SOFTSHELL AKMAN HUNTER<\/h2>\n<p>Akman Hunter jest to kurtka, kt\u00f3ra ma ciekaw\u0105 kolorystyk\u0119 dla wymagaj\u0105cych.<\/p>\n<p>Nadaj\u0105ca si\u0119 do u\u017cytku w terenie jak i na co dzie\u0144.<\/p>\n<p>TR\u00d3J-LAMINAT softshell- chroni przed deszczem, wiatrem oraz utrat\u0105 ciep\u0142a jednocze\u015bnie zapewniaj\u0105c cyrkulacj\u0119 powietrza.<\/p>\n<p>Kurtka jest bardzo funkcjonalna oraz cicha podczas poruszania si\u0119.<\/p>\n<p>Kurtka wyposa\u017cona jest w odpinany i\u00a0 regulowany kaptur.<\/p>\n<p>Doskonale sprawdzi si\u0119 podczas wypraw \u0142owieckich.<\/p>\n<p>&nbsp;<\/p>\n<p style=\"text-align: center;\"><strong>CHARAKTERYSTYKA:<\/strong><\/p>\n<ol>\n<li>materia\u0142 softshell<\/li>\n<li>4 kieszenie na zamek<\/li>\n<li>wysoka st\u00f3jka chroni\u0105ca szyj\u0119<\/li>\n<li>regulowane r\u0119kawy<\/li>\n<li>d\u00f3\u0142 regulowany stoperami<\/li>\n<\/ol>\n<p>&nbsp;<\/p>\n<p style=\"text-align: center;\"><strong>Tabela Wymiar\u00f3w:<\/strong><\/p>\n<p>&nbsp;<\/p>\n<table class=\"product-table-size\" style=\"height: 180px;\" width=\"650\" cellpadding=\"0\">\n<tbody>\n<tr>\n<th class=\"cell\" scope=\"row\">D\u0142ugo\u015b\u0107 z\u00a0przodu (A)<\/th>\n<th class=\"cell\" scope=\"row\">65,5<\/th>\n<th class=\"cell\" scope=\"row\">67<\/th>\n<th class=\"cell\" scope=\"row\">71<\/th>\n<th class=\"cell\" scope=\"row\">74<\/th>\n<th class=\"cell\" scope=\"row\">79<\/th>\n<th class=\"cell\" scope=\"row\">81,5<\/th>\n<th class=\"cell\" scope=\"row\">82<\/th>\n<\/tr>\n<tr>\n<th class=\"cell\" scope=\"row\">D\u0142ugo\u015b\u0107 z ty\u0142u<\/th>\n<th class=\"cell\" scope=\"row\">72,5<\/th>\n<th class=\"cell\" scope=\"row\">74,5<\/th>\n<th class=\"cell\" scope=\"row\">77,5<\/th>\n<th class=\"cell\" scope=\"row\">80<\/th>\n<th class=\"cell\" scope=\"row\">81,5<\/th>\n<th class=\"cell\" scope=\"row\">83,5<\/th>\n<th class=\"cell\" scope=\"row\">84<\/th>\n<\/tr>\n<tr>\n<th class=\"cell\" scope=\"row\">Obw\u00f3d od pachy do pachy (B)<\/th>\n<th class=\"cell\" scope=\"row\">106<\/th>\n<th class=\"cell\" scope=\"row\">112<\/th>\n<th class=\"cell\" scope=\"row\">120<\/th>\n<th class=\"cell\" scope=\"row\">128<\/th>\n<th class=\"cell\" scope=\"row\">136<\/th>\n<th class=\"cell\" scope=\"row\">144<\/th>\n<th class=\"cell\" scope=\"row\">152<\/th>\n<\/tr>\n<tr>\n<th class=\"cell\" scope=\"row\">Obw\u00f3d do\u0142em<\/th>\n<th class=\"cell\" scope=\"row\">104<\/th>\n<th class=\"cell\" scope=\"row\">108<\/th>\n<th class=\"cell\" scope=\"row\">114<\/th>\n<th class=\"cell\" scope=\"row\">122<\/th>\n<th class=\"cell\" scope=\"row\">134<\/th>\n<th class=\"cell\" scope=\"row\">142<\/th>\n<th class=\"cell\" scope=\"row\">150<\/th>\n<\/tr>\n<tr>\n<th class=\"cell\" scope=\"row\">R\u0119kaw (C)<\/th>\n<th class=\"cell\" scope=\"row\">65,5<\/th>\n<th class=\"cell\" scope=\"row\">66,5<\/th>\n<th class=\"cell\" scope=\"row\">68,5<\/th>\n<th class=\"cell\" scope=\"row\">69,5<\/th>\n<th class=\"cell\" scope=\"row\">70<\/th>\n<th class=\"cell\" scope=\"row\">70,5<\/th>\n<th class=\"cell\" scope=\"row\">71<\/th>\n<\/tr>\n<\/tbody>\n<\/table>\n<div>\n<div>\n<p style=\"text-align: center;\">Tolerancja do 1 cm<\/p>\n<p><img decoding=\"async\" class=\"aligncenter\" src=\"https:\/\/windrose.com.pl\/userdata\/public\/assets\/\/Przechwytywanie.PNG\" alt=\"\" width=\"250\" height=\"197\" \/><\/p>\n<\/div>\n<\/div>\n<p>&nbsp;<\/p>\n","protected":false},"excerpt":{"rendered":"<p>KURTKA SOFTSHELL AKMAN HUNTER Akman Hunter jest to kurtka, kt\u00f3ra [&hellip;]<\/p>\n","protected":false},"featured_media":585,"template":"","meta":{"_acf_changed":false},"product_cat":[16,92],"product_tag":[],"class_list":{"0":"post-584","1":"product","2":"type-product","3":"status-publish","4":"has-post-thumbnail","6":"product_cat-odziez","7":"product_cat-kurtki","9":"first","10":"instock","11":"taxable","12":"shipping-taxable","13":"purchasable","14":"product-type-simple"},"acf":[],"jetpack_sharing_enabled":true,"_links":{"self":[{"href":"https:\/\/dzikus.com.pl\/index.php?rest_route=\/wp\/v2\/product\/584","targetHints":{"allow":["GET"]}}],"collection":[{"href":"https:\/\/dzikus.com.pl\/index.php?rest_route=\/wp\/v2\/product"}],"about":[{"href":"https:\/\/dzikus.com.pl\/index.php?rest_route=\/wp\/v2\/types\/product"}],"wp:featuredmedia":[{"embeddable":true,"href":"https:\/\/dzikus.com.pl\/index.php?rest_route=\/wp\/v2\/media\/585"}],"wp:attachment":[{"href":"https:\/\/dzikus.com.pl\/index.php?rest_route=%2Fwp%2Fv2%2Fmedia&parent=584"}],"wp:term":[{"taxonomy":"product_cat","embeddable":true,"href":"https:\/\/dzikus.com.pl\/index.php?rest_route=%2Fwp%2Fv2%2Fproduct_cat&post=584"},{"taxonomy":"product_tag","embeddable":true,"href":"https:\/\/dzikus.com.pl\/index.php?rest_route=%2Fwp%2Fv2%2Fproduct_tag&post=584"}],"curies":[{"name":"wp","href":"https:\/\/api.w.org\/{rel}","templated":true}]}}